{"id":138217,"date":"2025-05-18T22:53:26","date_gmt":"2025-05-18T22:53:26","guid":{"rendered":"https:\/\/staging2.stylingagenten.com\/da\/produkt\/boucheron-jaipur-homme-edp-100ml\/"},"modified":"2026-04-07T08:48:40","modified_gmt":"2026-04-07T08:48:40","slug":"boucheron-jaipur-homme-edp-100ml","status":"publish","type":"product","link":"https:\/\/stylingagenten.com\/da\/produkt\/boucheron-jaipur-homme-edp-100ml\/","title":{"rendered":"Boucheron Jaipur Homme Edp 100ml"},"content":{"rendered":"<p>Boucheron Jaipur Homme EdP<br \/>En duft til banebrydende m\u00e6nd! Ja\u00efpur Homme er en sensuel og moderne, krydret og orientalsk duft. Duften \u00e5bner med friske noter af citron og bergamot efterfulgt af et krydret hjerte, der bl\u00f8dg\u00f8res af en base fuld af intensitet og tr\u00e6agtige noter. Ja\u00efpur Homme-flasken er inspireret af Ja\u00efpurs astronomiske have.<\/p>\n<p>Topnoter: Citron og Bergamot.<br \/>Hjertenoter: Kanel og Muskatn\u00f8d.<br \/>Basenoter: Vanilje og tr\u00e6.<\/p>\n","protected":false},"excerpt":{"rendered":"<p>Boucheron Jaipur Homme EdPEn duft til banebrydende m\u00e6nd! Ja\u00efpur Homme er en sensuel og moderne, krydret og orientalsk duft. Duften \u00e5bner med friske noter af citron og bergamot efterfulgt af et krydret hjerte, der bl\u00f8dg\u00f8res af en base fuld af intensitet og tr\u00e6agtige noter. Ja\u00efpur Homme-flasken er inspireret af Ja\u00efpurs astronomiske have. Topnoter: Citron og [&hellip;]<\/p>\n","protected":false},"featured_media":138214,"comment_status":"open","ping_status":"closed","template":"","meta":{"_trash_the_other_posts":false},"product_brand":[],"product_cat":[708],"product_tag":[],"berocket_brand":[1148],"class_list":{"0":"post-138217","1":"product","2":"type-product","3":"status-publish","4":"has-post-thumbnail","6":"product_cat-eau-de-parfum-gentr","7":"pa_brand-boucheron","8":"berocket_brand-boucheron","10":"first","11":"instock","12":"taxable","13":"shipping-taxable","14":"purchasable","15":"product-type-simple"},"_links":{"self":[{"href":"https:\/\/stylingagenten.com\/da\/wp-json\/wp\/v2\/product\/138217","targetHints":{"allow":["GET"]}}],"collection":[{"href":"https:\/\/stylingagenten.com\/da\/wp-json\/wp\/v2\/product"}],"about":[{"href":"https:\/\/stylingagenten.com\/da\/wp-json\/wp\/v2\/types\/product"}],"replies":[{"embeddable":true,"href":"https:\/\/stylingagenten.com\/da\/wp-json\/wp\/v2\/comments?post=138217"}],"version-history":[{"count":0,"href":"https:\/\/stylingagenten.com\/da\/wp-json\/wp\/v2\/product\/138217\/revisions"}],"wp:featuredmedia":[{"embeddable":true,"href":"https:\/\/stylingagenten.com\/da\/wp-json\/wp\/v2\/media\/138214"}],"wp:attachment":[{"href":"https:\/\/stylingagenten.com\/da\/wp-json\/wp\/v2\/media?parent=138217"}],"wp:term":[{"taxonomy":"product_brand","embeddable":true,"href":"https:\/\/stylingagenten.com\/da\/wp-json\/wp\/v2\/product_brand?post=138217"},{"taxonomy":"product_cat","embeddable":true,"href":"https:\/\/stylingagenten.com\/da\/wp-json\/wp\/v2\/product_cat?post=138217"},{"taxonomy":"product_tag","embeddable":true,"href":"https:\/\/stylingagenten.com\/da\/wp-json\/wp\/v2\/product_tag?post=138217"},{"taxonomy":"berocket_brand","embeddable":true,"href":"https:\/\/stylingagenten.com\/da\/wp-json\/wp\/v2\/berocket_brand?post=138217"}],"curies":[{"name":"wp","href":"https:\/\/api.w.org\/{rel}","templated":true}]}}