{"id":138178,"date":"2025-05-18T22:53:09","date_gmt":"2025-05-18T22:53:09","guid":{"rendered":"https:\/\/staging2.stylingagenten.com\/da\/produkt\/jaguar-classic-black-edt-100ml\/"},"modified":"2026-04-12T12:38:54","modified_gmt":"2026-04-12T12:38:54","slug":"jaguar-classic-black-edt-100ml","status":"publish","type":"product","link":"https:\/\/stylingagenten.com\/da\/produkt\/jaguar-classic-black-edt-100ml\/","title":{"rendered":"Jaguar Classic Black Edt 100ml"},"content":{"rendered":"<p>Jaguar Classic Black er en duft, der passer til alle lejligheder og er et must for den moderne mand.<\/p>\n<p><strong>Duftnoter:<\/strong> mandarin, spr\u00f8de \u00e6bler, kardemomme, sort te, moskus, sandeltr\u00e6, cedertr\u00e6, mos, tonkab\u00f8nner og moskus.<\/p>\n","protected":false},"excerpt":{"rendered":"<p>Jaguar Classic Black er en duft, der passer til alle lejligheder og er et must for den moderne mand. Duftnoter: mandarin, spr\u00f8de \u00e6bler, kardemomme, sort te, moskus, sandeltr\u00e6, cedertr\u00e6, mos, tonkab\u00f8nner og moskus.<\/p>\n","protected":false},"featured_media":138177,"comment_status":"open","ping_status":"closed","template":"","meta":{"_trash_the_other_posts":false},"product_brand":[],"product_cat":[709,899,1006],"product_tag":[],"berocket_brand":[1350],"class_list":{"0":"post-138178","1":"product","2":"type-product","3":"status-publish","4":"has-post-thumbnail","6":"product_cat-eau-de-toilette-mr","7":"product_cat-jaguar-classic","8":"product_cat-kampagnepris","9":"pa_brand-jaguar","10":"berocket_brand-jaguar","12":"first","13":"instock","14":"sale","15":"taxable","16":"shipping-taxable","17":"purchasable","18":"product-type-simple"},"_links":{"self":[{"href":"https:\/\/stylingagenten.com\/da\/wp-json\/wp\/v2\/product\/138178","targetHints":{"allow":["GET"]}}],"collection":[{"href":"https:\/\/stylingagenten.com\/da\/wp-json\/wp\/v2\/product"}],"about":[{"href":"https:\/\/stylingagenten.com\/da\/wp-json\/wp\/v2\/types\/product"}],"replies":[{"embeddable":true,"href":"https:\/\/stylingagenten.com\/da\/wp-json\/wp\/v2\/comments?post=138178"}],"version-history":[{"count":0,"href":"https:\/\/stylingagenten.com\/da\/wp-json\/wp\/v2\/product\/138178\/revisions"}],"wp:featuredmedia":[{"embeddable":true,"href":"https:\/\/stylingagenten.com\/da\/wp-json\/wp\/v2\/media\/138177"}],"wp:attachment":[{"href":"https:\/\/stylingagenten.com\/da\/wp-json\/wp\/v2\/media?parent=138178"}],"wp:term":[{"taxonomy":"product_brand","embeddable":true,"href":"https:\/\/stylingagenten.com\/da\/wp-json\/wp\/v2\/product_brand?post=138178"},{"taxonomy":"product_cat","embeddable":true,"href":"https:\/\/stylingagenten.com\/da\/wp-json\/wp\/v2\/product_cat?post=138178"},{"taxonomy":"product_tag","embeddable":true,"href":"https:\/\/stylingagenten.com\/da\/wp-json\/wp\/v2\/product_tag?post=138178"},{"taxonomy":"berocket_brand","embeddable":true,"href":"https:\/\/stylingagenten.com\/da\/wp-json\/wp\/v2\/berocket_brand?post=138178"}],"curies":[{"name":"wp","href":"https:\/\/api.w.org\/{rel}","templated":true}]}}