{"id":138151,"date":"2025-05-18T22:53:01","date_gmt":"2025-05-18T22:53:01","guid":{"rendered":"https:\/\/staging2.stylingagenten.com\/da\/produkt\/versace-pour-homme-edt-5ml\/"},"modified":"2025-11-19T12:18:18","modified_gmt":"2025-11-19T12:18:18","slug":"versace-pour-homme-edt-5ml","status":"publish","type":"product","link":"https:\/\/stylingagenten.com\/da\/produkt\/versace-pour-homme-edt-5ml\/","title":{"rendered":"Versace Pour Homme Edt 5ml"},"content":{"rendered":"<p>Versace Pour Homme Edt 5ml<br \/>Versace Pour Homme er blevet skabt med en selvsikker og stilfuld mand i tankerne. Manden, der b\u00e6rer denne parfume, er dynamisk og moderne med en st\u00e6rk personlighed. En klassisk herreparfume med n\u00f8je udvalgte ingredienser, der skaber en tidl\u00f8s aromatisk, citrusduft til alle lejligheder.<br \/>Top: Bergamot, Neroli, Citron, Orange Blad<br \/>Hjerte: Geranium, Salvie, Hyacint, Cedertr\u00e6<br \/>Base: Rav, Oud, Moskus, Tonkab\u00f8nne<\/p>\n","protected":false},"excerpt":{"rendered":"<p>Versace Pour Homme Edt 5mlVersace Pour Homme er blevet skabt med en selvsikker og stilfuld mand i tankerne. Manden, der b\u00e6rer denne parfume, er dynamisk og moderne med en st\u00e6rk personlighed. En klassisk herreparfume med n\u00f8je udvalgte ingredienser, der skaber en tidl\u00f8s aromatisk, citrusduft til alle lejligheder.Top: Bergamot, Neroli, Citron, Orange BladHjerte: Geranium, Salvie, Hyacint, [&hellip;]<\/p>\n","protected":false},"featured_media":138147,"comment_status":"open","ping_status":"closed","template":"","meta":{"_trash_the_other_posts":false},"product_brand":[],"product_cat":[709,535],"product_tag":[4051],"berocket_brand":[1083],"class_list":{"0":"post-138151","1":"product","2":"type-product","3":"status-publish","4":"has-post-thumbnail","6":"product_cat-eau-de-toilette-mr","7":"product_cat-parfumeherren","8":"product_tag-versace-pour-homme-edt","9":"pa_brand-versace","10":"pa_variant-5ml","11":"berocket_brand-versace","13":"first","14":"outofstock","15":"sale","16":"taxable","17":"shipping-taxable","18":"purchasable","19":"product-type-simple"},"_links":{"self":[{"href":"https:\/\/stylingagenten.com\/da\/wp-json\/wp\/v2\/product\/138151","targetHints":{"allow":["GET"]}}],"collection":[{"href":"https:\/\/stylingagenten.com\/da\/wp-json\/wp\/v2\/product"}],"about":[{"href":"https:\/\/stylingagenten.com\/da\/wp-json\/wp\/v2\/types\/product"}],"replies":[{"embeddable":true,"href":"https:\/\/stylingagenten.com\/da\/wp-json\/wp\/v2\/comments?post=138151"}],"version-history":[{"count":0,"href":"https:\/\/stylingagenten.com\/da\/wp-json\/wp\/v2\/product\/138151\/revisions"}],"wp:featuredmedia":[{"embeddable":true,"href":"https:\/\/stylingagenten.com\/da\/wp-json\/wp\/v2\/media\/138147"}],"wp:attachment":[{"href":"https:\/\/stylingagenten.com\/da\/wp-json\/wp\/v2\/media?parent=138151"}],"wp:term":[{"taxonomy":"product_brand","embeddable":true,"href":"https:\/\/stylingagenten.com\/da\/wp-json\/wp\/v2\/product_brand?post=138151"},{"taxonomy":"product_cat","embeddable":true,"href":"https:\/\/stylingagenten.com\/da\/wp-json\/wp\/v2\/product_cat?post=138151"},{"taxonomy":"product_tag","embeddable":true,"href":"https:\/\/stylingagenten.com\/da\/wp-json\/wp\/v2\/product_tag?post=138151"},{"taxonomy":"berocket_brand","embeddable":true,"href":"https:\/\/stylingagenten.com\/da\/wp-json\/wp\/v2\/berocket_brand?post=138151"}],"curies":[{"name":"wp","href":"https:\/\/api.w.org\/{rel}","templated":true}]}}