{"id":138098,"date":"2025-05-18T22:52:50","date_gmt":"2025-05-18T22:52:50","guid":{"rendered":"https:\/\/staging2.stylingagenten.com\/da\/produkt\/mountaineer-brand-smokey-bourbon-flex-spray-120ml\/"},"modified":"2026-04-08T15:27:55","modified_gmt":"2026-04-08T15:27:55","slug":"mountaineer-brand-smokey-bourbon-flex-spray-120ml","status":"publish","type":"product","link":"https:\/\/stylingagenten.com\/da\/produkt\/mountaineer-brand-smokey-bourbon-flex-spray-120ml\/","title":{"rendered":"Mountaineer Brand Smokey Bourbon Flex Spray 120ml"},"content":{"rendered":"<p>Mountaineer Brand Smokey Bourbon Flex Spray 120ml<br \/>Mountaineer Brand er f\u00f8rende p\u00e5 markedet, n\u00e5r det kommer til at bringe nye produkter ud. Den seneste tilf\u00f8jelse er Smokey Bourbon Flex Spray, som er blevet enormt popul\u00e6r i USA: er en helt naturlig cologne designet til at blive spr\u00f8jtet p\u00e5 din krop, og hvor som helst du \u00f8nsker at dufte som din yndlings duft fra Mountaineer Brand. Spray det i din bil, p\u00e5 dit t\u00f8j, i din tr\u00e6ningstaske, lagner eller hvor som helst du \u00f8nsker at friske op. B\u00f8j din duft med denne &#8220;fleksible&#8221; spray! Duft: Bourbon, Cypres og Tobak St\u00f8rrelse 120ml<\/p>\n","protected":false},"excerpt":{"rendered":"<p>Mountaineer Brand Smokey Bourbon Flex Spray 120mlMountaineer Brand er f\u00f8rende p\u00e5 markedet, n\u00e5r det kommer til at bringe nye produkter ud. Den seneste tilf\u00f8jelse er Smokey Bourbon Flex Spray, som er blevet enormt popul\u00e6r i USA: er en helt naturlig cologne designet til at blive spr\u00f8jtet p\u00e5 din krop, og hvor som helst du \u00f8nsker [&hellip;]<\/p>\n","protected":false},"featured_media":138097,"comment_status":"open","ping_status":"closed","template":"","meta":{"_trash_the_other_posts":false},"product_brand":[],"product_cat":[710,735,1000],"product_tag":[],"berocket_brand":[1110],"class_list":{"0":"post-138098","1":"product","2":"type-product","3":"status-publish","4":"has-post-thumbnail","6":"product_cat-eau-de-cologne-mister","7":"product_cat-kampagne","8":"product_cat-kampagnetilbud-til-ham","9":"pa_brand-mountaineer-brand","10":"berocket_brand-mountaineer-brand","12":"first","13":"instock","14":"sale","15":"taxable","16":"shipping-taxable","17":"purchasable","18":"product-type-simple"},"_links":{"self":[{"href":"https:\/\/stylingagenten.com\/da\/wp-json\/wp\/v2\/product\/138098","targetHints":{"allow":["GET"]}}],"collection":[{"href":"https:\/\/stylingagenten.com\/da\/wp-json\/wp\/v2\/product"}],"about":[{"href":"https:\/\/stylingagenten.com\/da\/wp-json\/wp\/v2\/types\/product"}],"replies":[{"embeddable":true,"href":"https:\/\/stylingagenten.com\/da\/wp-json\/wp\/v2\/comments?post=138098"}],"version-history":[{"count":0,"href":"https:\/\/stylingagenten.com\/da\/wp-json\/wp\/v2\/product\/138098\/revisions"}],"wp:featuredmedia":[{"embeddable":true,"href":"https:\/\/stylingagenten.com\/da\/wp-json\/wp\/v2\/media\/138097"}],"wp:attachment":[{"href":"https:\/\/stylingagenten.com\/da\/wp-json\/wp\/v2\/media?parent=138098"}],"wp:term":[{"taxonomy":"product_brand","embeddable":true,"href":"https:\/\/stylingagenten.com\/da\/wp-json\/wp\/v2\/product_brand?post=138098"},{"taxonomy":"product_cat","embeddable":true,"href":"https:\/\/stylingagenten.com\/da\/wp-json\/wp\/v2\/product_cat?post=138098"},{"taxonomy":"product_tag","embeddable":true,"href":"https:\/\/stylingagenten.com\/da\/wp-json\/wp\/v2\/product_tag?post=138098"},{"taxonomy":"berocket_brand","embeddable":true,"href":"https:\/\/stylingagenten.com\/da\/wp-json\/wp\/v2\/berocket_brand?post=138098"}],"curies":[{"name":"wp","href":"https:\/\/api.w.org\/{rel}","templated":true}]}}