{"id":138034,"date":"2025-05-18T22:52:38","date_gmt":"2025-05-18T22:52:38","guid":{"rendered":"https:\/\/staging2.stylingagenten.com\/da\/produkt\/sergio-tacchini-pure-black-edt-100ml\/"},"modified":"2026-04-08T15:28:00","modified_gmt":"2026-04-08T15:28:00","slug":"sergio-tacchini-pure-black-edt-100ml","status":"publish","type":"product","link":"https:\/\/stylingagenten.com\/da\/produkt\/sergio-tacchini-pure-black-edt-100ml\/","title":{"rendered":"Sergio Tacchini Pure Black Edt 100ml"},"content":{"rendered":"<p>Sergio Tacchini Pure Black Edt er en livlig, moderne og karismatisk duft designet til en mand med en st\u00e6rk personlighed, der ikke kan lide at g\u00e5 ubem\u00e6rket hen. Pure Black er en dristig og afg\u00f8rende duft, der kombinerer elegancen fra tr\u00e6agtige basisnoter med friskheden af \u200b\u200baromatiske topnoter fra Provence: lavendel, rosmarin, estragon, sagebrush og absint.<br \/>I hjertet resonerer blomster- og tr\u00e6agtige accenter af majest\u00e6tisk bl\u00e5regn. , vetiver og sandeltr\u00e6, kulminerende med sensuelle og varme moskus- og ravnoter i bunden. En duft med et autentisk og sensuelt spor, der ikke g\u00e5r ubem\u00e6rket hen.<\/p>\n","protected":false},"excerpt":{"rendered":"<p>Sergio Tacchini Pure Black Edt er en livlig, moderne og karismatisk duft designet til en mand med en st\u00e6rk personlighed, der ikke kan lide at g\u00e5 ubem\u00e6rket hen. Pure Black er en dristig og afg\u00f8rende duft, der kombinerer elegancen fra tr\u00e6agtige basisnoter med friskheden af \u200b\u200baromatiske topnoter fra Provence: lavendel, rosmarin, estragon, sagebrush og absint.I [&hellip;]<\/p>\n","protected":false},"featured_media":138029,"comment_status":"open","ping_status":"closed","template":"","meta":{"_trash_the_other_posts":false},"product_brand":[],"product_cat":[709,735,1000],"product_tag":[],"berocket_brand":[1130],"class_list":{"0":"post-138034","1":"product","2":"type-product","3":"status-publish","4":"has-post-thumbnail","6":"product_cat-eau-de-toilette-mr","7":"product_cat-kampagne","8":"product_cat-kampagnetilbud-til-ham","9":"pa_brand-sergio-tacchini","10":"berocket_brand-sergio-tacchini","12":"first","13":"outofstock","14":"sale","15":"taxable","16":"shipping-taxable","17":"purchasable","18":"product-type-simple"},"_links":{"self":[{"href":"https:\/\/stylingagenten.com\/da\/wp-json\/wp\/v2\/product\/138034","targetHints":{"allow":["GET"]}}],"collection":[{"href":"https:\/\/stylingagenten.com\/da\/wp-json\/wp\/v2\/product"}],"about":[{"href":"https:\/\/stylingagenten.com\/da\/wp-json\/wp\/v2\/types\/product"}],"replies":[{"embeddable":true,"href":"https:\/\/stylingagenten.com\/da\/wp-json\/wp\/v2\/comments?post=138034"}],"version-history":[{"count":0,"href":"https:\/\/stylingagenten.com\/da\/wp-json\/wp\/v2\/product\/138034\/revisions"}],"wp:featuredmedia":[{"embeddable":true,"href":"https:\/\/stylingagenten.com\/da\/wp-json\/wp\/v2\/media\/138029"}],"wp:attachment":[{"href":"https:\/\/stylingagenten.com\/da\/wp-json\/wp\/v2\/media?parent=138034"}],"wp:term":[{"taxonomy":"product_brand","embeddable":true,"href":"https:\/\/stylingagenten.com\/da\/wp-json\/wp\/v2\/product_brand?post=138034"},{"taxonomy":"product_cat","embeddable":true,"href":"https:\/\/stylingagenten.com\/da\/wp-json\/wp\/v2\/product_cat?post=138034"},{"taxonomy":"product_tag","embeddable":true,"href":"https:\/\/stylingagenten.com\/da\/wp-json\/wp\/v2\/product_tag?post=138034"},{"taxonomy":"berocket_brand","embeddable":true,"href":"https:\/\/stylingagenten.com\/da\/wp-json\/wp\/v2\/berocket_brand?post=138034"}],"curies":[{"name":"wp","href":"https:\/\/api.w.org\/{rel}","templated":true}]}}