{"id":137879,"date":"2025-05-18T22:52:11","date_gmt":"2025-05-18T22:52:11","guid":{"rendered":"https:\/\/staging2.stylingagenten.com\/da\/produkt\/givenchy-gentleman-edt-100ml\/"},"modified":"2026-03-30T13:35:15","modified_gmt":"2026-03-30T13:35:15","slug":"givenchy-gentleman-edt-100ml","status":"publish","type":"product","link":"https:\/\/stylingagenten.com\/da\/produkt\/givenchy-gentleman-edt-100ml\/","title":{"rendered":"Givenchy Gentleman Edt 100ml"},"content":{"rendered":"<p>Gentleman Givenchy, en vanedannende eau de toilette fuld af uimodst\u00e5elig charme. Livlig og karismatisk &#8211; denne parfume hylder manden, der t\u00f8r g\u00f8re det, andre ikke tror p\u00e5, og som v\u00e6lger ikke at f\u00f8lge str\u00f8mmen; en mand, der danser til sin egen takt.<\/p>\n<p>Gentleman er en tr\u00e6agtig-blomsteragtig og orientalsk duft, hvor kontrasterende noter af sort peber og lavendel kombineres og giver plads til duftens blomsterhjerte med iris. I basen findes patchouli og sort vanilje, som omfavner duften og efterlader en bl\u00f8d og sensuel duftspor, der varer l\u00e6nge p\u00e5 huden.<\/p>\n<p>Topnote: P\u00e6re<br \/>\n<br \/>Hjertenote: Orris, Lavendel<br \/>\n<br \/>Basenote: L\u00e6der, Patchouli<\/p>\n<p>100ml<\/p>\n","protected":false},"excerpt":{"rendered":"<p>Gentleman Givenchy, en vanedannende eau de toilette fuld af uimodst\u00e5elig charme. Livlig og karismatisk &#8211; denne parfume hylder manden, der t\u00f8r g\u00f8re det, andre ikke tror p\u00e5, og som v\u00e6lger ikke at f\u00f8lge str\u00f8mmen; en mand, der danser til sin egen takt. Gentleman er en tr\u00e6agtig-blomsteragtig og orientalsk duft, hvor kontrasterende noter af sort peber [&hellip;]<\/p>\n","protected":false},"featured_media":446369,"comment_status":"open","ping_status":"closed","template":"","meta":{"_trash_the_other_posts":false},"product_brand":[],"product_cat":[709,735,1000],"product_tag":[2925],"berocket_brand":[1326],"class_list":{"0":"post-137879","1":"product","2":"type-product","3":"status-publish","4":"has-post-thumbnail","6":"product_cat-eau-de-toilette-mr","7":"product_cat-kampagne","8":"product_cat-kampagnetilbud-til-ham","9":"product_tag-givenchy-gentleman-edt","10":"pa_brand-givenchy","11":"pa_variant-100ml","12":"berocket_brand-givenchy","14":"first","15":"instock","16":"sale","17":"taxable","18":"shipping-taxable","19":"purchasable","20":"product-type-simple"},"_links":{"self":[{"href":"https:\/\/stylingagenten.com\/da\/wp-json\/wp\/v2\/product\/137879","targetHints":{"allow":["GET"]}}],"collection":[{"href":"https:\/\/stylingagenten.com\/da\/wp-json\/wp\/v2\/product"}],"about":[{"href":"https:\/\/stylingagenten.com\/da\/wp-json\/wp\/v2\/types\/product"}],"replies":[{"embeddable":true,"href":"https:\/\/stylingagenten.com\/da\/wp-json\/wp\/v2\/comments?post=137879"}],"version-history":[{"count":0,"href":"https:\/\/stylingagenten.com\/da\/wp-json\/wp\/v2\/product\/137879\/revisions"}],"wp:featuredmedia":[{"embeddable":true,"href":"https:\/\/stylingagenten.com\/da\/wp-json\/wp\/v2\/media\/446369"}],"wp:attachment":[{"href":"https:\/\/stylingagenten.com\/da\/wp-json\/wp\/v2\/media?parent=137879"}],"wp:term":[{"taxonomy":"product_brand","embeddable":true,"href":"https:\/\/stylingagenten.com\/da\/wp-json\/wp\/v2\/product_brand?post=137879"},{"taxonomy":"product_cat","embeddable":true,"href":"https:\/\/stylingagenten.com\/da\/wp-json\/wp\/v2\/product_cat?post=137879"},{"taxonomy":"product_tag","embeddable":true,"href":"https:\/\/stylingagenten.com\/da\/wp-json\/wp\/v2\/product_tag?post=137879"},{"taxonomy":"berocket_brand","embeddable":true,"href":"https:\/\/stylingagenten.com\/da\/wp-json\/wp\/v2\/berocket_brand?post=137879"}],"curies":[{"name":"wp","href":"https:\/\/api.w.org\/{rel}","templated":true}]}}