{"id":137864,"date":"2025-05-18T22:52:09","date_gmt":"2025-05-18T22:52:09","guid":{"rendered":"https:\/\/staging2.stylingagenten.com\/da\/produkt\/burberry-mr-burberry-edt-100ml\/"},"modified":"2026-03-25T09:48:56","modified_gmt":"2026-03-25T09:48:56","slug":"burberry-mr-burberry-edt-100ml","status":"publish","type":"product","link":"https:\/\/stylingagenten.com\/da\/produkt\/burberry-mr-burberry-edt-100ml\/","title":{"rendered":"Burberry Mr Burberry Edt 100ml"},"content":{"rendered":"<p>Burberry Mr. Burberry er en maskulin og sofistikeret duft, der repr\u00e6senterer en mand med kontraster.<\/p>\n<p>Duftnoter: grapefrugt, estragon, kardemomme, birkeblad, muskatolie, cedertr\u00e6, vetiver, guaictr\u00e6 og sandeltr\u00e6.<\/p>\n<p>100ml<\/p>\n","protected":false},"excerpt":{"rendered":"<p>Burberry Mr. Burberry er en maskulin og sofistikeret duft, der repr\u00e6senterer en mand med kontraster. Duftnoter: grapefrugt, estragon, kardemomme, birkeblad, muskatolie, cedertr\u00e6, vetiver, guaictr\u00e6 og sandeltr\u00e6. 100ml<\/p>\n","protected":false},"featured_media":137859,"comment_status":"open","ping_status":"closed","template":"","meta":{"_trash_the_other_posts":false},"product_brand":[],"product_cat":[709,735,1000],"product_tag":[],"berocket_brand":[1017],"class_list":{"0":"post-137864","1":"product","2":"type-product","3":"status-publish","4":"has-post-thumbnail","6":"product_cat-eau-de-toilette-mr","7":"product_cat-kampagne","8":"product_cat-kampagnetilbud-til-ham","9":"pa_brand-burberry","10":"berocket_brand-burberry","12":"first","13":"instock","14":"sale","15":"taxable","16":"shipping-taxable","17":"purchasable","18":"product-type-simple"},"_links":{"self":[{"href":"https:\/\/stylingagenten.com\/da\/wp-json\/wp\/v2\/product\/137864","targetHints":{"allow":["GET"]}}],"collection":[{"href":"https:\/\/stylingagenten.com\/da\/wp-json\/wp\/v2\/product"}],"about":[{"href":"https:\/\/stylingagenten.com\/da\/wp-json\/wp\/v2\/types\/product"}],"replies":[{"embeddable":true,"href":"https:\/\/stylingagenten.com\/da\/wp-json\/wp\/v2\/comments?post=137864"}],"version-history":[{"count":0,"href":"https:\/\/stylingagenten.com\/da\/wp-json\/wp\/v2\/product\/137864\/revisions"}],"wp:featuredmedia":[{"embeddable":true,"href":"https:\/\/stylingagenten.com\/da\/wp-json\/wp\/v2\/media\/137859"}],"wp:attachment":[{"href":"https:\/\/stylingagenten.com\/da\/wp-json\/wp\/v2\/media?parent=137864"}],"wp:term":[{"taxonomy":"product_brand","embeddable":true,"href":"https:\/\/stylingagenten.com\/da\/wp-json\/wp\/v2\/product_brand?post=137864"},{"taxonomy":"product_cat","embeddable":true,"href":"https:\/\/stylingagenten.com\/da\/wp-json\/wp\/v2\/product_cat?post=137864"},{"taxonomy":"product_tag","embeddable":true,"href":"https:\/\/stylingagenten.com\/da\/wp-json\/wp\/v2\/product_tag?post=137864"},{"taxonomy":"berocket_brand","embeddable":true,"href":"https:\/\/stylingagenten.com\/da\/wp-json\/wp\/v2\/berocket_brand?post=137864"}],"curies":[{"name":"wp","href":"https:\/\/api.w.org\/{rel}","templated":true}]}}