{"id":137848,"date":"2025-05-18T22:52:05","date_gmt":"2025-05-18T22:52:05","guid":{"rendered":"https:\/\/staging2.stylingagenten.com\/da\/produkt\/mont-blanc-explorer-edp-30ml\/"},"modified":"2026-04-13T12:10:21","modified_gmt":"2026-04-13T12:10:21","slug":"mont-blanc-explorer-edp-30ml","status":"publish","type":"product","link":"https:\/\/stylingagenten.com\/da\/produkt\/mont-blanc-explorer-edp-30ml\/","title":{"rendered":"Mont Blanc Explorer Edp 30ml"},"content":{"rendered":"<p>Mont Blanc Explorer Edp \u00e5bner med en ren elegance af mousserende italiensk bergamot. Sammen med salvie og pomarose f\u00e5r duften en fin karakter. Et maskulint hjerte af vetiver fra Haiti giver nuancer af let jordagtig og r\u00f8get tone. Kombineret med l\u00e6der og sandeltr\u00e6 giver det duften en vidunderlig karisma. Basen tager os med til Indonesien med skr\u00e6ddersyet patchouli, der giver duften en ikonisk signatur. En rig og fortryllende tr\u00e6struktur med et strejf af tobak. Ambrofix og akigalatr\u00e6 tilf\u00f8jer varme og dybde, hvilket giver os en sensuel og moderne duft med naturlig elegance.<\/p>\n<p>30ml<\/p>\n","protected":false},"excerpt":{"rendered":"<p>Mont Blanc Explorer Edp \u00e5bner med en ren elegance af mousserende italiensk bergamot. Sammen med salvie og pomarose f\u00e5r duften en fin karakter. Et maskulint hjerte af vetiver fra Haiti giver nuancer af let jordagtig og r\u00f8get tone. Kombineret med l\u00e6der og sandeltr\u00e6 giver det duften en vidunderlig karisma. Basen tager os med til Indonesien [&hellip;]<\/p>\n","protected":false},"featured_media":137837,"comment_status":"open","ping_status":"closed","template":"","meta":{"_trash_the_other_posts":false},"product_brand":[],"product_cat":[708,735,1000],"product_tag":[],"berocket_brand":[1079],"class_list":{"0":"post-137848","1":"product","2":"type-product","3":"status-publish","4":"has-post-thumbnail","6":"product_cat-eau-de-parfum-gentr","7":"product_cat-kampagne","8":"product_cat-kampagnetilbud-til-ham","9":"pa_brand-mont-blanc","10":"berocket_brand-mont-blanc","12":"first","13":"instock","14":"sale","15":"taxable","16":"shipping-taxable","17":"purchasable","18":"product-type-simple"},"_links":{"self":[{"href":"https:\/\/stylingagenten.com\/da\/wp-json\/wp\/v2\/product\/137848","targetHints":{"allow":["GET"]}}],"collection":[{"href":"https:\/\/stylingagenten.com\/da\/wp-json\/wp\/v2\/product"}],"about":[{"href":"https:\/\/stylingagenten.com\/da\/wp-json\/wp\/v2\/types\/product"}],"replies":[{"embeddable":true,"href":"https:\/\/stylingagenten.com\/da\/wp-json\/wp\/v2\/comments?post=137848"}],"version-history":[{"count":0,"href":"https:\/\/stylingagenten.com\/da\/wp-json\/wp\/v2\/product\/137848\/revisions"}],"wp:featuredmedia":[{"embeddable":true,"href":"https:\/\/stylingagenten.com\/da\/wp-json\/wp\/v2\/media\/137837"}],"wp:attachment":[{"href":"https:\/\/stylingagenten.com\/da\/wp-json\/wp\/v2\/media?parent=137848"}],"wp:term":[{"taxonomy":"product_brand","embeddable":true,"href":"https:\/\/stylingagenten.com\/da\/wp-json\/wp\/v2\/product_brand?post=137848"},{"taxonomy":"product_cat","embeddable":true,"href":"https:\/\/stylingagenten.com\/da\/wp-json\/wp\/v2\/product_cat?post=137848"},{"taxonomy":"product_tag","embeddable":true,"href":"https:\/\/stylingagenten.com\/da\/wp-json\/wp\/v2\/product_tag?post=137848"},{"taxonomy":"berocket_brand","embeddable":true,"href":"https:\/\/stylingagenten.com\/da\/wp-json\/wp\/v2\/berocket_brand?post=137848"}],"curies":[{"name":"wp","href":"https:\/\/api.w.org\/{rel}","templated":true}]}}