{"id":137814,"date":"2025-05-18T22:51:59","date_gmt":"2025-05-18T22:51:59","guid":{"rendered":"https:\/\/staging2.stylingagenten.com\/da\/produkt\/sergio-tacchini-after-shave-lotion-100ml\/"},"modified":"2026-04-08T15:30:52","modified_gmt":"2026-04-08T15:30:52","slug":"sergio-tacchini-after-shave-lotion-100ml","status":"publish","type":"product","link":"https:\/\/stylingagenten.com\/da\/produkt\/sergio-tacchini-after-shave-lotion-100ml\/","title":{"rendered":"Sergio Tacchini After Shave Lotion 100ml"},"content":{"rendered":"<p>Sergio Tacchini After Shave Lotion begynder med en note af lime, der er forfriskende, opl\u00f8ftende og skaber en f\u00f8lelse af opkvikkende friskhed. Duften komplementeres af den syrlige tone fra bergamot, som bruges i de fleste elegante parfumer. De sidste toner er duftende med en kombination af hvidt cedertr\u00e6 og sandeltr\u00e6, der efterlader et let tr\u00e6agtigt spor.<\/p>\n<p>100ml<\/p>\n","protected":false},"excerpt":{"rendered":"<p>Sergio Tacchini After Shave Lotion begynder med en note af lime, der er forfriskende, opl\u00f8ftende og skaber en f\u00f8lelse af opkvikkende friskhed. Duften komplementeres af den syrlige tone fra bergamot, som bruges i de fleste elegante parfumer. De sidste toner er duftende med en kombination af hvidt cedertr\u00e6 og sandeltr\u00e6, der efterlader et let tr\u00e6agtigt [&hellip;]<\/p>\n","protected":false},"featured_media":137810,"comment_status":"open","ping_status":"closed","template":"","meta":{"_trash_the_other_posts":false},"product_brand":[],"product_cat":[689],"product_tag":[],"berocket_brand":[1130],"class_list":{"0":"post-137814","1":"product","2":"type-product","3":"status-publish","4":"has-post-thumbnail","6":"product_cat-aftershave","7":"pa_brand-sergio-tacchini","8":"berocket_brand-sergio-tacchini","10":"first","11":"outofstock","12":"sale","13":"taxable","14":"shipping-taxable","15":"purchasable","16":"product-type-simple"},"_links":{"self":[{"href":"https:\/\/stylingagenten.com\/da\/wp-json\/wp\/v2\/product\/137814","targetHints":{"allow":["GET"]}}],"collection":[{"href":"https:\/\/stylingagenten.com\/da\/wp-json\/wp\/v2\/product"}],"about":[{"href":"https:\/\/stylingagenten.com\/da\/wp-json\/wp\/v2\/types\/product"}],"replies":[{"embeddable":true,"href":"https:\/\/stylingagenten.com\/da\/wp-json\/wp\/v2\/comments?post=137814"}],"version-history":[{"count":0,"href":"https:\/\/stylingagenten.com\/da\/wp-json\/wp\/v2\/product\/137814\/revisions"}],"wp:featuredmedia":[{"embeddable":true,"href":"https:\/\/stylingagenten.com\/da\/wp-json\/wp\/v2\/media\/137810"}],"wp:attachment":[{"href":"https:\/\/stylingagenten.com\/da\/wp-json\/wp\/v2\/media?parent=137814"}],"wp:term":[{"taxonomy":"product_brand","embeddable":true,"href":"https:\/\/stylingagenten.com\/da\/wp-json\/wp\/v2\/product_brand?post=137814"},{"taxonomy":"product_cat","embeddable":true,"href":"https:\/\/stylingagenten.com\/da\/wp-json\/wp\/v2\/product_cat?post=137814"},{"taxonomy":"product_tag","embeddable":true,"href":"https:\/\/stylingagenten.com\/da\/wp-json\/wp\/v2\/product_tag?post=137814"},{"taxonomy":"berocket_brand","embeddable":true,"href":"https:\/\/stylingagenten.com\/da\/wp-json\/wp\/v2\/berocket_brand?post=137814"}],"curies":[{"name":"wp","href":"https:\/\/api.w.org\/{rel}","templated":true}]}}