{"id":137813,"date":"2025-05-18T22:51:59","date_gmt":"2025-05-18T22:51:59","guid":{"rendered":"https:\/\/staging2.stylingagenten.com\/da\/produkt\/david-beckham-true-instinct-edp-75ml\/"},"modified":"2026-04-12T17:58:35","modified_gmt":"2026-04-12T17:58:35","slug":"david-beckham-true-instinct-edp-75ml","status":"publish","type":"product","link":"https:\/\/stylingagenten.com\/da\/produkt\/david-beckham-true-instinct-edp-75ml\/","title":{"rendered":"David Beckham True Instinct Edp 75ml"},"content":{"rendered":"<p>Herreparfumen David Beckham True Instinct Eau de Parfum hj\u00e6lper dig med at finde din medf\u00f8dte mandlighed, styrke og mod. Duften overrasker med sin maskulinitet og fremh\u00e6ver p\u00e5 perfekt vis din karakter i alle situationer!<\/p>\n<p>Topnoter: Basilikum, Fyr<br \/>\n<br \/>Hjertenoter: Sandeltr\u00e6, Geranium<br \/>\n<br \/>Basnoter: Patchouli, Vetiver, Mose<\/p>\n","protected":false},"excerpt":{"rendered":"<p>Herreparfumen David Beckham True Instinct Eau de Parfum hj\u00e6lper dig med at finde din medf\u00f8dte mandlighed, styrke og mod. Duften overrasker med sin maskulinitet og fremh\u00e6ver p\u00e5 perfekt vis din karakter i alle situationer! Topnoter: Basilikum, Fyr Hjertenoter: Sandeltr\u00e6, Geranium Basnoter: Patchouli, Vetiver, Mose<\/p>\n","protected":false},"featured_media":137802,"comment_status":"open","ping_status":"closed","template":"","meta":{"_trash_the_other_posts":false},"product_brand":[],"product_cat":[708,735,1000],"product_tag":[],"berocket_brand":[1281],"class_list":{"0":"post-137813","1":"product","2":"type-product","3":"status-publish","4":"has-post-thumbnail","6":"product_cat-eau-de-parfum-gentr","7":"product_cat-kampagne","8":"product_cat-kampagnetilbud-til-ham","9":"pa_brand-david-beckham","10":"berocket_brand-david-beckham","12":"first","13":"instock","14":"sale","15":"taxable","16":"shipping-taxable","17":"purchasable","18":"product-type-simple"},"_links":{"self":[{"href":"https:\/\/stylingagenten.com\/da\/wp-json\/wp\/v2\/product\/137813","targetHints":{"allow":["GET"]}}],"collection":[{"href":"https:\/\/stylingagenten.com\/da\/wp-json\/wp\/v2\/product"}],"about":[{"href":"https:\/\/stylingagenten.com\/da\/wp-json\/wp\/v2\/types\/product"}],"replies":[{"embeddable":true,"href":"https:\/\/stylingagenten.com\/da\/wp-json\/wp\/v2\/comments?post=137813"}],"version-history":[{"count":0,"href":"https:\/\/stylingagenten.com\/da\/wp-json\/wp\/v2\/product\/137813\/revisions"}],"wp:featuredmedia":[{"embeddable":true,"href":"https:\/\/stylingagenten.com\/da\/wp-json\/wp\/v2\/media\/137802"}],"wp:attachment":[{"href":"https:\/\/stylingagenten.com\/da\/wp-json\/wp\/v2\/media?parent=137813"}],"wp:term":[{"taxonomy":"product_brand","embeddable":true,"href":"https:\/\/stylingagenten.com\/da\/wp-json\/wp\/v2\/product_brand?post=137813"},{"taxonomy":"product_cat","embeddable":true,"href":"https:\/\/stylingagenten.com\/da\/wp-json\/wp\/v2\/product_cat?post=137813"},{"taxonomy":"product_tag","embeddable":true,"href":"https:\/\/stylingagenten.com\/da\/wp-json\/wp\/v2\/product_tag?post=137813"},{"taxonomy":"berocket_brand","embeddable":true,"href":"https:\/\/stylingagenten.com\/da\/wp-json\/wp\/v2\/berocket_brand?post=137813"}],"curies":[{"name":"wp","href":"https:\/\/api.w.org\/{rel}","templated":true}]}}