{"id":137811,"date":"2025-05-18T22:51:59","date_gmt":"2025-05-18T22:51:59","guid":{"rendered":"https:\/\/staging2.stylingagenten.com\/da\/produkt\/lattafa-hayaati-edp-100ml\/"},"modified":"2026-04-10T10:46:31","modified_gmt":"2026-04-10T10:46:31","slug":"lattafa-hayaati-edp-100ml","status":"publish","type":"product","link":"https:\/\/stylingagenten.com\/da\/produkt\/lattafa-hayaati-edp-100ml\/","title":{"rendered":"Lattafa Hayaati Edp 100ml"},"content":{"rendered":"<p>En ny dag, nye muligheder. Eau de Parfum Lattafa Hayaati frisker sindet op og f\u00e5r dig til at f\u00f8lge dine instinkter. Se frem til daglige eventyr.<\/p>\n<p>Topnoter: \u00c6ble, Bergamot<br \/>Hjertenoter: Kanel, Orientalske tr\u00e6noter<br \/>Basenoter: Musk, Vanilje<\/p>\n<p>100ml<\/p>\n","protected":false},"excerpt":{"rendered":"<p>En ny dag, nye muligheder. Eau de Parfum Lattafa Hayaati frisker sindet op og f\u00e5r dig til at f\u00f8lge dine instinkter. Se frem til daglige eventyr. Topnoter: \u00c6ble, BergamotHjertenoter: Kanel, Orientalske tr\u00e6noterBasenoter: Musk, Vanilje 100ml<\/p>\n","protected":false},"featured_media":137803,"comment_status":"open","ping_status":"closed","template":"","meta":{"_trash_the_other_posts":false},"product_brand":[],"product_cat":[729],"product_tag":[],"berocket_brand":[1414],"class_list":{"0":"post-137811","1":"product","2":"type-product","3":"status-publish","4":"has-post-thumbnail","6":"product_cat-eau-de-parfum-unisex","7":"pa_brand-lattafa","8":"berocket_brand-lattafa","10":"first","11":"instock","12":"sale","13":"taxable","14":"shipping-taxable","15":"purchasable","16":"product-type-simple"},"_links":{"self":[{"href":"https:\/\/stylingagenten.com\/da\/wp-json\/wp\/v2\/product\/137811","targetHints":{"allow":["GET"]}}],"collection":[{"href":"https:\/\/stylingagenten.com\/da\/wp-json\/wp\/v2\/product"}],"about":[{"href":"https:\/\/stylingagenten.com\/da\/wp-json\/wp\/v2\/types\/product"}],"replies":[{"embeddable":true,"href":"https:\/\/stylingagenten.com\/da\/wp-json\/wp\/v2\/comments?post=137811"}],"version-history":[{"count":0,"href":"https:\/\/stylingagenten.com\/da\/wp-json\/wp\/v2\/product\/137811\/revisions"}],"wp:featuredmedia":[{"embeddable":true,"href":"https:\/\/stylingagenten.com\/da\/wp-json\/wp\/v2\/media\/137803"}],"wp:attachment":[{"href":"https:\/\/stylingagenten.com\/da\/wp-json\/wp\/v2\/media?parent=137811"}],"wp:term":[{"taxonomy":"product_brand","embeddable":true,"href":"https:\/\/stylingagenten.com\/da\/wp-json\/wp\/v2\/product_brand?post=137811"},{"taxonomy":"product_cat","embeddable":true,"href":"https:\/\/stylingagenten.com\/da\/wp-json\/wp\/v2\/product_cat?post=137811"},{"taxonomy":"product_tag","embeddable":true,"href":"https:\/\/stylingagenten.com\/da\/wp-json\/wp\/v2\/product_tag?post=137811"},{"taxonomy":"berocket_brand","embeddable":true,"href":"https:\/\/stylingagenten.com\/da\/wp-json\/wp\/v2\/berocket_brand?post=137811"}],"curies":[{"name":"wp","href":"https:\/\/api.w.org\/{rel}","templated":true}]}}