{"id":137680,"date":"2025-05-18T22:51:37","date_gmt":"2025-05-18T22:51:37","guid":{"rendered":"https:\/\/staging2.stylingagenten.com\/da\/produkt\/juicy-couture-i-am-juicy-couture-edp-100ml\/"},"modified":"2026-04-13T00:38:29","modified_gmt":"2026-04-13T00:38:29","slug":"juicy-couture-i-am-juicy-couture-edp-100ml","status":"publish","type":"product","link":"https:\/\/stylingagenten.com\/da\/produkt\/juicy-couture-i-am-juicy-couture-edp-100ml\/","title":{"rendered":"Juicy Couture I Am Juicy Couture Edp 100ml"},"content":{"rendered":"<p>Juicy Couture I Am Juicy Couture er en dyb og sofistikeret parfume, der \u00e5bner med en kombination af saftige, modne frugter. Duften s\u00e6tter sig langsomt i en blanding af sensuel gardenia og en dragende duft af kashmirtr\u00e6.<\/p>\n<p><strong>Duftnoter:<\/strong> hindb\u00e6r, grapefrugt, passionsfrugt, gardenia, heliotrop, kanelrose, duft, moskus, varme skove &amp; amp; ambra.<\/p>\n","protected":false},"excerpt":{"rendered":"<p>Juicy Couture I Am Juicy Couture er en dyb og sofistikeret parfume, der \u00e5bner med en kombination af saftige, modne frugter. Duften s\u00e6tter sig langsomt i en blanding af sensuel gardenia og en dragende duft af kashmirtr\u00e6. Duftnoter: hindb\u00e6r, grapefrugt, passionsfrugt, gardenia, heliotrop, kanelrose, duft, moskus, varme skove &amp; amp; ambra.<\/p>\n","protected":false},"featured_media":137673,"comment_status":"open","ping_status":"closed","template":"","meta":{"_trash_the_other_posts":false},"product_brand":[],"product_cat":[1003,706,916,735,1006,999],"product_tag":[3083],"berocket_brand":[1067],"class_list":{"0":"post-137680","1":"product","2":"type-product","3":"status-publish","4":"has-post-thumbnail","6":"product_cat-bestsellere","7":"product_cat-eau-de-parfum-dame","8":"product_cat-juicy-couture-i-am-juicy","9":"product_cat-kampagne","10":"product_cat-kampagnepris","11":"product_cat-kampagnetilbud-til-hende","12":"product_tag-juicy-couture-i-am-juicy-couture-edp","13":"pa_brand-juicy-couture","14":"pa_variant-100ml","15":"berocket_brand-juicy-couture","17":"first","18":"outofstock","19":"sale","20":"taxable","21":"shipping-taxable","22":"purchasable","23":"product-type-simple"},"_links":{"self":[{"href":"https:\/\/stylingagenten.com\/da\/wp-json\/wp\/v2\/product\/137680","targetHints":{"allow":["GET"]}}],"collection":[{"href":"https:\/\/stylingagenten.com\/da\/wp-json\/wp\/v2\/product"}],"about":[{"href":"https:\/\/stylingagenten.com\/da\/wp-json\/wp\/v2\/types\/product"}],"replies":[{"embeddable":true,"href":"https:\/\/stylingagenten.com\/da\/wp-json\/wp\/v2\/comments?post=137680"}],"version-history":[{"count":0,"href":"https:\/\/stylingagenten.com\/da\/wp-json\/wp\/v2\/product\/137680\/revisions"}],"wp:featuredmedia":[{"embeddable":true,"href":"https:\/\/stylingagenten.com\/da\/wp-json\/wp\/v2\/media\/137673"}],"wp:attachment":[{"href":"https:\/\/stylingagenten.com\/da\/wp-json\/wp\/v2\/media?parent=137680"}],"wp:term":[{"taxonomy":"product_brand","embeddable":true,"href":"https:\/\/stylingagenten.com\/da\/wp-json\/wp\/v2\/product_brand?post=137680"},{"taxonomy":"product_cat","embeddable":true,"href":"https:\/\/stylingagenten.com\/da\/wp-json\/wp\/v2\/product_cat?post=137680"},{"taxonomy":"product_tag","embeddable":true,"href":"https:\/\/stylingagenten.com\/da\/wp-json\/wp\/v2\/product_tag?post=137680"},{"taxonomy":"berocket_brand","embeddable":true,"href":"https:\/\/stylingagenten.com\/da\/wp-json\/wp\/v2\/berocket_brand?post=137680"}],"curies":[{"name":"wp","href":"https:\/\/api.w.org\/{rel}","templated":true}]}}