{"id":137674,"date":"2025-05-18T22:51:36","date_gmt":"2025-05-18T22:51:36","guid":{"rendered":"https:\/\/staging2.stylingagenten.com\/da\/produkt\/marc-jacobs-daisy-dream-edt-50ml\/"},"modified":"2026-04-09T10:38:41","modified_gmt":"2026-04-09T10:38:41","slug":"marc-jacobs-daisy-dream-edt-50ml","status":"publish","type":"product","link":"https:\/\/stylingagenten.com\/da\/produkt\/marc-jacobs-daisy-dream-edt-50ml\/","title":{"rendered":"Marc Jacobs Daisy Dream Edt 50ml"},"content":{"rendered":"<p>Marc Jacobs Daisy Dream er en frugtig og blomstret duft, der passer til den sofistikerede og elegante kvinde.<\/p>\n<p><strong>Duftnoter:<\/strong> p\u00e6re, grapefrugt, p\u00e6re, jasmin, litchi, bl\u00e5 regn, hvidt tr\u00e6, moskus &amp; kokosvand.<\/p>\n","protected":false},"excerpt":{"rendered":"<p>Marc Jacobs Daisy Dream er en frugtig og blomstret duft, der passer til den sofistikerede og elegante kvinde. Duftnoter: p\u00e6re, grapefrugt, p\u00e6re, jasmin, litchi, bl\u00e5 regn, hvidt tr\u00e6, moskus &amp; kokosvand.<\/p>\n","protected":false},"featured_media":137671,"comment_status":"open","ping_status":"closed","template":"","meta":{"_trash_the_other_posts":false},"product_brand":[],"product_cat":[707,735,1006,999,959],"product_tag":[3380],"berocket_brand":[1069],"class_list":{"0":"post-137674","1":"product","2":"type-product","3":"status-publish","4":"has-post-thumbnail","6":"product_cat-eau-de-toilette-dame","7":"product_cat-kampagne","8":"product_cat-kampagnepris","9":"product_cat-kampagnetilbud-til-hende","10":"product_cat-marc-jacobs-daisy","11":"product_tag-marc-jacobs-daisy-dream-edt","12":"pa_brand-marc-jacobs","13":"pa_variant-50ml","14":"berocket_brand-marc-jacobs","16":"first","17":"instock","18":"sale","19":"taxable","20":"shipping-taxable","21":"purchasable","22":"product-type-simple"},"_links":{"self":[{"href":"https:\/\/stylingagenten.com\/da\/wp-json\/wp\/v2\/product\/137674","targetHints":{"allow":["GET"]}}],"collection":[{"href":"https:\/\/stylingagenten.com\/da\/wp-json\/wp\/v2\/product"}],"about":[{"href":"https:\/\/stylingagenten.com\/da\/wp-json\/wp\/v2\/types\/product"}],"replies":[{"embeddable":true,"href":"https:\/\/stylingagenten.com\/da\/wp-json\/wp\/v2\/comments?post=137674"}],"version-history":[{"count":0,"href":"https:\/\/stylingagenten.com\/da\/wp-json\/wp\/v2\/product\/137674\/revisions"}],"wp:featuredmedia":[{"embeddable":true,"href":"https:\/\/stylingagenten.com\/da\/wp-json\/wp\/v2\/media\/137671"}],"wp:attachment":[{"href":"https:\/\/stylingagenten.com\/da\/wp-json\/wp\/v2\/media?parent=137674"}],"wp:term":[{"taxonomy":"product_brand","embeddable":true,"href":"https:\/\/stylingagenten.com\/da\/wp-json\/wp\/v2\/product_brand?post=137674"},{"taxonomy":"product_cat","embeddable":true,"href":"https:\/\/stylingagenten.com\/da\/wp-json\/wp\/v2\/product_cat?post=137674"},{"taxonomy":"product_tag","embeddable":true,"href":"https:\/\/stylingagenten.com\/da\/wp-json\/wp\/v2\/product_tag?post=137674"},{"taxonomy":"berocket_brand","embeddable":true,"href":"https:\/\/stylingagenten.com\/da\/wp-json\/wp\/v2\/berocket_brand?post=137674"}],"curies":[{"name":"wp","href":"https:\/\/api.w.org\/{rel}","templated":true}]}}