{"id":137670,"date":"2025-05-18T22:51:35","date_gmt":"2025-05-18T22:51:35","guid":{"rendered":"https:\/\/staging2.stylingagenten.com\/da\/produkt\/hugo-boss-the-scent-for-her-edp-50ml\/"},"modified":"2026-03-19T15:27:32","modified_gmt":"2026-03-19T15:27:32","slug":"hugo-boss-the-scent-for-her-edp-50ml","status":"publish","type":"product","link":"https:\/\/stylingagenten.com\/da\/produkt\/hugo-boss-the-scent-for-her-edp-50ml\/","title":{"rendered":"Hugo Boss The Scent For Her Edp 50ml"},"content":{"rendered":"<p>Hugo Boss The Scent For Her er en luksuri\u00f8s og sensuel duft, der udstr\u00e5ler eksklusiv kvindelig elegance og varme. Med en uimodst\u00e5elig og kraftfuld kombination af ingredienser afspejler duften det fantastiske samspil mellem to mennesker, der tr\u00e6kkes t\u00e6ttere og t\u00e6ttere p\u00e5 hinanden.<\/p>\n<p><strong>Duftnoter:<\/strong> fresia, fersken, osmanthus &amp; ristet kakao.<\/p>\n","protected":false},"excerpt":{"rendered":"<p>Hugo Boss The Scent For Her er en luksuri\u00f8s og sensuel duft, der udstr\u00e5ler eksklusiv kvindelig elegance og varme. Med en uimodst\u00e5elig og kraftfuld kombination af ingredienser afspejler duften det fantastiske samspil mellem to mennesker, der tr\u00e6kkes t\u00e6ttere og t\u00e6ttere p\u00e5 hinanden. Duftnoter: fresia, fersken, osmanthus &amp; ristet kakao.<\/p>\n","protected":false},"featured_media":137665,"comment_status":"open","ping_status":"closed","template":"","meta":{"_trash_the_other_posts":false},"product_brand":[],"product_cat":[1003,706,756],"product_tag":[3001],"berocket_brand":[1339],"class_list":{"0":"post-137670","1":"product","2":"type-product","3":"status-publish","4":"has-post-thumbnail","6":"product_cat-bestsellere","7":"product_cat-eau-de-parfum-dame","8":"product_cat-hugo-boss-the-scent","9":"product_tag-hugo-boss-the-scent-for-her-edp","10":"pa_brand-hugo-boss","11":"pa_variant-50ml","12":"berocket_brand-hugo-boss","14":"first","15":"outofstock","16":"sale","17":"taxable","18":"shipping-taxable","19":"purchasable","20":"product-type-simple"},"_links":{"self":[{"href":"https:\/\/stylingagenten.com\/da\/wp-json\/wp\/v2\/product\/137670","targetHints":{"allow":["GET"]}}],"collection":[{"href":"https:\/\/stylingagenten.com\/da\/wp-json\/wp\/v2\/product"}],"about":[{"href":"https:\/\/stylingagenten.com\/da\/wp-json\/wp\/v2\/types\/product"}],"replies":[{"embeddable":true,"href":"https:\/\/stylingagenten.com\/da\/wp-json\/wp\/v2\/comments?post=137670"}],"version-history":[{"count":0,"href":"https:\/\/stylingagenten.com\/da\/wp-json\/wp\/v2\/product\/137670\/revisions"}],"wp:featuredmedia":[{"embeddable":true,"href":"https:\/\/stylingagenten.com\/da\/wp-json\/wp\/v2\/media\/137665"}],"wp:attachment":[{"href":"https:\/\/stylingagenten.com\/da\/wp-json\/wp\/v2\/media?parent=137670"}],"wp:term":[{"taxonomy":"product_brand","embeddable":true,"href":"https:\/\/stylingagenten.com\/da\/wp-json\/wp\/v2\/product_brand?post=137670"},{"taxonomy":"product_cat","embeddable":true,"href":"https:\/\/stylingagenten.com\/da\/wp-json\/wp\/v2\/product_cat?post=137670"},{"taxonomy":"product_tag","embeddable":true,"href":"https:\/\/stylingagenten.com\/da\/wp-json\/wp\/v2\/product_tag?post=137670"},{"taxonomy":"berocket_brand","embeddable":true,"href":"https:\/\/stylingagenten.com\/da\/wp-json\/wp\/v2\/berocket_brand?post=137670"}],"curies":[{"name":"wp","href":"https:\/\/api.w.org\/{rel}","templated":true}]}}