{"id":137663,"date":"2025-05-18T22:51:34","date_gmt":"2025-05-18T22:51:34","guid":{"rendered":"https:\/\/staging2.stylingagenten.com\/da\/produkt\/burberry-london-for-women-edp-100ml\/"},"modified":"2026-04-13T12:08:09","modified_gmt":"2026-04-13T12:08:09","slug":"burberry-london-for-women-edp-100ml","status":"publish","type":"product","link":"https:\/\/stylingagenten.com\/da\/produkt\/burberry-london-for-women-edp-100ml\/","title":{"rendered":"Burberry London For Women Edp 100ml"},"content":{"rendered":"<p>Burberry London For Women er en varm og sensuel parfume med hints af kaprifolier, clementin og patchouli. En bl\u00f8d og orientalsk duft, der skiller sig ud fra m\u00e6ngden.<\/p>\n<p><strong>Duftnoter:<\/strong> clementin, kaprifolier, engelsk rose, diademblomst, jasmin, p\u00e6on, sandeltr\u00e6, moskus &amp; patchouli.<\/p>\n","protected":false},"excerpt":{"rendered":"<p>Burberry London For Women er en varm og sensuel parfume med hints af kaprifolier, clementin og patchouli. En bl\u00f8d og orientalsk duft, der skiller sig ud fra m\u00e6ngden. Duftnoter: clementin, kaprifolier, engelsk rose, diademblomst, jasmin, p\u00e6on, sandeltr\u00e6, moskus &amp; patchouli.<\/p>\n","protected":false},"featured_media":137659,"comment_status":"open","ping_status":"closed","template":"","meta":{"_trash_the_other_posts":false},"product_brand":[],"product_cat":[706,1006],"product_tag":[2607],"berocket_brand":[1017],"class_list":{"0":"post-137663","1":"product","2":"type-product","3":"status-publish","4":"has-post-thumbnail","6":"product_cat-eau-de-parfum-dame","7":"product_cat-kampagnepris","8":"product_tag-burberry-london-for-women-edp","9":"pa_brand-burberry","10":"pa_variant-100ml","11":"berocket_brand-burberry","13":"first","14":"instock","15":"sale","16":"taxable","17":"shipping-taxable","18":"purchasable","19":"product-type-simple"},"_links":{"self":[{"href":"https:\/\/stylingagenten.com\/da\/wp-json\/wp\/v2\/product\/137663","targetHints":{"allow":["GET"]}}],"collection":[{"href":"https:\/\/stylingagenten.com\/da\/wp-json\/wp\/v2\/product"}],"about":[{"href":"https:\/\/stylingagenten.com\/da\/wp-json\/wp\/v2\/types\/product"}],"replies":[{"embeddable":true,"href":"https:\/\/stylingagenten.com\/da\/wp-json\/wp\/v2\/comments?post=137663"}],"version-history":[{"count":0,"href":"https:\/\/stylingagenten.com\/da\/wp-json\/wp\/v2\/product\/137663\/revisions"}],"wp:featuredmedia":[{"embeddable":true,"href":"https:\/\/stylingagenten.com\/da\/wp-json\/wp\/v2\/media\/137659"}],"wp:attachment":[{"href":"https:\/\/stylingagenten.com\/da\/wp-json\/wp\/v2\/media?parent=137663"}],"wp:term":[{"taxonomy":"product_brand","embeddable":true,"href":"https:\/\/stylingagenten.com\/da\/wp-json\/wp\/v2\/product_brand?post=137663"},{"taxonomy":"product_cat","embeddable":true,"href":"https:\/\/stylingagenten.com\/da\/wp-json\/wp\/v2\/product_cat?post=137663"},{"taxonomy":"product_tag","embeddable":true,"href":"https:\/\/stylingagenten.com\/da\/wp-json\/wp\/v2\/product_tag?post=137663"},{"taxonomy":"berocket_brand","embeddable":true,"href":"https:\/\/stylingagenten.com\/da\/wp-json\/wp\/v2\/berocket_brand?post=137663"}],"curies":[{"name":"wp","href":"https:\/\/api.w.org\/{rel}","templated":true}]}}