{"id":137647,"date":"2025-05-18T22:51:31","date_gmt":"2025-05-18T22:51:31","guid":{"rendered":"https:\/\/staging2.stylingagenten.com\/da\/produkt\/burberry-weekend-edp-100ml\/"},"modified":"2026-04-13T04:18:29","modified_gmt":"2026-04-13T04:18:29","slug":"burberry-weekend-edp-100ml","status":"publish","type":"product","link":"https:\/\/stylingagenten.com\/da\/produkt\/burberry-weekend-edp-100ml\/","title":{"rendered":"Burberry Weekend Edp 100ml"},"content":{"rendered":"<p>Burberry Weekend er en blomstret og frisk parfume med dufte inspireret af det engelske landskab.<\/p>\n<p><strong>Duftnoter:&nbsp;<\/strong>Tangerine, vild rose, cedertr\u00e6, saft, r\u00f8d cyclamen , sandeltr\u00e6, reseda-plante, ferskenblomster, iris, moskus, blomsterhyacint og nektar.<\/p>\n","protected":false},"excerpt":{"rendered":"<p>Burberry Weekend er en blomstret og frisk parfume med dufte inspireret af det engelske landskab. Duftnoter:&nbsp;Tangerine, vild rose, cedertr\u00e6, saft, r\u00f8d cyclamen , sandeltr\u00e6, reseda-plante, ferskenblomster, iris, moskus, blomsterhyacint og nektar.<\/p>\n","protected":false},"featured_media":137639,"comment_status":"open","ping_status":"closed","template":"","meta":{"_trash_the_other_posts":false},"product_brand":[],"product_cat":[1003,781,706,735,1006,999],"product_tag":[2617],"berocket_brand":[1017],"class_list":{"0":"post-137647","1":"product","2":"type-product","3":"status-publish","4":"has-post-thumbnail","6":"product_cat-bestsellere","7":"product_cat-burberry-weekend","8":"product_cat-eau-de-parfum-dame","9":"product_cat-kampagne","10":"product_cat-kampagnepris","11":"product_cat-kampagnetilbud-til-hende","12":"product_tag-burberry-weekend-edp","13":"pa_brand-burberry","14":"pa_variant-100ml","15":"berocket_brand-burberry","17":"first","18":"instock","19":"sale","20":"taxable","21":"shipping-taxable","22":"purchasable","23":"product-type-simple"},"_links":{"self":[{"href":"https:\/\/stylingagenten.com\/da\/wp-json\/wp\/v2\/product\/137647","targetHints":{"allow":["GET"]}}],"collection":[{"href":"https:\/\/stylingagenten.com\/da\/wp-json\/wp\/v2\/product"}],"about":[{"href":"https:\/\/stylingagenten.com\/da\/wp-json\/wp\/v2\/types\/product"}],"replies":[{"embeddable":true,"href":"https:\/\/stylingagenten.com\/da\/wp-json\/wp\/v2\/comments?post=137647"}],"version-history":[{"count":0,"href":"https:\/\/stylingagenten.com\/da\/wp-json\/wp\/v2\/product\/137647\/revisions"}],"wp:featuredmedia":[{"embeddable":true,"href":"https:\/\/stylingagenten.com\/da\/wp-json\/wp\/v2\/media\/137639"}],"wp:attachment":[{"href":"https:\/\/stylingagenten.com\/da\/wp-json\/wp\/v2\/media?parent=137647"}],"wp:term":[{"taxonomy":"product_brand","embeddable":true,"href":"https:\/\/stylingagenten.com\/da\/wp-json\/wp\/v2\/product_brand?post=137647"},{"taxonomy":"product_cat","embeddable":true,"href":"https:\/\/stylingagenten.com\/da\/wp-json\/wp\/v2\/product_cat?post=137647"},{"taxonomy":"product_tag","embeddable":true,"href":"https:\/\/stylingagenten.com\/da\/wp-json\/wp\/v2\/product_tag?post=137647"},{"taxonomy":"berocket_brand","embeddable":true,"href":"https:\/\/stylingagenten.com\/da\/wp-json\/wp\/v2\/berocket_brand?post=137647"}],"curies":[{"name":"wp","href":"https:\/\/api.w.org\/{rel}","templated":true}]}}