{"id":137642,"date":"2025-05-18T22:51:31","date_gmt":"2025-05-18T22:51:31","guid":{"rendered":"https:\/\/staging2.stylingagenten.com\/da\/produkt\/lancome-tresor-midnight-rose-edp-50ml\/"},"modified":"2026-04-06T09:47:42","modified_gmt":"2026-04-06T09:47:42","slug":"lancome-tresor-midnight-rose-edp-50ml","status":"publish","type":"product","link":"https:\/\/stylingagenten.com\/da\/produkt\/lancome-tresor-midnight-rose-edp-50ml\/","title":{"rendered":"Lancome Tresor Midnight Rose Edp 50ml"},"content":{"rendered":"<p>Lancome Tresor Midnight Rose er en sprudlende, sensuel og magisk duft, der repr\u00e6senterer skuespillet, der finder sted i k\u00e6rlighedens f\u00f8rste fase, n\u00e5r k\u00e6rligheden endnu ikke er ude.<\/p>\n<p><strong>Duftnoter: <\/strong> sorte druer, hindb\u00e6r, rose, jasmin, vanilje, cedertr\u00e6; &amp; moskus.<\/p>\n","protected":false},"excerpt":{"rendered":"<p>Lancome Tresor Midnight Rose er en sprudlende, sensuel og magisk duft, der repr\u00e6senterer skuespillet, der finder sted i k\u00e6rlighedens f\u00f8rste fase, n\u00e5r k\u00e6rligheden endnu ikke er ude. Duftnoter: sorte druer, hindb\u00e6r, rose, jasmin, vanilje, cedertr\u00e6; &amp; moskus.<\/p>\n","protected":false},"featured_media":137640,"comment_status":"open","ping_status":"closed","template":"","meta":{"_trash_the_other_posts":false},"product_brand":[],"product_cat":[706,735,1006,999,945],"product_tag":[3193],"berocket_brand":[1128],"class_list":{"0":"post-137642","1":"product","2":"type-product","3":"status-publish","4":"has-post-thumbnail","6":"product_cat-eau-de-parfum-dame","7":"product_cat-kampagne","8":"product_cat-kampagnepris","9":"product_cat-kampagnetilbud-til-hende","10":"product_cat-lancome-tresor","11":"product_tag-lancome-tresor-midnight-rose-edp","12":"pa_brand-lancome","13":"pa_variant-50ml","14":"berocket_brand-lancome","16":"first","17":"instock","18":"sale","19":"taxable","20":"shipping-taxable","21":"purchasable","22":"product-type-simple"},"_links":{"self":[{"href":"https:\/\/stylingagenten.com\/da\/wp-json\/wp\/v2\/product\/137642","targetHints":{"allow":["GET"]}}],"collection":[{"href":"https:\/\/stylingagenten.com\/da\/wp-json\/wp\/v2\/product"}],"about":[{"href":"https:\/\/stylingagenten.com\/da\/wp-json\/wp\/v2\/types\/product"}],"replies":[{"embeddable":true,"href":"https:\/\/stylingagenten.com\/da\/wp-json\/wp\/v2\/comments?post=137642"}],"version-history":[{"count":0,"href":"https:\/\/stylingagenten.com\/da\/wp-json\/wp\/v2\/product\/137642\/revisions"}],"wp:featuredmedia":[{"embeddable":true,"href":"https:\/\/stylingagenten.com\/da\/wp-json\/wp\/v2\/media\/137640"}],"wp:attachment":[{"href":"https:\/\/stylingagenten.com\/da\/wp-json\/wp\/v2\/media?parent=137642"}],"wp:term":[{"taxonomy":"product_brand","embeddable":true,"href":"https:\/\/stylingagenten.com\/da\/wp-json\/wp\/v2\/product_brand?post=137642"},{"taxonomy":"product_cat","embeddable":true,"href":"https:\/\/stylingagenten.com\/da\/wp-json\/wp\/v2\/product_cat?post=137642"},{"taxonomy":"product_tag","embeddable":true,"href":"https:\/\/stylingagenten.com\/da\/wp-json\/wp\/v2\/product_tag?post=137642"},{"taxonomy":"berocket_brand","embeddable":true,"href":"https:\/\/stylingagenten.com\/da\/wp-json\/wp\/v2\/berocket_brand?post=137642"}],"curies":[{"name":"wp","href":"https:\/\/api.w.org\/{rel}","templated":true}]}}