{"id":137616,"date":"2025-05-18T22:51:26","date_gmt":"2025-05-18T22:51:26","guid":{"rendered":"https:\/\/staging2.stylingagenten.com\/da\/produkt\/antonio-banderas-her-secret-temptation-edt-50ml\/"},"modified":"2025-11-19T10:58:58","modified_gmt":"2025-11-19T10:58:58","slug":"antonio-banderas-her-secret-temptation-edt-50ml","status":"publish","type":"product","link":"https:\/\/stylingagenten.com\/da\/produkt\/antonio-banderas-her-secret-temptation-edt-50ml\/","title":{"rendered":"Antonio Banderas Her Secret Temptation Edt 50ml"},"content":{"rendered":"<p style='margin-top:0cm;margin-right:0cm;margin-bottom:8.0pt;margin-left:0cm;font-size:15px;font-family:\"Calibri\",sans-serif'> En invitation til at give efter for dine mest hemmelige \u00f8nsker. En rejse til en skjult verden af \u200b\u200bsensualitet og tiltr\u00e6kning. Er du klar til at pr\u00f8ve det?<\/p>\n<p style='margin: 0cm 0cm 8pt;font-family: \"Calibri\", sans-serif'>Topnoter: Citrus, Bergamot, Appelsin, Fersken, R\u00f8d Peber<br \/>Hovednoter: Appelsinblomst, Iris, Sambac Jasmin<br \/>Basenoter: Cedertr\u00e6, Vanilje , Rav, moskus<\/p>\n","protected":false},"excerpt":{"rendered":"<p>En invitation til at give efter for dine mest hemmelige \u00f8nsker. En rejse til en skjult verden af \u200b\u200bsensualitet og tiltr\u00e6kning. Er du klar til at pr\u00f8ve det? Topnoter: Citrus, Bergamot, Appelsin, Fersken, R\u00f8d PeberHovednoter: Appelsinblomst, Iris, Sambac JasminBasenoter: Cedertr\u00e6, Vanilje , Rav, moskus<\/p>\n","protected":false},"featured_media":137609,"comment_status":"open","ping_status":"closed","template":"","meta":{"_trash_the_other_posts":false},"product_brand":[],"product_cat":[1003,707],"product_tag":[2377],"berocket_brand":[1072],"class_list":{"0":"post-137616","1":"product","2":"type-product","3":"status-publish","4":"has-post-thumbnail","6":"product_cat-bestsellere","7":"product_cat-eau-de-toilette-dame","8":"product_tag-antonio-banderas-her-secret-temptation-edt","9":"pa_brand-antonio-banderas","10":"pa_variant-50ml","11":"berocket_brand-antonio-banderas","13":"first","14":"outofstock","15":"sale","16":"taxable","17":"shipping-taxable","18":"purchasable","19":"product-type-simple"},"_links":{"self":[{"href":"https:\/\/stylingagenten.com\/da\/wp-json\/wp\/v2\/product\/137616","targetHints":{"allow":["GET"]}}],"collection":[{"href":"https:\/\/stylingagenten.com\/da\/wp-json\/wp\/v2\/product"}],"about":[{"href":"https:\/\/stylingagenten.com\/da\/wp-json\/wp\/v2\/types\/product"}],"replies":[{"embeddable":true,"href":"https:\/\/stylingagenten.com\/da\/wp-json\/wp\/v2\/comments?post=137616"}],"version-history":[{"count":0,"href":"https:\/\/stylingagenten.com\/da\/wp-json\/wp\/v2\/product\/137616\/revisions"}],"wp:featuredmedia":[{"embeddable":true,"href":"https:\/\/stylingagenten.com\/da\/wp-json\/wp\/v2\/media\/137609"}],"wp:attachment":[{"href":"https:\/\/stylingagenten.com\/da\/wp-json\/wp\/v2\/media?parent=137616"}],"wp:term":[{"taxonomy":"product_brand","embeddable":true,"href":"https:\/\/stylingagenten.com\/da\/wp-json\/wp\/v2\/product_brand?post=137616"},{"taxonomy":"product_cat","embeddable":true,"href":"https:\/\/stylingagenten.com\/da\/wp-json\/wp\/v2\/product_cat?post=137616"},{"taxonomy":"product_tag","embeddable":true,"href":"https:\/\/stylingagenten.com\/da\/wp-json\/wp\/v2\/product_tag?post=137616"},{"taxonomy":"berocket_brand","embeddable":true,"href":"https:\/\/stylingagenten.com\/da\/wp-json\/wp\/v2\/berocket_brand?post=137616"}],"curies":[{"name":"wp","href":"https:\/\/api.w.org\/{rel}","templated":true}]}}