{"id":137593,"date":"2025-05-18T22:51:21","date_gmt":"2025-05-18T22:51:21","guid":{"rendered":"https:\/\/staging2.stylingagenten.com\/da\/produkt\/guess-dare-edt-100ml\/"},"modified":"2026-04-10T20:38:32","modified_gmt":"2026-04-10T20:38:32","slug":"guess-dare-edt-100ml","status":"publish","type":"product","link":"https:\/\/stylingagenten.com\/da\/produkt\/guess-dare-edt-100ml\/","title":{"rendered":"Guess Dare edt 100ml"},"content":{"rendered":"<p style='margin-top:0cm;margin-right:0cm;margin-bottom:8.0pt;margin-left:0cm;font-size:15px;font-family:\"Calibri\",sans-serif'> En dristig sensuel duft med en blomstret, frugtagtig note. Designet til en kvinde med selvtillid og en legende indstilling til oplevelse. B\u00e6r denne indbydende, feminine parfume med karakter.<\/p>\n<p style='margin: 0cm 0cm 8pt;font-family: \"Calibri\", sans-serif'>Topnoter: Spr\u00f8d mandarin, p\u00e6re og limeblomst.<br \/>Hjertenoter: Kaktusblomst, jasmin og vildrose.<br \/>Basenoter: Bleg tr\u00e6, Key West kokosn\u00f8d teskefuld palme og moskus.<\/p>\n","protected":false},"excerpt":{"rendered":"<p>En dristig sensuel duft med en blomstret, frugtagtig note. Designet til en kvinde med selvtillid og en legende indstilling til oplevelse. B\u00e6r denne indbydende, feminine parfume med karakter. Topnoter: Spr\u00f8d mandarin, p\u00e6re og limeblomst.Hjertenoter: Kaktusblomst, jasmin og vildrose.Basenoter: Bleg tr\u00e6, Key West kokosn\u00f8d teskefuld palme og moskus.<\/p>\n","protected":false},"featured_media":137592,"comment_status":"open","ping_status":"closed","template":"","meta":{"_trash_the_other_posts":false},"product_brand":[],"product_cat":[707,735,999],"product_tag":[],"berocket_brand":[1331],"class_list":{"0":"post-137593","1":"product","2":"type-product","3":"status-publish","4":"has-post-thumbnail","6":"product_cat-eau-de-toilette-dame","7":"product_cat-kampagne","8":"product_cat-kampagnetilbud-til-hende","9":"pa_brand-guess","10":"berocket_brand-guess","12":"first","13":"instock","14":"sale","15":"taxable","16":"shipping-taxable","17":"purchasable","18":"product-type-simple"},"_links":{"self":[{"href":"https:\/\/stylingagenten.com\/da\/wp-json\/wp\/v2\/product\/137593","targetHints":{"allow":["GET"]}}],"collection":[{"href":"https:\/\/stylingagenten.com\/da\/wp-json\/wp\/v2\/product"}],"about":[{"href":"https:\/\/stylingagenten.com\/da\/wp-json\/wp\/v2\/types\/product"}],"replies":[{"embeddable":true,"href":"https:\/\/stylingagenten.com\/da\/wp-json\/wp\/v2\/comments?post=137593"}],"version-history":[{"count":0,"href":"https:\/\/stylingagenten.com\/da\/wp-json\/wp\/v2\/product\/137593\/revisions"}],"wp:featuredmedia":[{"embeddable":true,"href":"https:\/\/stylingagenten.com\/da\/wp-json\/wp\/v2\/media\/137592"}],"wp:attachment":[{"href":"https:\/\/stylingagenten.com\/da\/wp-json\/wp\/v2\/media?parent=137593"}],"wp:term":[{"taxonomy":"product_brand","embeddable":true,"href":"https:\/\/stylingagenten.com\/da\/wp-json\/wp\/v2\/product_brand?post=137593"},{"taxonomy":"product_cat","embeddable":true,"href":"https:\/\/stylingagenten.com\/da\/wp-json\/wp\/v2\/product_cat?post=137593"},{"taxonomy":"product_tag","embeddable":true,"href":"https:\/\/stylingagenten.com\/da\/wp-json\/wp\/v2\/product_tag?post=137593"},{"taxonomy":"berocket_brand","embeddable":true,"href":"https:\/\/stylingagenten.com\/da\/wp-json\/wp\/v2\/berocket_brand?post=137593"}],"curies":[{"name":"wp","href":"https:\/\/api.w.org\/{rel}","templated":true}]}}