{"id":137582,"date":"2025-05-18T22:51:19","date_gmt":"2025-05-18T22:51:19","guid":{"rendered":"https:\/\/staging2.stylingagenten.com\/da\/produkt\/guess-by-marciano-edp-100ml\/"},"modified":"2026-04-06T09:19:57","modified_gmt":"2026-04-06T09:19:57","slug":"guess-by-marciano-edp-100ml","status":"publish","type":"product","link":"https:\/\/stylingagenten.com\/da\/produkt\/guess-by-marciano-edp-100ml\/","title":{"rendered":"Guess by Marciano edp 100ml"},"content":{"rendered":"<p>Guess by Marciano er en blomstret, frugtig og feminin parfume. En l\u00e6kker s\u00f8d og sprudlende duft, der giver et sensuelt og \u00e6terisk indtryk med unik karakter og en dosis krydderi. Noterne kombinerer varm kardemomme med forfriskende grapefrugt og appelsinlik\u00f8ren Curacao og kaprifolier. Vanilje og moskus bidrager med en varm base.<\/p>\n<p style='margin: 0cm 0cm 8pt;font-family: \"Calibri\", sans-serif'>Topnoter: Stjernefrugt, Curacao, Grapefrugt, Kardemomme.<br \/>Hjertenoter: P\u00e6on, Honeysuckle, Jasmin.<br \/>Basenoter: Vanilje, Moskus, Tr\u00e6. .<\/p>\n","protected":false},"excerpt":{"rendered":"<p>Guess by Marciano er en blomstret, frugtig og feminin parfume. En l\u00e6kker s\u00f8d og sprudlende duft, der giver et sensuelt og \u00e6terisk indtryk med unik karakter og en dosis krydderi. Noterne kombinerer varm kardemomme med forfriskende grapefrugt og appelsinlik\u00f8ren Curacao og kaprifolier. Vanilje og moskus bidrager med en varm base. Topnoter: Stjernefrugt, Curacao, Grapefrugt, Kardemomme.Hjertenoter: [&hellip;]<\/p>\n","protected":false},"featured_media":137578,"comment_status":"open","ping_status":"closed","template":"","meta":{"_trash_the_other_posts":false},"product_brand":[],"product_cat":[706,735,999],"product_tag":[],"berocket_brand":[1331],"class_list":{"0":"post-137582","1":"product","2":"type-product","3":"status-publish","4":"has-post-thumbnail","6":"product_cat-eau-de-parfum-dame","7":"product_cat-kampagne","8":"product_cat-kampagnetilbud-til-hende","9":"pa_brand-guess","10":"berocket_brand-guess","12":"first","13":"instock","14":"sale","15":"taxable","16":"shipping-taxable","17":"purchasable","18":"product-type-simple"},"_links":{"self":[{"href":"https:\/\/stylingagenten.com\/da\/wp-json\/wp\/v2\/product\/137582","targetHints":{"allow":["GET"]}}],"collection":[{"href":"https:\/\/stylingagenten.com\/da\/wp-json\/wp\/v2\/product"}],"about":[{"href":"https:\/\/stylingagenten.com\/da\/wp-json\/wp\/v2\/types\/product"}],"replies":[{"embeddable":true,"href":"https:\/\/stylingagenten.com\/da\/wp-json\/wp\/v2\/comments?post=137582"}],"version-history":[{"count":0,"href":"https:\/\/stylingagenten.com\/da\/wp-json\/wp\/v2\/product\/137582\/revisions"}],"wp:featuredmedia":[{"embeddable":true,"href":"https:\/\/stylingagenten.com\/da\/wp-json\/wp\/v2\/media\/137578"}],"wp:attachment":[{"href":"https:\/\/stylingagenten.com\/da\/wp-json\/wp\/v2\/media?parent=137582"}],"wp:term":[{"taxonomy":"product_brand","embeddable":true,"href":"https:\/\/stylingagenten.com\/da\/wp-json\/wp\/v2\/product_brand?post=137582"},{"taxonomy":"product_cat","embeddable":true,"href":"https:\/\/stylingagenten.com\/da\/wp-json\/wp\/v2\/product_cat?post=137582"},{"taxonomy":"product_tag","embeddable":true,"href":"https:\/\/stylingagenten.com\/da\/wp-json\/wp\/v2\/product_tag?post=137582"},{"taxonomy":"berocket_brand","embeddable":true,"href":"https:\/\/stylingagenten.com\/da\/wp-json\/wp\/v2\/berocket_brand?post=137582"}],"curies":[{"name":"wp","href":"https:\/\/api.w.org\/{rel}","templated":true}]}}