{"id":137568,"date":"2025-05-18T22:51:17","date_gmt":"2025-05-18T22:51:17","guid":{"rendered":"https:\/\/staging2.stylingagenten.com\/da\/produkt\/guess-seductive-for-her-edt-30ml\/"},"modified":"2025-11-19T10:59:11","modified_gmt":"2025-11-19T10:59:11","slug":"guess-seductive-for-her-edt-30ml","status":"publish","type":"product","link":"https:\/\/stylingagenten.com\/da\/produkt\/guess-seductive-for-her-edt-30ml\/","title":{"rendered":"Guess Seductive For Her Edt 30ml"},"content":{"rendered":"<p>Guess Seductive For Her Edt er en duft fuld af fristelser og sp\u00e6nding for kvinder.<\/p>\n<p><strong>&nbsp;Duftnoter:<\/strong> bergamot, solb\u00e6r, p\u00e6re, jasmin, appelsinblomst, iris , vanilje, olibanum og kashmirtr\u00e6.<\/p>\n","protected":false},"excerpt":{"rendered":"<p>Guess Seductive For Her Edt er en duft fuld af fristelser og sp\u00e6nding for kvinder. &nbsp;Duftnoter: bergamot, solb\u00e6r, p\u00e6re, jasmin, appelsinblomst, iris , vanilje, olibanum og kashmirtr\u00e6.<\/p>\n","protected":false},"featured_media":137567,"comment_status":"open","ping_status":"closed","template":"","meta":{"_trash_the_other_posts":false},"product_brand":[],"product_cat":[707,884],"product_tag":[2960],"berocket_brand":[1331],"class_list":{"0":"post-137568","1":"product","2":"type-product","3":"status-publish","4":"has-post-thumbnail","6":"product_cat-eau-de-toilette-dame","7":"product_cat-guess-seductive-women","8":"product_tag-guess-seductive-for-her-edt","9":"pa_brand-guess","10":"pa_variant-30ml","11":"berocket_brand-guess","13":"first","14":"outofstock","15":"sale","16":"taxable","17":"shipping-taxable","18":"purchasable","19":"product-type-simple"},"_links":{"self":[{"href":"https:\/\/stylingagenten.com\/da\/wp-json\/wp\/v2\/product\/137568","targetHints":{"allow":["GET"]}}],"collection":[{"href":"https:\/\/stylingagenten.com\/da\/wp-json\/wp\/v2\/product"}],"about":[{"href":"https:\/\/stylingagenten.com\/da\/wp-json\/wp\/v2\/types\/product"}],"replies":[{"embeddable":true,"href":"https:\/\/stylingagenten.com\/da\/wp-json\/wp\/v2\/comments?post=137568"}],"version-history":[{"count":0,"href":"https:\/\/stylingagenten.com\/da\/wp-json\/wp\/v2\/product\/137568\/revisions"}],"wp:featuredmedia":[{"embeddable":true,"href":"https:\/\/stylingagenten.com\/da\/wp-json\/wp\/v2\/media\/137567"}],"wp:attachment":[{"href":"https:\/\/stylingagenten.com\/da\/wp-json\/wp\/v2\/media?parent=137568"}],"wp:term":[{"taxonomy":"product_brand","embeddable":true,"href":"https:\/\/stylingagenten.com\/da\/wp-json\/wp\/v2\/product_brand?post=137568"},{"taxonomy":"product_cat","embeddable":true,"href":"https:\/\/stylingagenten.com\/da\/wp-json\/wp\/v2\/product_cat?post=137568"},{"taxonomy":"product_tag","embeddable":true,"href":"https:\/\/stylingagenten.com\/da\/wp-json\/wp\/v2\/product_tag?post=137568"},{"taxonomy":"berocket_brand","embeddable":true,"href":"https:\/\/stylingagenten.com\/da\/wp-json\/wp\/v2\/berocket_brand?post=137568"}],"curies":[{"name":"wp","href":"https:\/\/api.w.org\/{rel}","templated":true}]}}