{"id":137554,"date":"2025-05-18T22:51:13","date_gmt":"2025-05-18T22:51:13","guid":{"rendered":"https:\/\/staging2.stylingagenten.com\/da\/produkt\/elizabeth-arden-green-tea-lotus-edt-100ml\/"},"modified":"2026-04-15T00:08:35","modified_gmt":"2026-04-15T00:08:35","slug":"elizabeth-arden-green-tea-lotus-edt-100ml","status":"publish","type":"product","link":"https:\/\/stylingagenten.com\/da\/produkt\/elizabeth-arden-green-tea-lotus-edt-100ml\/","title":{"rendered":"Elizabeth Arden Green Tea Lotus edt 100ml"},"content":{"rendered":"<p style='margin-top:0cm;margin-right:0cm;margin-bottom:8.0pt;margin-left:0cm;font-size:15px;font-family:\"Calibri\",sans-serif'> Med en let eksotisk f\u00f8lelse og inspiration fra Japan er Elizabeth Arden Green Tea Lotus en gr\u00f8n, blomstret og frugtig parfume med en frisk duft til kvinden, der udstr\u00e5ler ro og k\u00f8lighed. S\u00f8d blomme, eksotisk Yuzu og asiatisk lilje fylder parfumen med en duft, du ikke finder andre steder. En duft, der beroliger sanserne, som efterlader dig afslappet og forfrisket.<\/p>\n<p style='margin: 0cm 0cm 8pt;font-family: \"Calibri\", sans-serif'>Topnoter: Blomme, Kirseb\u00e6rblomst, Yuzu.<br \/>Hjertenoter: Gr\u00f8n te, Osmanthus, Lotus, Lilje.<br \/>Basenoter: Musk , Bj&ouml;rk .<\/p>\n","protected":false},"excerpt":{"rendered":"<p>Med en let eksotisk f\u00f8lelse og inspiration fra Japan er Elizabeth Arden Green Tea Lotus en gr\u00f8n, blomstret og frugtig parfume med en frisk duft til kvinden, der udstr\u00e5ler ro og k\u00f8lighed. S\u00f8d blomme, eksotisk Yuzu og asiatisk lilje fylder parfumen med en duft, du ikke finder andre steder. En duft, der beroliger sanserne, som [&hellip;]<\/p>\n","protected":false},"featured_media":137551,"comment_status":"open","ping_status":"closed","template":"","meta":{"_trash_the_other_posts":false},"product_brand":[],"product_cat":[1003,707,759,735,1006,999],"product_tag":[],"berocket_brand":[1303],"class_list":{"0":"post-137554","1":"product","2":"type-product","3":"status-publish","4":"has-post-thumbnail","6":"product_cat-bestsellere","7":"product_cat-eau-de-toilette-dame","8":"product_cat-elizabeth-arden-green-tea","9":"product_cat-kampagne","10":"product_cat-kampagnepris","11":"product_cat-kampagnetilbud-til-hende","12":"pa_brand-elizabeth-arden","13":"berocket_brand-elizabeth-arden","15":"first","16":"instock","17":"sale","18":"taxable","19":"shipping-taxable","20":"purchasable","21":"product-type-simple"},"_links":{"self":[{"href":"https:\/\/stylingagenten.com\/da\/wp-json\/wp\/v2\/product\/137554","targetHints":{"allow":["GET"]}}],"collection":[{"href":"https:\/\/stylingagenten.com\/da\/wp-json\/wp\/v2\/product"}],"about":[{"href":"https:\/\/stylingagenten.com\/da\/wp-json\/wp\/v2\/types\/product"}],"replies":[{"embeddable":true,"href":"https:\/\/stylingagenten.com\/da\/wp-json\/wp\/v2\/comments?post=137554"}],"version-history":[{"count":1,"href":"https:\/\/stylingagenten.com\/da\/wp-json\/wp\/v2\/product\/137554\/revisions"}],"predecessor-version":[{"id":2000702,"href":"https:\/\/stylingagenten.com\/da\/wp-json\/wp\/v2\/product\/137554\/revisions\/2000702"}],"wp:featuredmedia":[{"embeddable":true,"href":"https:\/\/stylingagenten.com\/da\/wp-json\/wp\/v2\/media\/137551"}],"wp:attachment":[{"href":"https:\/\/stylingagenten.com\/da\/wp-json\/wp\/v2\/media?parent=137554"}],"wp:term":[{"taxonomy":"product_brand","embeddable":true,"href":"https:\/\/stylingagenten.com\/da\/wp-json\/wp\/v2\/product_brand?post=137554"},{"taxonomy":"product_cat","embeddable":true,"href":"https:\/\/stylingagenten.com\/da\/wp-json\/wp\/v2\/product_cat?post=137554"},{"taxonomy":"product_tag","embeddable":true,"href":"https:\/\/stylingagenten.com\/da\/wp-json\/wp\/v2\/product_tag?post=137554"},{"taxonomy":"berocket_brand","embeddable":true,"href":"https:\/\/stylingagenten.com\/da\/wp-json\/wp\/v2\/berocket_brand?post=137554"}],"curies":[{"name":"wp","href":"https:\/\/api.w.org\/{rel}","templated":true}]}}