{"id":137546,"date":"2025-05-18T22:51:11","date_gmt":"2025-05-18T22:51:11","guid":{"rendered":"https:\/\/staging2.stylingagenten.com\/da\/produkt\/michael-kors-wonderlust-edp-50ml\/"},"modified":"2026-03-26T18:24:45","modified_gmt":"2026-03-26T18:24:45","slug":"michael-kors-wonderlust-edp-50ml","status":"publish","type":"product","link":"https:\/\/stylingagenten.com\/da\/produkt\/michael-kors-wonderlust-edp-50ml\/","title":{"rendered":"Michael Kors Wonderlust edp 50ml"},"content":{"rendered":"<p>Michael Kors Wonderlust er en orientalsk og blomsteragtig duft med en blanding af luksuri\u00f8se blomster og delikate krydrede noter.<\/p>\n<p><strong>Duftnoter:<\/strong> bergamot, rosenpeber, mandelm\u00e6lk, jasmin, nellike, heliotrop, sandeltr\u00e6, kashmirtr\u00e6 &amp; benzoin.<\/p>\n","protected":false},"excerpt":{"rendered":"<p>Michael Kors Wonderlust er en orientalsk og blomsteragtig duft med en blanding af luksuri\u00f8se blomster og delikate krydrede noter. Duftnoter: bergamot, rosenpeber, mandelm\u00e6lk, jasmin, nellike, heliotrop, sandeltr\u00e6, kashmirtr\u00e6 &amp; benzoin.<\/p>\n","protected":false},"featured_media":137545,"comment_status":"open","ping_status":"closed","template":"","meta":{"_trash_the_other_posts":false},"product_brand":[],"product_cat":[706,735,999],"product_tag":[3523],"berocket_brand":[1109],"class_list":{"0":"post-137546","1":"product","2":"type-product","3":"status-publish","4":"has-post-thumbnail","6":"product_cat-eau-de-parfum-dame","7":"product_cat-kampagne","8":"product_cat-kampagnetilbud-til-hende","9":"product_tag-michael-kors-wonderlust-edp","10":"pa_brand-michael-kors","11":"pa_variant-50ml","12":"berocket_brand-michael-kors","14":"first","15":"instock","16":"sale","17":"taxable","18":"shipping-taxable","19":"purchasable","20":"product-type-simple"},"_links":{"self":[{"href":"https:\/\/stylingagenten.com\/da\/wp-json\/wp\/v2\/product\/137546","targetHints":{"allow":["GET"]}}],"collection":[{"href":"https:\/\/stylingagenten.com\/da\/wp-json\/wp\/v2\/product"}],"about":[{"href":"https:\/\/stylingagenten.com\/da\/wp-json\/wp\/v2\/types\/product"}],"replies":[{"embeddable":true,"href":"https:\/\/stylingagenten.com\/da\/wp-json\/wp\/v2\/comments?post=137546"}],"version-history":[{"count":0,"href":"https:\/\/stylingagenten.com\/da\/wp-json\/wp\/v2\/product\/137546\/revisions"}],"wp:featuredmedia":[{"embeddable":true,"href":"https:\/\/stylingagenten.com\/da\/wp-json\/wp\/v2\/media\/137545"}],"wp:attachment":[{"href":"https:\/\/stylingagenten.com\/da\/wp-json\/wp\/v2\/media?parent=137546"}],"wp:term":[{"taxonomy":"product_brand","embeddable":true,"href":"https:\/\/stylingagenten.com\/da\/wp-json\/wp\/v2\/product_brand?post=137546"},{"taxonomy":"product_cat","embeddable":true,"href":"https:\/\/stylingagenten.com\/da\/wp-json\/wp\/v2\/product_cat?post=137546"},{"taxonomy":"product_tag","embeddable":true,"href":"https:\/\/stylingagenten.com\/da\/wp-json\/wp\/v2\/product_tag?post=137546"},{"taxonomy":"berocket_brand","embeddable":true,"href":"https:\/\/stylingagenten.com\/da\/wp-json\/wp\/v2\/berocket_brand?post=137546"}],"curies":[{"name":"wp","href":"https:\/\/api.w.org\/{rel}","templated":true}]}}