{"id":137538,"date":"2025-05-18T22:51:09","date_gmt":"2025-05-18T22:51:09","guid":{"rendered":"https:\/\/staging2.stylingagenten.com\/da\/produkt\/giorgio-beverly-hills-g-edp-90ml\/"},"modified":"2026-03-26T16:28:57","modified_gmt":"2026-03-26T16:28:57","slug":"giorgio-beverly-hills-g-edp-90ml","status":"publish","type":"product","link":"https:\/\/stylingagenten.com\/da\/produkt\/giorgio-beverly-hills-g-edp-90ml\/","title":{"rendered":"Giorgio Beverly Hills G edp 90ml"},"content":{"rendered":"<p style='margin-top:0cm;margin-right:0cm;margin-bottom:8.0pt;margin-left:0cm;font-size:15px;font-family:\"Calibri\",sans-serif'> G by Giorgio Beverly Hills blev introduceret i 1999 og har siden da v\u00e6ret en parfume, der formidler en f\u00f8lelse af elegance og femininitet. Duften er frugtig, blomstret og frisk. Perfekt at bruge som dagduft. Aromaer af melon, ingef\u00e6r og sandeltr\u00e6; blandet med friske noter af grapefrugt og orkid\u00e9 at skabe en glamour\u00f8s og luksuri\u00f8s duft, der passer til alle dagens lejligheder!<\/p>\n<p style='margin: 0cm 0cm 8pt;font-family: \"Calibri\", sans-serif'>Topnoter: Ananas, honningmelon og grapefrugt.<br \/>Hjertenoter: Ingef\u00e6r, orkid\u00e9&eacute; og fersken.<br \/>Basenoter: Sandeltr\u00e6, Vetiver.<\/p>\n","protected":false},"excerpt":{"rendered":"<p>G by Giorgio Beverly Hills blev introduceret i 1999 og har siden da v\u00e6ret en parfume, der formidler en f\u00f8lelse af elegance og femininitet. Duften er frugtig, blomstret og frisk. Perfekt at bruge som dagduft. Aromaer af melon, ingef\u00e6r og sandeltr\u00e6; blandet med friske noter af grapefrugt og orkid\u00e9 at skabe en glamour\u00f8s og luksuri\u00f8s [&hellip;]<\/p>\n","protected":false},"featured_media":137537,"comment_status":"open","ping_status":"closed","template":"","meta":{"_trash_the_other_posts":false},"product_brand":[],"product_cat":[706,851,735,1006,999],"product_tag":[],"berocket_brand":[1325],"class_list":{"0":"post-137538","1":"product","2":"type-product","3":"status-publish","4":"has-post-thumbnail","6":"product_cat-eau-de-parfum-dame","7":"product_cat-giorgio-beverly-hills-giorgio","8":"product_cat-kampagne","9":"product_cat-kampagnepris","10":"product_cat-kampagnetilbud-til-hende","11":"pa_brand-giorgio-beverly-hills","12":"berocket_brand-giorgio-beverly-hills","14":"first","15":"instock","16":"sale","17":"taxable","18":"shipping-taxable","19":"purchasable","20":"product-type-simple"},"_links":{"self":[{"href":"https:\/\/stylingagenten.com\/da\/wp-json\/wp\/v2\/product\/137538","targetHints":{"allow":["GET"]}}],"collection":[{"href":"https:\/\/stylingagenten.com\/da\/wp-json\/wp\/v2\/product"}],"about":[{"href":"https:\/\/stylingagenten.com\/da\/wp-json\/wp\/v2\/types\/product"}],"replies":[{"embeddable":true,"href":"https:\/\/stylingagenten.com\/da\/wp-json\/wp\/v2\/comments?post=137538"}],"version-history":[{"count":0,"href":"https:\/\/stylingagenten.com\/da\/wp-json\/wp\/v2\/product\/137538\/revisions"}],"wp:featuredmedia":[{"embeddable":true,"href":"https:\/\/stylingagenten.com\/da\/wp-json\/wp\/v2\/media\/137537"}],"wp:attachment":[{"href":"https:\/\/stylingagenten.com\/da\/wp-json\/wp\/v2\/media?parent=137538"}],"wp:term":[{"taxonomy":"product_brand","embeddable":true,"href":"https:\/\/stylingagenten.com\/da\/wp-json\/wp\/v2\/product_brand?post=137538"},{"taxonomy":"product_cat","embeddable":true,"href":"https:\/\/stylingagenten.com\/da\/wp-json\/wp\/v2\/product_cat?post=137538"},{"taxonomy":"product_tag","embeddable":true,"href":"https:\/\/stylingagenten.com\/da\/wp-json\/wp\/v2\/product_tag?post=137538"},{"taxonomy":"berocket_brand","embeddable":true,"href":"https:\/\/stylingagenten.com\/da\/wp-json\/wp\/v2\/berocket_brand?post=137538"}],"curies":[{"name":"wp","href":"https:\/\/api.w.org\/{rel}","templated":true}]}}