{"id":137516,"date":"2025-05-18T22:51:05","date_gmt":"2025-05-18T22:51:05","guid":{"rendered":"https:\/\/staging2.stylingagenten.com\/da\/produkt\/escada-sorbetto-rosso-edt-100ml\/"},"modified":"2026-03-30T08:19:24","modified_gmt":"2026-03-30T08:19:24","slug":"escada-sorbetto-rosso-edt-100ml","status":"publish","type":"product","link":"https:\/\/stylingagenten.com\/da\/produkt\/escada-sorbetto-rosso-edt-100ml\/","title":{"rendered":"Escada Sorbetto Rosso Edt 100ml"},"content":{"rendered":"<p>Escada Sorbetto Rosso er en dejlig duft fyldt med forn\u00f8jelse og gl\u00e6de. En spr\u00f8d og sprudlende parfume, der leder tankerne hen p\u00e5 den italienske Amalfi-kyst.<\/p>\n<p><strong>Duftnoter:<\/strong> p\u00e6re, tiareblomst, vandmelon, moskus, rav og amp; pralineakkord.<\/p>\n","protected":false},"excerpt":{"rendered":"<p>Escada Sorbetto Rosso er en dejlig duft fyldt med forn\u00f8jelse og gl\u00e6de. En spr\u00f8d og sprudlende parfume, der leder tankerne hen p\u00e5 den italienske Amalfi-kyst. Duftnoter: p\u00e6re, tiareblomst, vandmelon, moskus, rav og amp; pralineakkord.<\/p>\n","protected":false},"featured_media":137514,"comment_status":"open","ping_status":"closed","template":"","meta":{"_trash_the_other_posts":false},"product_brand":[],"product_cat":[1003,707,763,735,1006,999],"product_tag":[2895],"berocket_brand":[1306],"class_list":{"0":"post-137516","1":"product","2":"type-product","3":"status-publish","4":"has-post-thumbnail","6":"product_cat-bestsellere","7":"product_cat-eau-de-toilette-dame","8":"product_cat-escada-sorbetto-rosso","9":"product_cat-kampagne","10":"product_cat-kampagnepris","11":"product_cat-kampagnetilbud-til-hende","12":"product_tag-escada-sorbetto-rosso-edt","13":"pa_brand-escada","14":"pa_variant-100ml","15":"berocket_brand-escada","17":"first","18":"outofstock","19":"sale","20":"taxable","21":"shipping-taxable","22":"purchasable","23":"product-type-simple"},"_links":{"self":[{"href":"https:\/\/stylingagenten.com\/da\/wp-json\/wp\/v2\/product\/137516","targetHints":{"allow":["GET"]}}],"collection":[{"href":"https:\/\/stylingagenten.com\/da\/wp-json\/wp\/v2\/product"}],"about":[{"href":"https:\/\/stylingagenten.com\/da\/wp-json\/wp\/v2\/types\/product"}],"replies":[{"embeddable":true,"href":"https:\/\/stylingagenten.com\/da\/wp-json\/wp\/v2\/comments?post=137516"}],"version-history":[{"count":0,"href":"https:\/\/stylingagenten.com\/da\/wp-json\/wp\/v2\/product\/137516\/revisions"}],"wp:featuredmedia":[{"embeddable":true,"href":"https:\/\/stylingagenten.com\/da\/wp-json\/wp\/v2\/media\/137514"}],"wp:attachment":[{"href":"https:\/\/stylingagenten.com\/da\/wp-json\/wp\/v2\/media?parent=137516"}],"wp:term":[{"taxonomy":"product_brand","embeddable":true,"href":"https:\/\/stylingagenten.com\/da\/wp-json\/wp\/v2\/product_brand?post=137516"},{"taxonomy":"product_cat","embeddable":true,"href":"https:\/\/stylingagenten.com\/da\/wp-json\/wp\/v2\/product_cat?post=137516"},{"taxonomy":"product_tag","embeddable":true,"href":"https:\/\/stylingagenten.com\/da\/wp-json\/wp\/v2\/product_tag?post=137516"},{"taxonomy":"berocket_brand","embeddable":true,"href":"https:\/\/stylingagenten.com\/da\/wp-json\/wp\/v2\/berocket_brand?post=137516"}],"curies":[{"name":"wp","href":"https:\/\/api.w.org\/{rel}","templated":true}]}}