{"id":137493,"date":"2025-05-18T22:50:59","date_gmt":"2025-05-18T22:50:59","guid":{"rendered":"https:\/\/staging2.stylingagenten.com\/da\/produkt\/viktor-rolf-bonbon-edp-30ml\/"},"modified":"2026-04-06T14:08:50","modified_gmt":"2026-04-06T14:08:50","slug":"viktor-rolf-bonbon-edp-30ml","status":"publish","type":"product","link":"https:\/\/stylingagenten.com\/da\/produkt\/viktor-rolf-bonbon-edp-30ml\/","title":{"rendered":"Viktor &amp; Rolf Bonbon Edp 30ml"},"content":{"rendered":"<p>Viktor &amp; Rolf Bonbon er en sprudlende s\u00f8d og feminin duft til den nye generation af kvinder. Den smukke roset og dens eksklusive karamelduftende dr\u00e5ber appellerer til de fleste. Denne parfume dufter l\u00e6kkert af karamel, mandarin, solb\u00e6r og jasmin.<\/p>\n","protected":false},"excerpt":{"rendered":"<p>Viktor &amp; Rolf Bonbon er en sprudlende s\u00f8d og feminin duft til den nye generation af kvinder. Den smukke roset og dens eksklusive karamelduftende dr\u00e5ber appellerer til de fleste. Denne parfume dufter l\u00e6kkert af karamel, mandarin, solb\u00e6r og jasmin.<\/p>\n","protected":false},"featured_media":137491,"comment_status":"open","ping_status":"closed","template":"","meta":{"_trash_the_other_posts":false},"product_brand":[],"product_cat":[706,735,999],"product_tag":[4058],"berocket_brand":[1997],"class_list":{"0":"post-137493","1":"product","2":"type-product","3":"status-publish","4":"has-post-thumbnail","6":"product_cat-eau-de-parfum-dame","7":"product_cat-kampagne","8":"product_cat-kampagnetilbud-til-hende","9":"product_tag-viktor-rolf-bonbon-edp","10":"pa_brand-viktorrolf","11":"pa_variant-30ml","12":"berocket_brand-viktoramp","14":"first","15":"instock","16":"sale","17":"taxable","18":"shipping-taxable","19":"purchasable","20":"product-type-simple"},"_links":{"self":[{"href":"https:\/\/stylingagenten.com\/da\/wp-json\/wp\/v2\/product\/137493","targetHints":{"allow":["GET"]}}],"collection":[{"href":"https:\/\/stylingagenten.com\/da\/wp-json\/wp\/v2\/product"}],"about":[{"href":"https:\/\/stylingagenten.com\/da\/wp-json\/wp\/v2\/types\/product"}],"replies":[{"embeddable":true,"href":"https:\/\/stylingagenten.com\/da\/wp-json\/wp\/v2\/comments?post=137493"}],"version-history":[{"count":0,"href":"https:\/\/stylingagenten.com\/da\/wp-json\/wp\/v2\/product\/137493\/revisions"}],"wp:featuredmedia":[{"embeddable":true,"href":"https:\/\/stylingagenten.com\/da\/wp-json\/wp\/v2\/media\/137491"}],"wp:attachment":[{"href":"https:\/\/stylingagenten.com\/da\/wp-json\/wp\/v2\/media?parent=137493"}],"wp:term":[{"taxonomy":"product_brand","embeddable":true,"href":"https:\/\/stylingagenten.com\/da\/wp-json\/wp\/v2\/product_brand?post=137493"},{"taxonomy":"product_cat","embeddable":true,"href":"https:\/\/stylingagenten.com\/da\/wp-json\/wp\/v2\/product_cat?post=137493"},{"taxonomy":"product_tag","embeddable":true,"href":"https:\/\/stylingagenten.com\/da\/wp-json\/wp\/v2\/product_tag?post=137493"},{"taxonomy":"berocket_brand","embeddable":true,"href":"https:\/\/stylingagenten.com\/da\/wp-json\/wp\/v2\/berocket_brand?post=137493"}],"curies":[{"name":"wp","href":"https:\/\/api.w.org\/{rel}","templated":true}]}}