{"id":137476,"date":"2025-05-18T22:50:56","date_gmt":"2025-05-18T22:50:56","guid":{"rendered":"https:\/\/staging2.stylingagenten.com\/da\/produkt\/estee-lauder-pleasures-edp-30ml\/"},"modified":"2026-03-20T22:37:31","modified_gmt":"2026-03-20T22:37:31","slug":"estee-lauder-pleasures-edp-30ml","status":"publish","type":"product","link":"https:\/\/stylingagenten.com\/da\/produkt\/estee-lauder-pleasures-edp-30ml\/","title":{"rendered":"Estee Lauder Pleasures Edp 30ml"},"content":{"rendered":"<p>Estee Lauder Pleasures er en lys og let blomsterduft, der er ren forn\u00f8jelse.<\/p>\n<p><strong>Duftnoter:<\/strong> fresia, viol, rose peber, violblad, r&ouml;da b\u00e6r, syren , lilje, rose, p\u00e6on, jasmin, liljekonval, cedertr\u00e6, moskus, patchouli &amp; sandeltr\u00e6&auml;.<\/p>\n","protected":false},"excerpt":{"rendered":"<p>Estee Lauder Pleasures er en lys og let blomsterduft, der er ren forn\u00f8jelse. Duftnoter: fresia, viol, rose peber, violblad, r&ouml;da b\u00e6r, syren , lilje, rose, p\u00e6on, jasmin, liljekonval, cedertr\u00e6, moskus, patchouli &amp; sandeltr\u00e6&auml;.<\/p>\n","protected":false},"featured_media":137469,"comment_status":"open","ping_status":"closed","template":"","meta":{"_trash_the_other_posts":false},"product_brand":[],"product_cat":[706,874,735,1006,999],"product_tag":[2904],"berocket_brand":[1309],"class_list":{"0":"post-137476","1":"product","2":"type-product","3":"status-publish","4":"has-post-thumbnail","6":"product_cat-eau-de-parfum-dame","7":"product_cat-estee-lauder-pleasures","8":"product_cat-kampagne","9":"product_cat-kampagnepris","10":"product_cat-kampagnetilbud-til-hende","11":"product_tag-estee-lauder-pleasures-edp","12":"pa_brand-estee-lauder","13":"pa_variant-30ml","14":"berocket_brand-estee-lauder","16":"first","17":"outofstock","18":"sale","19":"taxable","20":"shipping-taxable","21":"purchasable","22":"product-type-simple"},"_links":{"self":[{"href":"https:\/\/stylingagenten.com\/da\/wp-json\/wp\/v2\/product\/137476","targetHints":{"allow":["GET"]}}],"collection":[{"href":"https:\/\/stylingagenten.com\/da\/wp-json\/wp\/v2\/product"}],"about":[{"href":"https:\/\/stylingagenten.com\/da\/wp-json\/wp\/v2\/types\/product"}],"replies":[{"embeddable":true,"href":"https:\/\/stylingagenten.com\/da\/wp-json\/wp\/v2\/comments?post=137476"}],"version-history":[{"count":0,"href":"https:\/\/stylingagenten.com\/da\/wp-json\/wp\/v2\/product\/137476\/revisions"}],"wp:featuredmedia":[{"embeddable":true,"href":"https:\/\/stylingagenten.com\/da\/wp-json\/wp\/v2\/media\/137469"}],"wp:attachment":[{"href":"https:\/\/stylingagenten.com\/da\/wp-json\/wp\/v2\/media?parent=137476"}],"wp:term":[{"taxonomy":"product_brand","embeddable":true,"href":"https:\/\/stylingagenten.com\/da\/wp-json\/wp\/v2\/product_brand?post=137476"},{"taxonomy":"product_cat","embeddable":true,"href":"https:\/\/stylingagenten.com\/da\/wp-json\/wp\/v2\/product_cat?post=137476"},{"taxonomy":"product_tag","embeddable":true,"href":"https:\/\/stylingagenten.com\/da\/wp-json\/wp\/v2\/product_tag?post=137476"},{"taxonomy":"berocket_brand","embeddable":true,"href":"https:\/\/stylingagenten.com\/da\/wp-json\/wp\/v2\/berocket_brand?post=137476"}],"curies":[{"name":"wp","href":"https:\/\/api.w.org\/{rel}","templated":true}]}}