{"id":137467,"date":"2025-05-18T22:50:55","date_gmt":"2025-05-18T22:50:55","guid":{"rendered":"https:\/\/staging2.stylingagenten.com\/da\/produkt\/gloria-vanderbilt-minuit-a-new-york-edp-100ml\/"},"modified":"2026-03-27T13:09:15","modified_gmt":"2026-03-27T13:09:15","slug":"gloria-vanderbilt-minuit-a-new-york-edp-100ml","status":"publish","type":"product","link":"https:\/\/stylingagenten.com\/da\/produkt\/gloria-vanderbilt-minuit-a-new-york-edp-100ml\/","title":{"rendered":"Gloria Vanderbilt Minuit A New York Edp 100ml"},"content":{"rendered":"<p>Gloria Vanderbilt Minuit A New York er en orientalsk og blomsterduft til kvinder lanceret i 2015.<\/p>\n<p><strong>Duftnoter:<\/strong> tuberose, pink p\u00e6on, sandeltr\u00e6, jasmin, hyacint, viol, gardenia, sandeltr\u00e6, rav, patchouli og ruskind.<\/p>\n","protected":false},"excerpt":{"rendered":"<p>Gloria Vanderbilt Minuit A New York er en orientalsk og blomsterduft til kvinder lanceret i 2015. Duftnoter: tuberose, pink p\u00e6on, sandeltr\u00e6, jasmin, hyacint, viol, gardenia, sandeltr\u00e6, rav, patchouli og ruskind.<\/p>\n","protected":false},"featured_media":137465,"comment_status":"open","ping_status":"closed","template":"","meta":{"_trash_the_other_posts":false},"product_brand":[],"product_cat":[1003,706,879,735,999],"product_tag":[],"berocket_brand":[1327],"class_list":{"0":"post-137467","1":"product","2":"type-product","3":"status-publish","4":"has-post-thumbnail","6":"product_cat-bestsellere","7":"product_cat-eau-de-parfum-dame","8":"product_cat-gloria-vanderbilt-a-new-york","9":"product_cat-kampagne","10":"product_cat-kampagnetilbud-til-hende","11":"pa_brand-gloria-vanderbilt","12":"berocket_brand-gloria-vanderbilt","14":"first","15":"instock","16":"sale","17":"taxable","18":"shipping-taxable","19":"purchasable","20":"product-type-simple"},"_links":{"self":[{"href":"https:\/\/stylingagenten.com\/da\/wp-json\/wp\/v2\/product\/137467","targetHints":{"allow":["GET"]}}],"collection":[{"href":"https:\/\/stylingagenten.com\/da\/wp-json\/wp\/v2\/product"}],"about":[{"href":"https:\/\/stylingagenten.com\/da\/wp-json\/wp\/v2\/types\/product"}],"replies":[{"embeddable":true,"href":"https:\/\/stylingagenten.com\/da\/wp-json\/wp\/v2\/comments?post=137467"}],"version-history":[{"count":0,"href":"https:\/\/stylingagenten.com\/da\/wp-json\/wp\/v2\/product\/137467\/revisions"}],"wp:featuredmedia":[{"embeddable":true,"href":"https:\/\/stylingagenten.com\/da\/wp-json\/wp\/v2\/media\/137465"}],"wp:attachment":[{"href":"https:\/\/stylingagenten.com\/da\/wp-json\/wp\/v2\/media?parent=137467"}],"wp:term":[{"taxonomy":"product_brand","embeddable":true,"href":"https:\/\/stylingagenten.com\/da\/wp-json\/wp\/v2\/product_brand?post=137467"},{"taxonomy":"product_cat","embeddable":true,"href":"https:\/\/stylingagenten.com\/da\/wp-json\/wp\/v2\/product_cat?post=137467"},{"taxonomy":"product_tag","embeddable":true,"href":"https:\/\/stylingagenten.com\/da\/wp-json\/wp\/v2\/product_tag?post=137467"},{"taxonomy":"berocket_brand","embeddable":true,"href":"https:\/\/stylingagenten.com\/da\/wp-json\/wp\/v2\/berocket_brand?post=137467"}],"curies":[{"name":"wp","href":"https:\/\/api.w.org\/{rel}","templated":true}]}}