{"id":137430,"date":"2025-05-18T22:50:47","date_gmt":"2025-05-18T22:50:47","guid":{"rendered":"https:\/\/staging2.stylingagenten.com\/da\/produkt\/jimmy-choo-jimmy-choo-edt-40ml\/"},"modified":"2026-03-25T14:30:13","modified_gmt":"2026-03-25T14:30:13","slug":"jimmy-choo-jimmy-choo-edt-40ml","status":"publish","type":"product","link":"https:\/\/stylingagenten.com\/da\/produkt\/jimmy-choo-jimmy-choo-edt-40ml\/","title":{"rendered":"Jimmy Choo Jimmy Choo Edt 40ml"},"content":{"rendered":"<p>Jimmy Choo designer til en urban og trendy kvinde med en st\u00e6rk personlighed.&nbsp;<\/p>\n<p>Duften er synonym med femininitet, luksus og stil. En duft, der repr\u00e6senterer det ultimative kvindelige tilbeh\u00f8r.&nbsp;<\/p>\n<p>Topnote: Gr\u00f8nne noter&nbsp;<\/p>\n<p>Hjertenote: Tiger orchid&eacute;, Teros, P&auml;ron, Ingef&auml;ra&nbsp;<\/p>\n<p> p&gt;<\/p>\n<p>Basisnote: Cedertr\u00e6<\/p>\n<p><\/p>\n<p><\/p>\n","protected":false},"excerpt":{"rendered":"<p>Jimmy Choo designer til en urban og trendy kvinde med en st\u00e6rk personlighed.&nbsp; Duften er synonym med femininitet, luksus og stil. En duft, der repr\u00e6senterer det ultimative kvindelige tilbeh\u00f8r.&nbsp; Topnote: Gr\u00f8nne noter&nbsp; Hjertenote: Tiger orchid&eacute;, Teros, P&auml;ron, Ingef&auml;ra&nbsp; p&gt; Basisnote: Cedertr\u00e6<\/p>\n","protected":false},"featured_media":137428,"comment_status":"open","ping_status":"closed","template":"","meta":{"_trash_the_other_posts":false},"product_brand":[],"product_cat":[707,912,735,1006,999],"product_tag":[3050],"berocket_brand":[1122],"class_list":{"0":"post-137430","1":"product","2":"type-product","3":"status-publish","4":"has-post-thumbnail","6":"product_cat-eau-de-toilette-dame","7":"product_cat-jimmy-choo-edt","8":"product_cat-kampagne","9":"product_cat-kampagnepris","10":"product_cat-kampagnetilbud-til-hende","11":"product_tag-jimmy-choo-jimmy-choo-edt","12":"pa_brand-jimmy-choo","13":"pa_variant-40ml","14":"berocket_brand-jimmy-choo","16":"first","17":"instock","18":"sale","19":"taxable","20":"shipping-taxable","21":"purchasable","22":"product-type-simple"},"_links":{"self":[{"href":"https:\/\/stylingagenten.com\/da\/wp-json\/wp\/v2\/product\/137430","targetHints":{"allow":["GET"]}}],"collection":[{"href":"https:\/\/stylingagenten.com\/da\/wp-json\/wp\/v2\/product"}],"about":[{"href":"https:\/\/stylingagenten.com\/da\/wp-json\/wp\/v2\/types\/product"}],"replies":[{"embeddable":true,"href":"https:\/\/stylingagenten.com\/da\/wp-json\/wp\/v2\/comments?post=137430"}],"version-history":[{"count":0,"href":"https:\/\/stylingagenten.com\/da\/wp-json\/wp\/v2\/product\/137430\/revisions"}],"wp:featuredmedia":[{"embeddable":true,"href":"https:\/\/stylingagenten.com\/da\/wp-json\/wp\/v2\/media\/137428"}],"wp:attachment":[{"href":"https:\/\/stylingagenten.com\/da\/wp-json\/wp\/v2\/media?parent=137430"}],"wp:term":[{"taxonomy":"product_brand","embeddable":true,"href":"https:\/\/stylingagenten.com\/da\/wp-json\/wp\/v2\/product_brand?post=137430"},{"taxonomy":"product_cat","embeddable":true,"href":"https:\/\/stylingagenten.com\/da\/wp-json\/wp\/v2\/product_cat?post=137430"},{"taxonomy":"product_tag","embeddable":true,"href":"https:\/\/stylingagenten.com\/da\/wp-json\/wp\/v2\/product_tag?post=137430"},{"taxonomy":"berocket_brand","embeddable":true,"href":"https:\/\/stylingagenten.com\/da\/wp-json\/wp\/v2\/berocket_brand?post=137430"}],"curies":[{"name":"wp","href":"https:\/\/api.w.org\/{rel}","templated":true}]}}