{"id":137364,"date":"2025-05-18T22:50:32","date_gmt":"2025-05-18T22:50:32","guid":{"rendered":"https:\/\/staging2.stylingagenten.com\/da\/produkt\/burberry-brit-for-her-edt-50ml\/"},"modified":"2026-03-11T21:59:38","modified_gmt":"2026-03-11T21:59:38","slug":"burberry-brit-for-her-edt-50ml","status":"publish","type":"product","link":"https:\/\/stylingagenten.com\/da\/produkt\/burberry-brit-for-her-edt-50ml\/","title":{"rendered":"Burberry Brit For Her Edt 50ml"},"content":{"rendered":"<p>Burberry Brit til kvinder er en gr\u00f8n, orientalsk duft, der har en overraskende blanding af s\u00f8dme og krydret Brit indeholder friske og legende topnoter af italiensk lime, p\u00e6re og mandel. S\u00f8dmen kommer frem gennem sukkerholdig mandel og duftende p\u00e6on.<br \/>Duften forst\u00e6rkes af varmen fra rav og mahogni, som d\u00e6mpes af sensuelle noter af vanilje og tonkab\u00f8nner.<\/p>\n","protected":false},"excerpt":{"rendered":"<p>Burberry Brit til kvinder er en gr\u00f8n, orientalsk duft, der har en overraskende blanding af s\u00f8dme og krydret Brit indeholder friske og legende topnoter af italiensk lime, p\u00e6re og mandel. S\u00f8dmen kommer frem gennem sukkerholdig mandel og duftende p\u00e6on.Duften forst\u00e6rkes af varmen fra rav og mahogni, som d\u00e6mpes af sensuelle noter af vanilje og tonkab\u00f8nner.<\/p>\n","protected":false},"featured_media":137360,"comment_status":"open","ping_status":"closed","template":"","meta":{"_trash_the_other_posts":false},"product_brand":[],"product_cat":[776,707,735,1006,999],"product_tag":[2599],"berocket_brand":[1017],"class_list":{"0":"post-137364","1":"product","2":"type-product","3":"status-publish","4":"has-post-thumbnail","6":"product_cat-burberry-brit-women","7":"product_cat-eau-de-toilette-dame","8":"product_cat-kampagne","9":"product_cat-kampagnepris","10":"product_cat-kampagnetilbud-til-hende","11":"product_tag-burberry-brit-for-her-edt","12":"pa_brand-burberry","13":"pa_variant-50ml","14":"berocket_brand-burberry","16":"first","17":"instock","18":"sale","19":"taxable","20":"shipping-taxable","21":"purchasable","22":"product-type-simple"},"_links":{"self":[{"href":"https:\/\/stylingagenten.com\/da\/wp-json\/wp\/v2\/product\/137364","targetHints":{"allow":["GET"]}}],"collection":[{"href":"https:\/\/stylingagenten.com\/da\/wp-json\/wp\/v2\/product"}],"about":[{"href":"https:\/\/stylingagenten.com\/da\/wp-json\/wp\/v2\/types\/product"}],"replies":[{"embeddable":true,"href":"https:\/\/stylingagenten.com\/da\/wp-json\/wp\/v2\/comments?post=137364"}],"version-history":[{"count":0,"href":"https:\/\/stylingagenten.com\/da\/wp-json\/wp\/v2\/product\/137364\/revisions"}],"wp:featuredmedia":[{"embeddable":true,"href":"https:\/\/stylingagenten.com\/da\/wp-json\/wp\/v2\/media\/137360"}],"wp:attachment":[{"href":"https:\/\/stylingagenten.com\/da\/wp-json\/wp\/v2\/media?parent=137364"}],"wp:term":[{"taxonomy":"product_brand","embeddable":true,"href":"https:\/\/stylingagenten.com\/da\/wp-json\/wp\/v2\/product_brand?post=137364"},{"taxonomy":"product_cat","embeddable":true,"href":"https:\/\/stylingagenten.com\/da\/wp-json\/wp\/v2\/product_cat?post=137364"},{"taxonomy":"product_tag","embeddable":true,"href":"https:\/\/stylingagenten.com\/da\/wp-json\/wp\/v2\/product_tag?post=137364"},{"taxonomy":"berocket_brand","embeddable":true,"href":"https:\/\/stylingagenten.com\/da\/wp-json\/wp\/v2\/berocket_brand?post=137364"}],"curies":[{"name":"wp","href":"https:\/\/api.w.org\/{rel}","templated":true}]}}