{"id":137330,"date":"2025-05-18T22:50:25","date_gmt":"2025-05-18T22:50:25","guid":{"rendered":"https:\/\/staging2.stylingagenten.com\/da\/produkt\/dkny-golden-delicious-edp-30ml\/"},"modified":"2026-04-12T17:37:51","modified_gmt":"2026-04-12T17:37:51","slug":"dkny-golden-delicious-edp-30ml","status":"publish","type":"product","link":"https:\/\/stylingagenten.com\/da\/produkt\/dkny-golden-delicious-edp-30ml\/","title":{"rendered":"DKNY Golden Delicious Edp 30ml"},"content":{"rendered":"<p>DKNY Golden Delicious er en luksuri\u00f8s, magisk og speciel parfume. Ligesom byen &quot;The Apple&quot; &#8211; New York har en blanding af sprudlende f\u00f8lelser, varm puls og sensualitet.<\/p>\n<p><strong>Duftnoter:<\/strong> orange blomst, hvid rose, mugu-blomst, moskus, sandeltr\u00e6; og teaktr\u00e6.<\/p>\n","protected":false},"excerpt":{"rendered":"<p>DKNY Golden Delicious er en luksuri\u00f8s, magisk og speciel parfume. Ligesom byen &quot;The Apple&quot; &#8211; New York har en blanding af sprudlende f\u00f8lelser, varm puls og sensualitet. Duftnoter: orange blomst, hvid rose, mugu-blomst, moskus, sandeltr\u00e6; og teaktr\u00e6.<\/p>\n","protected":false},"featured_media":137328,"comment_status":"open","ping_status":"closed","template":"","meta":{"_trash_the_other_posts":false},"product_brand":[],"product_cat":[706,735,999],"product_tag":[2827],"berocket_brand":[1291],"class_list":{"0":"post-137330","1":"product","2":"type-product","3":"status-publish","4":"has-post-thumbnail","6":"product_cat-eau-de-parfum-dame","7":"product_cat-kampagne","8":"product_cat-kampagnetilbud-til-hende","9":"product_tag-dkny-golden-delicious-edp","10":"pa_brand-dkny","11":"pa_variant-30ml","12":"berocket_brand-dkny","14":"first","15":"instock","16":"sale","17":"taxable","18":"shipping-taxable","19":"purchasable","20":"product-type-simple"},"_links":{"self":[{"href":"https:\/\/stylingagenten.com\/da\/wp-json\/wp\/v2\/product\/137330","targetHints":{"allow":["GET"]}}],"collection":[{"href":"https:\/\/stylingagenten.com\/da\/wp-json\/wp\/v2\/product"}],"about":[{"href":"https:\/\/stylingagenten.com\/da\/wp-json\/wp\/v2\/types\/product"}],"replies":[{"embeddable":true,"href":"https:\/\/stylingagenten.com\/da\/wp-json\/wp\/v2\/comments?post=137330"}],"version-history":[{"count":0,"href":"https:\/\/stylingagenten.com\/da\/wp-json\/wp\/v2\/product\/137330\/revisions"}],"wp:featuredmedia":[{"embeddable":true,"href":"https:\/\/stylingagenten.com\/da\/wp-json\/wp\/v2\/media\/137328"}],"wp:attachment":[{"href":"https:\/\/stylingagenten.com\/da\/wp-json\/wp\/v2\/media?parent=137330"}],"wp:term":[{"taxonomy":"product_brand","embeddable":true,"href":"https:\/\/stylingagenten.com\/da\/wp-json\/wp\/v2\/product_brand?post=137330"},{"taxonomy":"product_cat","embeddable":true,"href":"https:\/\/stylingagenten.com\/da\/wp-json\/wp\/v2\/product_cat?post=137330"},{"taxonomy":"product_tag","embeddable":true,"href":"https:\/\/stylingagenten.com\/da\/wp-json\/wp\/v2\/product_tag?post=137330"},{"taxonomy":"berocket_brand","embeddable":true,"href":"https:\/\/stylingagenten.com\/da\/wp-json\/wp\/v2\/berocket_brand?post=137330"}],"curies":[{"name":"wp","href":"https:\/\/api.w.org\/{rel}","templated":true}]}}