{"id":137321,"date":"2025-05-18T22:50:23","date_gmt":"2025-05-18T22:50:23","guid":{"rendered":"https:\/\/staging2.stylingagenten.com\/da\/produkt\/versace-bright-crystal-edt-50ml\/"},"modified":"2026-03-29T10:38:49","modified_gmt":"2026-03-29T10:38:49","slug":"versace-bright-crystal-edt-50ml","status":"publish","type":"product","link":"https:\/\/stylingagenten.com\/da\/produkt\/versace-bright-crystal-edt-50ml\/","title":{"rendered":"Versace Bright Crystal Edt 50ml"},"content":{"rendered":"<p><span style=\"line-height: 18.9090900421143px\">Versace Bright Crystal er en bl\u00f8d, frisk og glamour\u00f8s duft til kvinden med en f\u00f8lelse af flair og luksus. En vidunderlig duft med noter af granat\u00e6ble, magnolia og p\u00e6on.<\/span><br style=\"line-height: 18.9090900421143px\"><br style=\"line-height: 18.9090900421143px\"><span><strong>Duftnoter:<\/strong> granat\u00e6ble&auml;\u00e6ble, yuzu, citrusfrugter, magnolia, p\u00e6on, lotusblomst, moskus, acajou, mahogni &amp; amp; rav.<\/span><\/p>\n","protected":false},"excerpt":{"rendered":"<p>Versace Bright Crystal er en bl\u00f8d, frisk og glamour\u00f8s duft til kvinden med en f\u00f8lelse af flair og luksus. En vidunderlig duft med noter af granat\u00e6ble, magnolia og p\u00e6on.Duftnoter: granat\u00e6ble&auml;\u00e6ble, yuzu, citrusfrugter, magnolia, p\u00e6on, lotusblomst, moskus, acajou, mahogni &amp; amp; rav.<\/p>\n","protected":false},"featured_media":137309,"comment_status":"open","ping_status":"closed","template":"","meta":{"_trash_the_other_posts":false},"product_brand":[],"product_cat":[1003,707,735,999],"product_tag":[4041],"berocket_brand":[1083],"class_list":{"0":"post-137321","1":"product","2":"type-product","3":"status-publish","4":"has-post-thumbnail","6":"product_cat-bestsellere","7":"product_cat-eau-de-toilette-dame","8":"product_cat-kampagne","9":"product_cat-kampagnetilbud-til-hende","10":"product_tag-versace-bright-crystal-edt","11":"pa_brand-versace","12":"pa_variant-50ml","13":"berocket_brand-versace","15":"first","16":"instock","17":"sale","18":"taxable","19":"shipping-taxable","20":"purchasable","21":"product-type-simple"},"_links":{"self":[{"href":"https:\/\/stylingagenten.com\/da\/wp-json\/wp\/v2\/product\/137321","targetHints":{"allow":["GET"]}}],"collection":[{"href":"https:\/\/stylingagenten.com\/da\/wp-json\/wp\/v2\/product"}],"about":[{"href":"https:\/\/stylingagenten.com\/da\/wp-json\/wp\/v2\/types\/product"}],"replies":[{"embeddable":true,"href":"https:\/\/stylingagenten.com\/da\/wp-json\/wp\/v2\/comments?post=137321"}],"version-history":[{"count":0,"href":"https:\/\/stylingagenten.com\/da\/wp-json\/wp\/v2\/product\/137321\/revisions"}],"wp:featuredmedia":[{"embeddable":true,"href":"https:\/\/stylingagenten.com\/da\/wp-json\/wp\/v2\/media\/137309"}],"wp:attachment":[{"href":"https:\/\/stylingagenten.com\/da\/wp-json\/wp\/v2\/media?parent=137321"}],"wp:term":[{"taxonomy":"product_brand","embeddable":true,"href":"https:\/\/stylingagenten.com\/da\/wp-json\/wp\/v2\/product_brand?post=137321"},{"taxonomy":"product_cat","embeddable":true,"href":"https:\/\/stylingagenten.com\/da\/wp-json\/wp\/v2\/product_cat?post=137321"},{"taxonomy":"product_tag","embeddable":true,"href":"https:\/\/stylingagenten.com\/da\/wp-json\/wp\/v2\/product_tag?post=137321"},{"taxonomy":"berocket_brand","embeddable":true,"href":"https:\/\/stylingagenten.com\/da\/wp-json\/wp\/v2\/berocket_brand?post=137321"}],"curies":[{"name":"wp","href":"https:\/\/api.w.org\/{rel}","templated":true}]}}