{"id":137272,"date":"2025-05-18T22:50:13","date_gmt":"2025-05-18T22:50:13","guid":{"rendered":"https:\/\/staging2.stylingagenten.com\/da\/produkt\/calvin-klein-ck-one-edt-200ml\/"},"modified":"2026-04-15T07:10:21","modified_gmt":"2026-04-15T07:10:21","slug":"calvin-klein-ck-one-edt-200ml","status":"publish","type":"product","link":"https:\/\/stylingagenten.com\/da\/produkt\/calvin-klein-ck-one-edt-200ml\/","title":{"rendered":"Calvin Klein CK One Edt 200ml"},"content":{"rendered":"<p>Calvin Klein CK One er en s\u00e6sonbestemt unisex parfume med en frisk, forfriskende og frugtagtig duft.<\/p>\n<p><strong>Duftnoter:<\/strong> bergamot, mandarin, kardemomme, jasmin, ananas, papaya, rav , muskatn\u00f8d, sandeltr\u00e6&auml; og gr\u00f8n te.<\/p>\n","protected":false},"excerpt":{"rendered":"<p>Calvin Klein CK One er en s\u00e6sonbestemt unisex parfume med en frisk, forfriskende og frugtagtig duft. Duftnoter: bergamot, mandarin, kardemomme, jasmin, ananas, papaya, rav , muskatn\u00f8d, sandeltr\u00e6&auml; og gr\u00f8n te.<\/p>\n","protected":false},"featured_media":137269,"comment_status":"open","ping_status":"closed","template":"","meta":{"_trash_the_other_posts":false},"product_brand":[],"product_cat":[1003,749,709,707,1006,713],"product_tag":[2640],"berocket_brand":[1014],"class_list":{"0":"post-137272","1":"product","2":"type-product","3":"status-publish","4":"has-post-thumbnail","6":"product_cat-bestsellere","7":"product_cat-calvin-klein-ck-one","8":"product_cat-eau-de-toilette-mr","9":"product_cat-eau-de-toilette-dame","10":"product_cat-kampagnepris","11":"product_cat-parfume-unisex","12":"product_tag-calvin-klein-ck-one-edt","13":"pa_brand-calvin-klein","14":"pa_variant-200ml","15":"berocket_brand-calvin-klein","17":"first","18":"instock","19":"sale","20":"taxable","21":"shipping-taxable","22":"purchasable","23":"product-type-simple"},"_links":{"self":[{"href":"https:\/\/stylingagenten.com\/da\/wp-json\/wp\/v2\/product\/137272","targetHints":{"allow":["GET"]}}],"collection":[{"href":"https:\/\/stylingagenten.com\/da\/wp-json\/wp\/v2\/product"}],"about":[{"href":"https:\/\/stylingagenten.com\/da\/wp-json\/wp\/v2\/types\/product"}],"replies":[{"embeddable":true,"href":"https:\/\/stylingagenten.com\/da\/wp-json\/wp\/v2\/comments?post=137272"}],"version-history":[{"count":0,"href":"https:\/\/stylingagenten.com\/da\/wp-json\/wp\/v2\/product\/137272\/revisions"}],"wp:featuredmedia":[{"embeddable":true,"href":"https:\/\/stylingagenten.com\/da\/wp-json\/wp\/v2\/media\/137269"}],"wp:attachment":[{"href":"https:\/\/stylingagenten.com\/da\/wp-json\/wp\/v2\/media?parent=137272"}],"wp:term":[{"taxonomy":"product_brand","embeddable":true,"href":"https:\/\/stylingagenten.com\/da\/wp-json\/wp\/v2\/product_brand?post=137272"},{"taxonomy":"product_cat","embeddable":true,"href":"https:\/\/stylingagenten.com\/da\/wp-json\/wp\/v2\/product_cat?post=137272"},{"taxonomy":"product_tag","embeddable":true,"href":"https:\/\/stylingagenten.com\/da\/wp-json\/wp\/v2\/product_tag?post=137272"},{"taxonomy":"berocket_brand","embeddable":true,"href":"https:\/\/stylingagenten.com\/da\/wp-json\/wp\/v2\/berocket_brand?post=137272"}],"curies":[{"name":"wp","href":"https:\/\/api.w.org\/{rel}","templated":true}]}}