{"id":137270,"date":"2025-05-18T22:50:12","date_gmt":"2025-05-18T22:50:12","guid":{"rendered":"https:\/\/staging2.stylingagenten.com\/da\/produkt\/calvin-klein-ck-one-edt-50ml\/"},"modified":"2026-04-13T12:07:53","modified_gmt":"2026-04-13T12:07:53","slug":"calvin-klein-ck-one-edt-50ml","status":"publish","type":"product","link":"https:\/\/stylingagenten.com\/da\/produkt\/calvin-klein-ck-one-edt-50ml\/","title":{"rendered":"Calvin Klein CK One Edt 50ml"},"content":{"rendered":"<p>Calvin Klein CK One er en s\u00e6sonbestemt unisex parfume med en frisk, forfriskende og frugtagtig duft.<\/p>\n<p><strong>Duftnoter:<\/strong> bergamot, mandarin, kardemomme, jasmin, ananas, papaya, rav , muskatn\u00f8d, sandeltr\u00e6&auml; og gr\u00f8n te.<\/p>\n","protected":false},"excerpt":{"rendered":"<p>Calvin Klein CK One er en s\u00e6sonbestemt unisex parfume med en frisk, forfriskende og frugtagtig duft. Duftnoter: bergamot, mandarin, kardemomme, jasmin, ananas, papaya, rav , muskatn\u00f8d, sandeltr\u00e6&auml; og gr\u00f8n te.<\/p>\n","protected":false},"featured_media":137267,"comment_status":"open","ping_status":"closed","template":"","meta":{"_trash_the_other_posts":false},"product_brand":[],"product_cat":[749,709,707,713],"product_tag":[2640],"berocket_brand":[1014],"class_list":{"0":"post-137270","1":"product","2":"type-product","3":"status-publish","4":"has-post-thumbnail","6":"product_cat-calvin-klein-ck-one","7":"product_cat-eau-de-toilette-mr","8":"product_cat-eau-de-toilette-dame","9":"product_cat-parfume-unisex","10":"product_tag-calvin-klein-ck-one-edt","11":"pa_brand-calvin-klein","12":"pa_variant-50ml","13":"berocket_brand-calvin-klein","15":"first","16":"instock","17":"sale","18":"taxable","19":"shipping-taxable","20":"purchasable","21":"product-type-simple"},"_links":{"self":[{"href":"https:\/\/stylingagenten.com\/da\/wp-json\/wp\/v2\/product\/137270","targetHints":{"allow":["GET"]}}],"collection":[{"href":"https:\/\/stylingagenten.com\/da\/wp-json\/wp\/v2\/product"}],"about":[{"href":"https:\/\/stylingagenten.com\/da\/wp-json\/wp\/v2\/types\/product"}],"replies":[{"embeddable":true,"href":"https:\/\/stylingagenten.com\/da\/wp-json\/wp\/v2\/comments?post=137270"}],"version-history":[{"count":0,"href":"https:\/\/stylingagenten.com\/da\/wp-json\/wp\/v2\/product\/137270\/revisions"}],"wp:featuredmedia":[{"embeddable":true,"href":"https:\/\/stylingagenten.com\/da\/wp-json\/wp\/v2\/media\/137267"}],"wp:attachment":[{"href":"https:\/\/stylingagenten.com\/da\/wp-json\/wp\/v2\/media?parent=137270"}],"wp:term":[{"taxonomy":"product_brand","embeddable":true,"href":"https:\/\/stylingagenten.com\/da\/wp-json\/wp\/v2\/product_brand?post=137270"},{"taxonomy":"product_cat","embeddable":true,"href":"https:\/\/stylingagenten.com\/da\/wp-json\/wp\/v2\/product_cat?post=137270"},{"taxonomy":"product_tag","embeddable":true,"href":"https:\/\/stylingagenten.com\/da\/wp-json\/wp\/v2\/product_tag?post=137270"},{"taxonomy":"berocket_brand","embeddable":true,"href":"https:\/\/stylingagenten.com\/da\/wp-json\/wp\/v2\/berocket_brand?post=137270"}],"curies":[{"name":"wp","href":"https:\/\/api.w.org\/{rel}","templated":true}]}}