{"id":137266,"date":"2025-05-18T22:50:11","date_gmt":"2025-05-18T22:50:11","guid":{"rendered":"https:\/\/staging2.stylingagenten.com\/da\/produkt\/britney-spears-midnight-fantasy-edp-30ml\/"},"modified":"2026-04-01T11:47:32","modified_gmt":"2026-04-01T11:47:32","slug":"britney-spears-midnight-fantasy-edp-30ml","status":"publish","type":"product","link":"https:\/\/stylingagenten.com\/da\/produkt\/britney-spears-midnight-fantasy-edp-30ml\/","title":{"rendered":"Britney Spears Midnight Fantasy Edp 30ml"},"content":{"rendered":"<p>Britney Spears Midnight Fantasy er en varm og drilsk duft, hvis aroma af orkid\u00e9, fresia, iris, ambra, moskus og vanilje giver en meget s\u00f8d f\u00f8lelse, der leder tankerne hen p\u00e5 friske karameller.<\/p>\n<p><strong> Duftnoter: <\/strong>hindb\u00e6r, blomme, sorte kirseb\u00e6r, fresia, iris, natorkid\u00e9, vanilje, moskus og rav.<\/p>\n","protected":false},"excerpt":{"rendered":"<p>Britney Spears Midnight Fantasy er en varm og drilsk duft, hvis aroma af orkid\u00e9, fresia, iris, ambra, moskus og vanilje giver en meget s\u00f8d f\u00f8lelse, der leder tankerne hen p\u00e5 friske karameller. Duftnoter: hindb\u00e6r, blomme, sorte kirseb\u00e6r, fresia, iris, natorkid\u00e9, vanilje, moskus og rav.<\/p>\n","protected":false},"featured_media":137258,"comment_status":"open","ping_status":"closed","template":"","meta":{"_trash_the_other_posts":false},"product_brand":[],"product_cat":[1003,706,735,1006,999],"product_tag":[2580],"berocket_brand":[1031],"class_list":{"0":"post-137266","1":"product","2":"type-product","3":"status-publish","4":"has-post-thumbnail","6":"product_cat-bestsellere","7":"product_cat-eau-de-parfum-dame","8":"product_cat-kampagne","9":"product_cat-kampagnepris","10":"product_cat-kampagnetilbud-til-hende","11":"product_tag-britney-spears-midnight-fantasy-edp","12":"pa_brand-britney-spears","13":"pa_variant-30ml","14":"berocket_brand-britney-spears","16":"first","17":"outofstock","18":"sale","19":"taxable","20":"shipping-taxable","21":"purchasable","22":"product-type-simple"},"_links":{"self":[{"href":"https:\/\/stylingagenten.com\/da\/wp-json\/wp\/v2\/product\/137266","targetHints":{"allow":["GET"]}}],"collection":[{"href":"https:\/\/stylingagenten.com\/da\/wp-json\/wp\/v2\/product"}],"about":[{"href":"https:\/\/stylingagenten.com\/da\/wp-json\/wp\/v2\/types\/product"}],"replies":[{"embeddable":true,"href":"https:\/\/stylingagenten.com\/da\/wp-json\/wp\/v2\/comments?post=137266"}],"version-history":[{"count":0,"href":"https:\/\/stylingagenten.com\/da\/wp-json\/wp\/v2\/product\/137266\/revisions"}],"wp:featuredmedia":[{"embeddable":true,"href":"https:\/\/stylingagenten.com\/da\/wp-json\/wp\/v2\/media\/137258"}],"wp:attachment":[{"href":"https:\/\/stylingagenten.com\/da\/wp-json\/wp\/v2\/media?parent=137266"}],"wp:term":[{"taxonomy":"product_brand","embeddable":true,"href":"https:\/\/stylingagenten.com\/da\/wp-json\/wp\/v2\/product_brand?post=137266"},{"taxonomy":"product_cat","embeddable":true,"href":"https:\/\/stylingagenten.com\/da\/wp-json\/wp\/v2\/product_cat?post=137266"},{"taxonomy":"product_tag","embeddable":true,"href":"https:\/\/stylingagenten.com\/da\/wp-json\/wp\/v2\/product_tag?post=137266"},{"taxonomy":"berocket_brand","embeddable":true,"href":"https:\/\/stylingagenten.com\/da\/wp-json\/wp\/v2\/berocket_brand?post=137266"}],"curies":[{"name":"wp","href":"https:\/\/api.w.org\/{rel}","templated":true}]}}