{"id":137260,"date":"2025-05-18T22:50:11","date_gmt":"2025-05-18T22:50:11","guid":{"rendered":"https:\/\/staging2.stylingagenten.com\/da\/produkt\/tommy-hilfiger-tommy-girl-edt-50ml\/"},"modified":"2026-04-10T19:18:32","modified_gmt":"2026-04-10T19:18:32","slug":"tommy-hilfiger-tommy-girl-edt-50ml","status":"publish","type":"product","link":"https:\/\/stylingagenten.com\/da\/produkt\/tommy-hilfiger-tommy-girl-edt-50ml\/","title":{"rendered":"Tommy Hilfiger Tommy Girl Edt 50ml"},"content":{"rendered":"<p>Tommy Hilfiger Tommy Girl er en frisk og feminin duft med noter af mandarin, \u00e6bleblomst og jasmin.<\/p>\n<p>Duftnoter: mandarin, gr\u00f8nmynte, solb\u00e6r, cedertr\u00e6, \u00e6bleblomst, jasmin, viol, lyng , egemos &amp; sandeltr\u00e6&auml;.<\/p>\n","protected":false},"excerpt":{"rendered":"<p>Tommy Hilfiger Tommy Girl er en frisk og feminin duft med noter af mandarin, \u00e6bleblomst og jasmin. Duftnoter: mandarin, gr\u00f8nmynte, solb\u00e6r, cedertr\u00e6, \u00e6bleblomst, jasmin, viol, lyng , egemos &amp; sandeltr\u00e6&auml;.<\/p>\n","protected":false},"featured_media":137259,"comment_status":"open","ping_status":"closed","template":"","meta":{"_trash_the_other_posts":false},"product_brand":[],"product_cat":[707,735,999],"product_tag":[4024],"berocket_brand":[1114],"class_list":{"0":"post-137260","1":"product","2":"type-product","3":"status-publish","4":"has-post-thumbnail","6":"product_cat-eau-de-toilette-dame","7":"product_cat-kampagne","8":"product_cat-kampagnetilbud-til-hende","9":"product_tag-tommy-hilfiger-tommy-girl-edt","10":"pa_brand-tommy-hilfiger","11":"pa_variant-50ml","12":"berocket_brand-tommy-hilfiger","14":"first","15":"instock","16":"sale","17":"taxable","18":"shipping-taxable","19":"purchasable","20":"product-type-simple"},"_links":{"self":[{"href":"https:\/\/stylingagenten.com\/da\/wp-json\/wp\/v2\/product\/137260","targetHints":{"allow":["GET"]}}],"collection":[{"href":"https:\/\/stylingagenten.com\/da\/wp-json\/wp\/v2\/product"}],"about":[{"href":"https:\/\/stylingagenten.com\/da\/wp-json\/wp\/v2\/types\/product"}],"replies":[{"embeddable":true,"href":"https:\/\/stylingagenten.com\/da\/wp-json\/wp\/v2\/comments?post=137260"}],"version-history":[{"count":0,"href":"https:\/\/stylingagenten.com\/da\/wp-json\/wp\/v2\/product\/137260\/revisions"}],"wp:featuredmedia":[{"embeddable":true,"href":"https:\/\/stylingagenten.com\/da\/wp-json\/wp\/v2\/media\/137259"}],"wp:attachment":[{"href":"https:\/\/stylingagenten.com\/da\/wp-json\/wp\/v2\/media?parent=137260"}],"wp:term":[{"taxonomy":"product_brand","embeddable":true,"href":"https:\/\/stylingagenten.com\/da\/wp-json\/wp\/v2\/product_brand?post=137260"},{"taxonomy":"product_cat","embeddable":true,"href":"https:\/\/stylingagenten.com\/da\/wp-json\/wp\/v2\/product_cat?post=137260"},{"taxonomy":"product_tag","embeddable":true,"href":"https:\/\/stylingagenten.com\/da\/wp-json\/wp\/v2\/product_tag?post=137260"},{"taxonomy":"berocket_brand","embeddable":true,"href":"https:\/\/stylingagenten.com\/da\/wp-json\/wp\/v2\/berocket_brand?post=137260"}],"curies":[{"name":"wp","href":"https:\/\/api.w.org\/{rel}","templated":true}]}}