{"id":137252,"date":"2025-05-18T22:50:08","date_gmt":"2025-05-18T22:50:08","guid":{"rendered":"https:\/\/staging2.stylingagenten.com\/da\/produkt\/cerruti-1881-femme-edt-100ml\/"},"modified":"2026-04-13T09:38:35","modified_gmt":"2026-04-13T09:38:35","slug":"cerruti-1881-femme-edt-100ml","status":"publish","type":"product","link":"https:\/\/stylingagenten.com\/da\/produkt\/cerruti-1881-femme-edt-100ml\/","title":{"rendered":"Cerruti 1881 Femme Edt 100ml"},"content":{"rendered":"<p>Cerruti 1881 Femme er en frisk og blomstret duft, der passer til b\u00e5de den \u00e6ldre dame og den yngre kvinde.<\/p>\n<p><strong>Duftnoter:<\/strong> roser, mimosa, jasmin , fresia, appelsinblomst, kamille &amp; h\u00f8rblomst.<\/p>\n","protected":false},"excerpt":{"rendered":"<p>Cerruti 1881 Femme er en frisk og blomstret duft, der passer til b\u00e5de den \u00e6ldre dame og den yngre kvinde. Duftnoter: roser, mimosa, jasmin , fresia, appelsinblomst, kamille &amp; h\u00f8rblomst.<\/p>\n","protected":false},"featured_media":137248,"comment_status":"open","ping_status":"closed","template":"","meta":{"_trash_the_other_posts":false},"product_brand":[],"product_cat":[1003,798,707,735,1006,999],"product_tag":[2681],"berocket_brand":[1075],"class_list":{"0":"post-137252","1":"product","2":"type-product","3":"status-publish","4":"has-post-thumbnail","6":"product_cat-bestsellere","7":"product_cat-cerruti-1881-femme","8":"product_cat-eau-de-toilette-dame","9":"product_cat-kampagne","10":"product_cat-kampagnepris","11":"product_cat-kampagnetilbud-til-hende","12":"product_tag-cerruti-1881-femme-edt","13":"pa_brand-cerruti","14":"pa_variant-100ml","15":"berocket_brand-cerruti","17":"first","18":"instock","19":"sale","20":"taxable","21":"shipping-taxable","22":"purchasable","23":"product-type-simple"},"_links":{"self":[{"href":"https:\/\/stylingagenten.com\/da\/wp-json\/wp\/v2\/product\/137252","targetHints":{"allow":["GET"]}}],"collection":[{"href":"https:\/\/stylingagenten.com\/da\/wp-json\/wp\/v2\/product"}],"about":[{"href":"https:\/\/stylingagenten.com\/da\/wp-json\/wp\/v2\/types\/product"}],"replies":[{"embeddable":true,"href":"https:\/\/stylingagenten.com\/da\/wp-json\/wp\/v2\/comments?post=137252"}],"version-history":[{"count":0,"href":"https:\/\/stylingagenten.com\/da\/wp-json\/wp\/v2\/product\/137252\/revisions"}],"wp:featuredmedia":[{"embeddable":true,"href":"https:\/\/stylingagenten.com\/da\/wp-json\/wp\/v2\/media\/137248"}],"wp:attachment":[{"href":"https:\/\/stylingagenten.com\/da\/wp-json\/wp\/v2\/media?parent=137252"}],"wp:term":[{"taxonomy":"product_brand","embeddable":true,"href":"https:\/\/stylingagenten.com\/da\/wp-json\/wp\/v2\/product_brand?post=137252"},{"taxonomy":"product_cat","embeddable":true,"href":"https:\/\/stylingagenten.com\/da\/wp-json\/wp\/v2\/product_cat?post=137252"},{"taxonomy":"product_tag","embeddable":true,"href":"https:\/\/stylingagenten.com\/da\/wp-json\/wp\/v2\/product_tag?post=137252"},{"taxonomy":"berocket_brand","embeddable":true,"href":"https:\/\/stylingagenten.com\/da\/wp-json\/wp\/v2\/berocket_brand?post=137252"}],"curies":[{"name":"wp","href":"https:\/\/api.w.org\/{rel}","templated":true}]}}