{"id":137249,"date":"2025-05-18T22:50:08","date_gmt":"2025-05-18T22:50:08","guid":{"rendered":"https:\/\/staging2.stylingagenten.com\/da\/produkt\/britney-spears-fantasy-edp-100ml\/"},"modified":"2026-04-03T21:18:31","modified_gmt":"2026-04-03T21:18:31","slug":"britney-spears-fantasy-edp-100ml","status":"publish","type":"product","link":"https:\/\/stylingagenten.com\/da\/produkt\/britney-spears-fantasy-edp-100ml\/","title":{"rendered":"Britney Spears Fantasy Edp 100ml"},"content":{"rendered":"<p>Britney Spears Fantasy er en frugtagtig, s\u00f8d og blomstret duft, der er ideel til romantiske lejligheder.<\/p>\n<p><strong>Duftnoter:<\/strong> kiwi, r&ouml;d litchi, kv\u00e6de, hvid chokolade, orkid\u00e9&amp;eacute ;, sm\u00e5kageakkord, jasmin, irisrod, moskus og eksotisk tr\u00e6.<\/p>\n","protected":false},"excerpt":{"rendered":"<p>Britney Spears Fantasy er en frugtagtig, s\u00f8d og blomstret duft, der er ideel til romantiske lejligheder. Duftnoter: kiwi, r&ouml;d litchi, kv\u00e6de, hvid chokolade, orkid\u00e9&amp;eacute ;, sm\u00e5kageakkord, jasmin, irisrod, moskus og eksotisk tr\u00e6.<\/p>\n","protected":false},"featured_media":137243,"comment_status":"open","ping_status":"closed","template":"","meta":{"_trash_the_other_posts":false},"product_brand":[],"product_cat":[1003,771,706,1006],"product_tag":[2578],"berocket_brand":[1031],"class_list":{"0":"post-137249","1":"product","2":"type-product","3":"status-publish","4":"has-post-thumbnail","6":"product_cat-bestsellere","7":"product_cat-britney-spears-fantasy","8":"product_cat-eau-de-parfum-dame","9":"product_cat-kampagnepris","10":"product_tag-britney-spears-fantasy-edp","11":"pa_brand-britney-spears","12":"pa_variant-100ml","13":"berocket_brand-britney-spears","15":"first","16":"outofstock","17":"sale","18":"taxable","19":"shipping-taxable","20":"purchasable","21":"product-type-simple"},"_links":{"self":[{"href":"https:\/\/stylingagenten.com\/da\/wp-json\/wp\/v2\/product\/137249","targetHints":{"allow":["GET"]}}],"collection":[{"href":"https:\/\/stylingagenten.com\/da\/wp-json\/wp\/v2\/product"}],"about":[{"href":"https:\/\/stylingagenten.com\/da\/wp-json\/wp\/v2\/types\/product"}],"replies":[{"embeddable":true,"href":"https:\/\/stylingagenten.com\/da\/wp-json\/wp\/v2\/comments?post=137249"}],"version-history":[{"count":0,"href":"https:\/\/stylingagenten.com\/da\/wp-json\/wp\/v2\/product\/137249\/revisions"}],"wp:featuredmedia":[{"embeddable":true,"href":"https:\/\/stylingagenten.com\/da\/wp-json\/wp\/v2\/media\/137243"}],"wp:attachment":[{"href":"https:\/\/stylingagenten.com\/da\/wp-json\/wp\/v2\/media?parent=137249"}],"wp:term":[{"taxonomy":"product_brand","embeddable":true,"href":"https:\/\/stylingagenten.com\/da\/wp-json\/wp\/v2\/product_brand?post=137249"},{"taxonomy":"product_cat","embeddable":true,"href":"https:\/\/stylingagenten.com\/da\/wp-json\/wp\/v2\/product_cat?post=137249"},{"taxonomy":"product_tag","embeddable":true,"href":"https:\/\/stylingagenten.com\/da\/wp-json\/wp\/v2\/product_tag?post=137249"},{"taxonomy":"berocket_brand","embeddable":true,"href":"https:\/\/stylingagenten.com\/da\/wp-json\/wp\/v2\/berocket_brand?post=137249"}],"curies":[{"name":"wp","href":"https:\/\/api.w.org\/{rel}","templated":true}]}}