{"id":137237,"date":"2025-05-18T22:50:05","date_gmt":"2025-05-18T22:50:05","guid":{"rendered":"https:\/\/staging2.stylingagenten.com\/da\/produkt\/davidoff-cool-water-woman-edt-50ml\/"},"modified":"2026-03-26T16:28:45","modified_gmt":"2026-03-26T16:28:45","slug":"davidoff-cool-water-woman-edt-50ml","status":"publish","type":"product","link":"https:\/\/stylingagenten.com\/da\/produkt\/davidoff-cool-water-woman-edt-50ml\/","title":{"rendered":"Davidoff Cool Water Woman Edt 50ml"},"content":{"rendered":"<p>Davidoff Cool Water Woman er en frisk duft, der prim\u00e6rt forbedrer en kvindes selvtillid og naturlige sk\u00f8nhed. Oplev denne funklende, friske og sensuelle f\u00f8lelse.<\/p>\n<p><strong>Duftnoter:<\/strong> ozoniske noter, citrus, ananas, sorte druer, honningmelon, lotus, nektarin, kornblomst, jasmin, muguet, iris, vetiver, sandeltr\u00e6, fersken &amp; mullb&auml;r.<\/p>\n","protected":false},"excerpt":{"rendered":"<p>Davidoff Cool Water Woman er en frisk duft, der prim\u00e6rt forbedrer en kvindes selvtillid og naturlige sk\u00f8nhed. Oplev denne funklende, friske og sensuelle f\u00f8lelse. Duftnoter: ozoniske noter, citrus, ananas, sorte druer, honningmelon, lotus, nektarin, kornblomst, jasmin, muguet, iris, vetiver, sandeltr\u00e6, fersken &amp; mullb&auml;r.<\/p>\n","protected":false},"featured_media":137236,"comment_status":"open","ping_status":"closed","template":"","meta":{"_trash_the_other_posts":false},"product_brand":[],"product_cat":[1003,707,735,999],"product_tag":[2785],"berocket_brand":[1282],"class_list":{"0":"post-137237","1":"product","2":"type-product","3":"status-publish","4":"has-post-thumbnail","6":"product_cat-bestsellere","7":"product_cat-eau-de-toilette-dame","8":"product_cat-kampagne","9":"product_cat-kampagnetilbud-til-hende","10":"product_tag-davidoff-cool-water-woman-edt","11":"pa_brand-davidoff","12":"pa_variant-50ml","13":"berocket_brand-davidoff","15":"first","16":"instock","17":"sale","18":"taxable","19":"shipping-taxable","20":"purchasable","21":"product-type-simple"},"_links":{"self":[{"href":"https:\/\/stylingagenten.com\/da\/wp-json\/wp\/v2\/product\/137237","targetHints":{"allow":["GET"]}}],"collection":[{"href":"https:\/\/stylingagenten.com\/da\/wp-json\/wp\/v2\/product"}],"about":[{"href":"https:\/\/stylingagenten.com\/da\/wp-json\/wp\/v2\/types\/product"}],"replies":[{"embeddable":true,"href":"https:\/\/stylingagenten.com\/da\/wp-json\/wp\/v2\/comments?post=137237"}],"version-history":[{"count":0,"href":"https:\/\/stylingagenten.com\/da\/wp-json\/wp\/v2\/product\/137237\/revisions"}],"wp:featuredmedia":[{"embeddable":true,"href":"https:\/\/stylingagenten.com\/da\/wp-json\/wp\/v2\/media\/137236"}],"wp:attachment":[{"href":"https:\/\/stylingagenten.com\/da\/wp-json\/wp\/v2\/media?parent=137237"}],"wp:term":[{"taxonomy":"product_brand","embeddable":true,"href":"https:\/\/stylingagenten.com\/da\/wp-json\/wp\/v2\/product_brand?post=137237"},{"taxonomy":"product_cat","embeddable":true,"href":"https:\/\/stylingagenten.com\/da\/wp-json\/wp\/v2\/product_cat?post=137237"},{"taxonomy":"product_tag","embeddable":true,"href":"https:\/\/stylingagenten.com\/da\/wp-json\/wp\/v2\/product_tag?post=137237"},{"taxonomy":"berocket_brand","embeddable":true,"href":"https:\/\/stylingagenten.com\/da\/wp-json\/wp\/v2\/berocket_brand?post=137237"}],"curies":[{"name":"wp","href":"https:\/\/api.w.org\/{rel}","templated":true}]}}