{"id":137221,"date":"2025-05-18T22:50:02","date_gmt":"2025-05-18T22:50:02","guid":{"rendered":"https:\/\/staging2.stylingagenten.com\/da\/produkt\/elizabeth-arden-beauty-edp-50ml\/"},"modified":"2026-04-12T15:08:50","modified_gmt":"2026-04-12T15:08:50","slug":"elizabeth-arden-beauty-edp-50ml","status":"publish","type":"product","link":"https:\/\/stylingagenten.com\/da\/produkt\/elizabeth-arden-beauty-edp-50ml\/","title":{"rendered":"Elizabeth Arden Beauty Edp 50ml"},"content":{"rendered":"<p>Elizabeth Arden Beauty er en frisk og blomstret duft med varme og krydderi i. Parfumen er bl\u00f8d og behagelig og passer til kvinden, der \u00f8nsker at f\u00f8le sig romantisk.<\/p>\n<p><strong>Duftnoter:<\/strong> risblomst, italiensk bergamot, gr\u00f8n akkord, bl&aring; lotusblomst, liljer, orkid\u00e9&eacute;, indisk sandeltr\u00e6&auml;, hvid rav &amp; moskus.<\/p>\n","protected":false},"excerpt":{"rendered":"<p>Elizabeth Arden Beauty er en frisk og blomstret duft med varme og krydderi i. Parfumen er bl\u00f8d og behagelig og passer til kvinden, der \u00f8nsker at f\u00f8le sig romantisk. Duftnoter: risblomst, italiensk bergamot, gr\u00f8n akkord, bl&aring; lotusblomst, liljer, orkid\u00e9&eacute;, indisk sandeltr\u00e6&auml;, hvid rav &amp; moskus.<\/p>\n","protected":false},"featured_media":137216,"comment_status":"open","ping_status":"closed","template":"","meta":{"_trash_the_other_posts":false},"product_brand":[],"product_cat":[706,758,735,999],"product_tag":[2864],"berocket_brand":[1303],"class_list":{"0":"post-137221","1":"product","2":"type-product","3":"status-publish","4":"has-post-thumbnail","6":"product_cat-eau-de-parfum-dame","7":"product_cat-elizabeth-arden-beauty","8":"product_cat-kampagne","9":"product_cat-kampagnetilbud-til-hende","10":"product_tag-elizabeth-arden-beauty-edp","11":"pa_brand-elizabeth-arden","12":"pa_variant-50ml","13":"berocket_brand-elizabeth-arden","15":"first","16":"instock","17":"sale","18":"taxable","19":"shipping-taxable","20":"purchasable","21":"product-type-simple"},"_links":{"self":[{"href":"https:\/\/stylingagenten.com\/da\/wp-json\/wp\/v2\/product\/137221","targetHints":{"allow":["GET"]}}],"collection":[{"href":"https:\/\/stylingagenten.com\/da\/wp-json\/wp\/v2\/product"}],"about":[{"href":"https:\/\/stylingagenten.com\/da\/wp-json\/wp\/v2\/types\/product"}],"replies":[{"embeddable":true,"href":"https:\/\/stylingagenten.com\/da\/wp-json\/wp\/v2\/comments?post=137221"}],"version-history":[{"count":0,"href":"https:\/\/stylingagenten.com\/da\/wp-json\/wp\/v2\/product\/137221\/revisions"}],"wp:featuredmedia":[{"embeddable":true,"href":"https:\/\/stylingagenten.com\/da\/wp-json\/wp\/v2\/media\/137216"}],"wp:attachment":[{"href":"https:\/\/stylingagenten.com\/da\/wp-json\/wp\/v2\/media?parent=137221"}],"wp:term":[{"taxonomy":"product_brand","embeddable":true,"href":"https:\/\/stylingagenten.com\/da\/wp-json\/wp\/v2\/product_brand?post=137221"},{"taxonomy":"product_cat","embeddable":true,"href":"https:\/\/stylingagenten.com\/da\/wp-json\/wp\/v2\/product_cat?post=137221"},{"taxonomy":"product_tag","embeddable":true,"href":"https:\/\/stylingagenten.com\/da\/wp-json\/wp\/v2\/product_tag?post=137221"},{"taxonomy":"berocket_brand","embeddable":true,"href":"https:\/\/stylingagenten.com\/da\/wp-json\/wp\/v2\/berocket_brand?post=137221"}],"curies":[{"name":"wp","href":"https:\/\/api.w.org\/{rel}","templated":true}]}}