{"id":137153,"date":"2025-05-18T22:49:47","date_gmt":"2025-05-18T22:49:47","guid":{"rendered":"https:\/\/staging2.stylingagenten.com\/da\/produkt\/dolce-gabbana-light-blue-edt-100ml\/"},"modified":"2026-04-13T10:48:40","modified_gmt":"2026-04-13T10:48:40","slug":"dolce-gabbana-light-blue-edt-100ml","status":"publish","type":"product","link":"https:\/\/stylingagenten.com\/da\/produkt\/dolce-gabbana-light-blue-edt-100ml\/","title":{"rendered":"Dolce &amp; Gabbana Light Blue Edt 100ml"},"content":{"rendered":"<p>Dolce &amp; Gabbana Light Blue er uimodst\u00e5elig med sin friske, lette tone af citrus, \u00e6ble og jasmin. En parfume, der er en rigtig bestseller i hele verden.<\/p>\n<p><strong>Duftnoter:<\/strong> Siciliansk citron, granny smith \u00e6ble, jasmin, bambus, fresia, hvid rose, cedertr\u00e6, moskus &amp; rav.<\/p>\n","protected":false},"excerpt":{"rendered":"<p>Dolce &amp; Gabbana Light Blue er uimodst\u00e5elig med sin friske, lette tone af citrus, \u00e6ble og jasmin. En parfume, der er en rigtig bestseller i hele verden. Duftnoter: Siciliansk citron, granny smith \u00e6ble, jasmin, bambus, fresia, hvid rose, cedertr\u00e6, moskus &amp; rav.<\/p>\n","protected":false},"featured_media":137152,"comment_status":"open","ping_status":"closed","template":"","meta":{"_trash_the_other_posts":false},"product_brand":[],"product_cat":[832,707],"product_tag":[],"berocket_brand":[1292],"class_list":{"0":"post-137153","1":"product","2":"type-product","3":"status-publish","4":"has-post-thumbnail","6":"product_cat-dolce-gabbana-light-blue-women","7":"product_cat-eau-de-toilette-dame","8":"pa_brand-dolce-gabbana","9":"berocket_brand-dolce-gabbana","11":"first","12":"instock","13":"sale","14":"taxable","15":"shipping-taxable","16":"purchasable","17":"product-type-simple"},"_links":{"self":[{"href":"https:\/\/stylingagenten.com\/da\/wp-json\/wp\/v2\/product\/137153","targetHints":{"allow":["GET"]}}],"collection":[{"href":"https:\/\/stylingagenten.com\/da\/wp-json\/wp\/v2\/product"}],"about":[{"href":"https:\/\/stylingagenten.com\/da\/wp-json\/wp\/v2\/types\/product"}],"replies":[{"embeddable":true,"href":"https:\/\/stylingagenten.com\/da\/wp-json\/wp\/v2\/comments?post=137153"}],"version-history":[{"count":0,"href":"https:\/\/stylingagenten.com\/da\/wp-json\/wp\/v2\/product\/137153\/revisions"}],"wp:featuredmedia":[{"embeddable":true,"href":"https:\/\/stylingagenten.com\/da\/wp-json\/wp\/v2\/media\/137152"}],"wp:attachment":[{"href":"https:\/\/stylingagenten.com\/da\/wp-json\/wp\/v2\/media?parent=137153"}],"wp:term":[{"taxonomy":"product_brand","embeddable":true,"href":"https:\/\/stylingagenten.com\/da\/wp-json\/wp\/v2\/product_brand?post=137153"},{"taxonomy":"product_cat","embeddable":true,"href":"https:\/\/stylingagenten.com\/da\/wp-json\/wp\/v2\/product_cat?post=137153"},{"taxonomy":"product_tag","embeddable":true,"href":"https:\/\/stylingagenten.com\/da\/wp-json\/wp\/v2\/product_tag?post=137153"},{"taxonomy":"berocket_brand","embeddable":true,"href":"https:\/\/stylingagenten.com\/da\/wp-json\/wp\/v2\/berocket_brand?post=137153"}],"curies":[{"name":"wp","href":"https:\/\/api.w.org\/{rel}","templated":true}]}}