{"id":137142,"date":"2025-05-18T22:49:45","date_gmt":"2025-05-18T22:49:45","guid":{"rendered":"https:\/\/staging2.stylingagenten.com\/da\/produkt\/elizabeth-arden-5th-avenue-after-five-edp-125ml\/"},"modified":"2026-04-05T19:08:44","modified_gmt":"2026-04-05T19:08:44","slug":"elizabeth-arden-5th-avenue-after-five-edp-125ml","status":"publish","type":"product","link":"https:\/\/stylingagenten.com\/da\/produkt\/elizabeth-arden-5th-avenue-after-five-edp-125ml\/","title":{"rendered":"Elizabeth Arden 5th Avenue After Five Edp 125ml"},"content":{"rendered":"<p>Elizabeth Arden 5th Avenue After Five er en kvindelig duft, der er inspireret af New Yorks puls. Med noter af jasmin og blomme giver den en f\u00f8lelse af sensualitet.<\/p>\n<p><strong>Duftnoter:<\/strong> blomme, bergamot, koriander, jasmin, indisk orkid\u00e9&eacute;, sandeltr\u00e6, tonkab\u00f8nner, &amp; moskus.<\/p>\n","protected":false},"excerpt":{"rendered":"<p>Elizabeth Arden 5th Avenue After Five er en kvindelig duft, der er inspireret af New Yorks puls. Med noter af jasmin og blomme giver den en f\u00f8lelse af sensualitet. Duftnoter: blomme, bergamot, koriander, jasmin, indisk orkid\u00e9&eacute;, sandeltr\u00e6, tonkab\u00f8nner, &amp; moskus.<\/p>\n","protected":false},"featured_media":137137,"comment_status":"open","ping_status":"closed","template":"","meta":{"_trash_the_other_posts":false},"product_brand":[],"product_cat":[706,735,999],"product_tag":[],"berocket_brand":[1303],"class_list":{"0":"post-137142","1":"product","2":"type-product","3":"status-publish","4":"has-post-thumbnail","6":"product_cat-eau-de-parfum-dame","7":"product_cat-kampagne","8":"product_cat-kampagnetilbud-til-hende","9":"pa_brand-elizabeth-arden","10":"berocket_brand-elizabeth-arden","12":"first","13":"instock","14":"sale","15":"taxable","16":"shipping-taxable","17":"purchasable","18":"product-type-simple"},"_links":{"self":[{"href":"https:\/\/stylingagenten.com\/da\/wp-json\/wp\/v2\/product\/137142","targetHints":{"allow":["GET"]}}],"collection":[{"href":"https:\/\/stylingagenten.com\/da\/wp-json\/wp\/v2\/product"}],"about":[{"href":"https:\/\/stylingagenten.com\/da\/wp-json\/wp\/v2\/types\/product"}],"replies":[{"embeddable":true,"href":"https:\/\/stylingagenten.com\/da\/wp-json\/wp\/v2\/comments?post=137142"}],"version-history":[{"count":0,"href":"https:\/\/stylingagenten.com\/da\/wp-json\/wp\/v2\/product\/137142\/revisions"}],"wp:featuredmedia":[{"embeddable":true,"href":"https:\/\/stylingagenten.com\/da\/wp-json\/wp\/v2\/media\/137137"}],"wp:attachment":[{"href":"https:\/\/stylingagenten.com\/da\/wp-json\/wp\/v2\/media?parent=137142"}],"wp:term":[{"taxonomy":"product_brand","embeddable":true,"href":"https:\/\/stylingagenten.com\/da\/wp-json\/wp\/v2\/product_brand?post=137142"},{"taxonomy":"product_cat","embeddable":true,"href":"https:\/\/stylingagenten.com\/da\/wp-json\/wp\/v2\/product_cat?post=137142"},{"taxonomy":"product_tag","embeddable":true,"href":"https:\/\/stylingagenten.com\/da\/wp-json\/wp\/v2\/product_tag?post=137142"},{"taxonomy":"berocket_brand","embeddable":true,"href":"https:\/\/stylingagenten.com\/da\/wp-json\/wp\/v2\/berocket_brand?post=137142"}],"curies":[{"name":"wp","href":"https:\/\/api.w.org\/{rel}","templated":true}]}}