{"id":137054,"date":"2025-05-18T22:49:25","date_gmt":"2025-05-18T22:49:25","guid":{"rendered":"https:\/\/staging2.stylingagenten.com\/da\/produkt\/cacharel-amor-amor-edt-30ml\/"},"modified":"2026-04-13T17:08:31","modified_gmt":"2026-04-13T17:08:31","slug":"cacharel-amor-amor-edt-30ml","status":"publish","type":"product","link":"https:\/\/stylingagenten.com\/da\/produkt\/cacharel-amor-amor-edt-30ml\/","title":{"rendered":"Cacharel Amor Amor Edt 30ml"},"content":{"rendered":"<p>Cacharel Amor Amor er en passioneret og sensuel parfume, der hylder k\u00e6rligheden. Den er b\u00e5de frugtig og blomstret i en bl\u00f8d harmoni.<\/p>\n<p><strong>Duftnoter:<\/strong> mandarin, solb\u00e6r, liljekonval, hvid moskus &amp; rav.<\/p>\n","protected":false},"excerpt":{"rendered":"<p>Cacharel Amor Amor er en passioneret og sensuel parfume, der hylder k\u00e6rligheden. Den er b\u00e5de frugtig og blomstret i en bl\u00f8d harmoni. Duftnoter: mandarin, solb\u00e6r, liljekonval, hvid moskus &amp; rav.<\/p>\n","protected":false},"featured_media":137052,"comment_status":"open","ping_status":"closed","template":"","meta":{"_trash_the_other_posts":false},"product_brand":[],"product_cat":[707,735,999],"product_tag":[2623],"berocket_brand":[1098],"class_list":{"0":"post-137054","1":"product","2":"type-product","3":"status-publish","4":"has-post-thumbnail","6":"product_cat-eau-de-toilette-dame","7":"product_cat-kampagne","8":"product_cat-kampagnetilbud-til-hende","9":"product_tag-cacharel-amor-amor-edt","10":"pa_brand-cacharel","11":"pa_variant-30ml","12":"berocket_brand-cacharel","14":"first","15":"instock","16":"sale","17":"taxable","18":"shipping-taxable","19":"purchasable","20":"product-type-simple"},"_links":{"self":[{"href":"https:\/\/stylingagenten.com\/da\/wp-json\/wp\/v2\/product\/137054","targetHints":{"allow":["GET"]}}],"collection":[{"href":"https:\/\/stylingagenten.com\/da\/wp-json\/wp\/v2\/product"}],"about":[{"href":"https:\/\/stylingagenten.com\/da\/wp-json\/wp\/v2\/types\/product"}],"replies":[{"embeddable":true,"href":"https:\/\/stylingagenten.com\/da\/wp-json\/wp\/v2\/comments?post=137054"}],"version-history":[{"count":0,"href":"https:\/\/stylingagenten.com\/da\/wp-json\/wp\/v2\/product\/137054\/revisions"}],"wp:featuredmedia":[{"embeddable":true,"href":"https:\/\/stylingagenten.com\/da\/wp-json\/wp\/v2\/media\/137052"}],"wp:attachment":[{"href":"https:\/\/stylingagenten.com\/da\/wp-json\/wp\/v2\/media?parent=137054"}],"wp:term":[{"taxonomy":"product_brand","embeddable":true,"href":"https:\/\/stylingagenten.com\/da\/wp-json\/wp\/v2\/product_brand?post=137054"},{"taxonomy":"product_cat","embeddable":true,"href":"https:\/\/stylingagenten.com\/da\/wp-json\/wp\/v2\/product_cat?post=137054"},{"taxonomy":"product_tag","embeddable":true,"href":"https:\/\/stylingagenten.com\/da\/wp-json\/wp\/v2\/product_tag?post=137054"},{"taxonomy":"berocket_brand","embeddable":true,"href":"https:\/\/stylingagenten.com\/da\/wp-json\/wp\/v2\/berocket_brand?post=137054"}],"curies":[{"name":"wp","href":"https:\/\/api.w.org\/{rel}","templated":true}]}}