{"id":136965,"date":"2025-05-18T22:49:04","date_gmt":"2025-05-18T22:49:04","guid":{"rendered":"https:\/\/staging2.stylingagenten.com\/da\/produkt\/lanvin-eclat-darpege-edp-50ml\/"},"modified":"2026-03-27T07:28:31","modified_gmt":"2026-03-27T07:28:31","slug":"lanvin-eclat-darpege-edp-50ml","status":"publish","type":"product","link":"https:\/\/stylingagenten.com\/da\/produkt\/lanvin-eclat-darpege-edp-50ml\/","title":{"rendered":"Lanvin Eclat d&#8217;Arpege Edp 50ml"},"content":{"rendered":"<p>Lanvin &Eacute;clat d&acute;Arp&egrave;ge &auml; er en delikat, frisk og let duft. Selvom den er spr\u00f8d og frugtig, har duften ogs\u00e5 et bl\u00f8dt og varmt element.<\/p>\n<p>Blomster\/frugt<br \/>Topnoter: Gr\u00f8n syre og citronblad<br \/>Hjertenoter: Bl\u00e5 regn, ferskenblomst, gr\u00f8n te og r\u00f8d p\u00e6on<br \/>Basenoter: Hvid cedertr\u00e6, moskus og ambra<\/p>\n","protected":false},"excerpt":{"rendered":"<p>Lanvin &Eacute;clat d&acute;Arp&egrave;ge &auml; er en delikat, frisk og let duft. Selvom den er spr\u00f8d og frugtig, har duften ogs\u00e5 et bl\u00f8dt og varmt element. Blomster\/frugtTopnoter: Gr\u00f8n syre og citronbladHjertenoter: Bl\u00e5 regn, ferskenblomst, gr\u00f8n te og r\u00f8d p\u00e6onBasenoter: Hvid cedertr\u00e6, moskus og ambra<\/p>\n","protected":false},"featured_media":136960,"comment_status":"open","ping_status":"closed","template":"","meta":{"_trash_the_other_posts":false},"product_brand":[],"product_cat":[706,735,1006,999,946],"product_tag":[3194],"berocket_brand":[1105],"class_list":{"0":"post-136965","1":"product","2":"type-product","3":"status-publish","4":"has-post-thumbnail","6":"product_cat-eau-de-parfum-dame","7":"product_cat-kampagne","8":"product_cat-kampagnepris","9":"product_cat-kampagnetilbud-til-hende","10":"product_cat-lanvin-eclat-darpege","11":"product_tag-lanvin-eclat-darpege-edp","12":"pa_brand-lanvin","13":"pa_variant-50ml","14":"berocket_brand-lanvin","16":"first","17":"instock","18":"sale","19":"taxable","20":"shipping-taxable","21":"purchasable","22":"product-type-simple"},"_links":{"self":[{"href":"https:\/\/stylingagenten.com\/da\/wp-json\/wp\/v2\/product\/136965","targetHints":{"allow":["GET"]}}],"collection":[{"href":"https:\/\/stylingagenten.com\/da\/wp-json\/wp\/v2\/product"}],"about":[{"href":"https:\/\/stylingagenten.com\/da\/wp-json\/wp\/v2\/types\/product"}],"replies":[{"embeddable":true,"href":"https:\/\/stylingagenten.com\/da\/wp-json\/wp\/v2\/comments?post=136965"}],"version-history":[{"count":0,"href":"https:\/\/stylingagenten.com\/da\/wp-json\/wp\/v2\/product\/136965\/revisions"}],"wp:featuredmedia":[{"embeddable":true,"href":"https:\/\/stylingagenten.com\/da\/wp-json\/wp\/v2\/media\/136960"}],"wp:attachment":[{"href":"https:\/\/stylingagenten.com\/da\/wp-json\/wp\/v2\/media?parent=136965"}],"wp:term":[{"taxonomy":"product_brand","embeddable":true,"href":"https:\/\/stylingagenten.com\/da\/wp-json\/wp\/v2\/product_brand?post=136965"},{"taxonomy":"product_cat","embeddable":true,"href":"https:\/\/stylingagenten.com\/da\/wp-json\/wp\/v2\/product_cat?post=136965"},{"taxonomy":"product_tag","embeddable":true,"href":"https:\/\/stylingagenten.com\/da\/wp-json\/wp\/v2\/product_tag?post=136965"},{"taxonomy":"berocket_brand","embeddable":true,"href":"https:\/\/stylingagenten.com\/da\/wp-json\/wp\/v2\/berocket_brand?post=136965"}],"curies":[{"name":"wp","href":"https:\/\/api.w.org\/{rel}","templated":true}]}}