{"id":136943,"date":"2025-05-18T22:48:59","date_gmt":"2025-05-18T22:48:59","guid":{"rendered":"https:\/\/staging2.stylingagenten.com\/da\/produkt\/mont-blanc-femme-individuelle-edt-75ml\/"},"modified":"2026-03-27T09:48:31","modified_gmt":"2026-03-27T09:48:31","slug":"mont-blanc-femme-individuelle-edt-75ml","status":"publish","type":"product","link":"https:\/\/stylingagenten.com\/da\/produkt\/mont-blanc-femme-individuelle-edt-75ml\/","title":{"rendered":"Mont Blanc Femme Individuelle Edt 75ml"},"content":{"rendered":"<p>Efter de to f\u00f8rste duftene til kvinder lancerede Mont Blanc Femme Individuelle.<br \/>Dette er en feminin orientalsk parfume med frugt- og tr\u00e6agtige duftnoter.&nbsp;<\/p>\n<p>Topnoter: St\u00e6rk rose&eacute;peber, sure sorte druer&auml; r<br \/>Hjertenoter: Lotusblomst, hvidtorn, rose<br \/>Basenoter: Orientalsk essens af patchouli, rav, moskus, vanilje<\/p>\n","protected":false},"excerpt":{"rendered":"<p>Efter de to f\u00f8rste duftene til kvinder lancerede Mont Blanc Femme Individuelle.Dette er en feminin orientalsk parfume med frugt- og tr\u00e6agtige duftnoter.&nbsp; Topnoter: St\u00e6rk rose&eacute;peber, sure sorte druer&auml; rHjertenoter: Lotusblomst, hvidtorn, roseBasenoter: Orientalsk essens af patchouli, rav, moskus, vanilje<\/p>\n","protected":false},"featured_media":136937,"comment_status":"open","ping_status":"closed","template":"","meta":{"_trash_the_other_posts":false},"product_brand":[],"product_cat":[707,735,999],"product_tag":[],"berocket_brand":[1079],"class_list":{"0":"post-136943","1":"product","2":"type-product","3":"status-publish","4":"has-post-thumbnail","6":"product_cat-eau-de-toilette-dame","7":"product_cat-kampagne","8":"product_cat-kampagnetilbud-til-hende","9":"pa_brand-mont-blanc","10":"berocket_brand-mont-blanc","12":"first","13":"outofstock","14":"sale","15":"taxable","16":"shipping-taxable","17":"purchasable","18":"product-type-simple"},"_links":{"self":[{"href":"https:\/\/stylingagenten.com\/da\/wp-json\/wp\/v2\/product\/136943","targetHints":{"allow":["GET"]}}],"collection":[{"href":"https:\/\/stylingagenten.com\/da\/wp-json\/wp\/v2\/product"}],"about":[{"href":"https:\/\/stylingagenten.com\/da\/wp-json\/wp\/v2\/types\/product"}],"replies":[{"embeddable":true,"href":"https:\/\/stylingagenten.com\/da\/wp-json\/wp\/v2\/comments?post=136943"}],"version-history":[{"count":0,"href":"https:\/\/stylingagenten.com\/da\/wp-json\/wp\/v2\/product\/136943\/revisions"}],"wp:featuredmedia":[{"embeddable":true,"href":"https:\/\/stylingagenten.com\/da\/wp-json\/wp\/v2\/media\/136937"}],"wp:attachment":[{"href":"https:\/\/stylingagenten.com\/da\/wp-json\/wp\/v2\/media?parent=136943"}],"wp:term":[{"taxonomy":"product_brand","embeddable":true,"href":"https:\/\/stylingagenten.com\/da\/wp-json\/wp\/v2\/product_brand?post=136943"},{"taxonomy":"product_cat","embeddable":true,"href":"https:\/\/stylingagenten.com\/da\/wp-json\/wp\/v2\/product_cat?post=136943"},{"taxonomy":"product_tag","embeddable":true,"href":"https:\/\/stylingagenten.com\/da\/wp-json\/wp\/v2\/product_tag?post=136943"},{"taxonomy":"berocket_brand","embeddable":true,"href":"https:\/\/stylingagenten.com\/da\/wp-json\/wp\/v2\/berocket_brand?post=136943"}],"curies":[{"name":"wp","href":"https:\/\/api.w.org\/{rel}","templated":true}]}}