{"id":136884,"date":"2025-05-18T22:48:45","date_gmt":"2025-05-18T22:48:45","guid":{"rendered":"https:\/\/staging2.stylingagenten.com\/da\/produkt\/jennifer-lopez-blue-glow-edt-100ml\/"},"modified":"2025-11-19T11:10:24","modified_gmt":"2025-11-19T11:10:24","slug":"jennifer-lopez-blue-glow-edt-100ml","status":"publish","type":"product","link":"https:\/\/stylingagenten.com\/da\/produkt\/jennifer-lopez-blue-glow-edt-100ml\/","title":{"rendered":"Jennifer Lopez Blue Glow Edt 100ml"},"content":{"rendered":"<p>Blue Glow Eau de Toilette fra J.LO er en vidunderligt forfriskende duft, der passer til den sensuelle kvinde i kontrol. Saftige topnoter \u00e5bner parfumen, som bliver til et dufthjerte fyldt med dugfriske blomster. I bunden venter en bl\u00f8d og varmende kombination af cedertr\u00e6, sandeltr\u00e6. og tonkab\u00f8nner.<\/p>\n<p>Topnoter: Mangostan, valenciansk appelsin, r\u00f8d drueblomst.<br \/>Hjertenoter: Vild \u00e5kande, glitrende vandnoter, rose, vaniljeorkid\u00e9.<br \/>Basenoter: Cedertr\u00e6; , mahognitr\u00e6, mos, tonkab\u00f8nner fra Venezuela<\/p>\n","protected":false},"excerpt":{"rendered":"<p>Blue Glow Eau de Toilette fra J.LO er en vidunderligt forfriskende duft, der passer til den sensuelle kvinde i kontrol. Saftige topnoter \u00e5bner parfumen, som bliver til et dufthjerte fyldt med dugfriske blomster. I bunden venter en bl\u00f8d og varmende kombination af cedertr\u00e6, sandeltr\u00e6. og tonkab\u00f8nner. Topnoter: Mangostan, valenciansk appelsin, r\u00f8d drueblomst.Hjertenoter: Vild \u00e5kande, glitrende [&hellip;]<\/p>\n","protected":false},"featured_media":136880,"comment_status":"open","ping_status":"closed","template":"","meta":{"_trash_the_other_posts":false},"product_brand":[],"product_cat":[707],"product_tag":[3040],"berocket_brand":[1354],"class_list":{"0":"post-136884","1":"product","2":"type-product","3":"status-publish","4":"has-post-thumbnail","6":"product_cat-eau-de-toilette-dame","7":"product_tag-jennifer-lopez-blue-glow-edt","8":"pa_brand-jennifer-lopez","9":"pa_variant-100ml","10":"berocket_brand-jennifer-lopez","12":"first","13":"outofstock","14":"sale","15":"taxable","16":"shipping-taxable","17":"purchasable","18":"product-type-simple"},"_links":{"self":[{"href":"https:\/\/stylingagenten.com\/da\/wp-json\/wp\/v2\/product\/136884","targetHints":{"allow":["GET"]}}],"collection":[{"href":"https:\/\/stylingagenten.com\/da\/wp-json\/wp\/v2\/product"}],"about":[{"href":"https:\/\/stylingagenten.com\/da\/wp-json\/wp\/v2\/types\/product"}],"replies":[{"embeddable":true,"href":"https:\/\/stylingagenten.com\/da\/wp-json\/wp\/v2\/comments?post=136884"}],"version-history":[{"count":0,"href":"https:\/\/stylingagenten.com\/da\/wp-json\/wp\/v2\/product\/136884\/revisions"}],"wp:featuredmedia":[{"embeddable":true,"href":"https:\/\/stylingagenten.com\/da\/wp-json\/wp\/v2\/media\/136880"}],"wp:attachment":[{"href":"https:\/\/stylingagenten.com\/da\/wp-json\/wp\/v2\/media?parent=136884"}],"wp:term":[{"taxonomy":"product_brand","embeddable":true,"href":"https:\/\/stylingagenten.com\/da\/wp-json\/wp\/v2\/product_brand?post=136884"},{"taxonomy":"product_cat","embeddable":true,"href":"https:\/\/stylingagenten.com\/da\/wp-json\/wp\/v2\/product_cat?post=136884"},{"taxonomy":"product_tag","embeddable":true,"href":"https:\/\/stylingagenten.com\/da\/wp-json\/wp\/v2\/product_tag?post=136884"},{"taxonomy":"berocket_brand","embeddable":true,"href":"https:\/\/stylingagenten.com\/da\/wp-json\/wp\/v2\/berocket_brand?post=136884"}],"curies":[{"name":"wp","href":"https:\/\/api.w.org\/{rel}","templated":true}]}}