{"id":136869,"date":"2025-05-18T22:48:41","date_gmt":"2025-05-18T22:48:41","guid":{"rendered":"https:\/\/staging2.stylingagenten.com\/da\/produkt\/carolina-herrera-good-girl-edp-50ml\/"},"modified":"2026-03-19T13:06:30","modified_gmt":"2026-03-19T13:06:30","slug":"carolina-herrera-good-girl-edp-50ml","status":"publish","type":"product","link":"https:\/\/stylingagenten.com\/da\/produkt\/carolina-herrera-good-girl-edp-50ml\/","title":{"rendered":"Carolina Herrera Good Girl Edp 50ml"},"content":{"rendered":"<p>Good Girl er en sensuel og atmosf\u00e6risk duft til den moderne kvinde. God pige er feminin, sofistikeret og sensuel, men samtidig kraftfuld og selvst\u00e6ndig. Duftens friskhed kommer fra jasmin og tuberose, som g\u00f8r duften bl\u00f8d og feminin. Hertil kommer tonkab\u00f8nne og kakao som leder og som tilsammen bidrager til en elegant og sp\u00e6ndende duft.<\/p>\n<p>Topnoter: Mandel og Kaffe<br \/>Hjertenoter: Tuberose , Iris og Jasmin<br \/>Basenoter : Kakao, vanilje og tonkab\u00f8nner<\/p>\n","protected":false},"excerpt":{"rendered":"<p>Good Girl er en sensuel og atmosf\u00e6risk duft til den moderne kvinde. God pige er feminin, sofistikeret og sensuel, men samtidig kraftfuld og selvst\u00e6ndig. Duftens friskhed kommer fra jasmin og tuberose, som g\u00f8r duften bl\u00f8d og feminin. Hertil kommer tonkab\u00f8nne og kakao som leder og som tilsammen bidrager til en elegant og sp\u00e6ndende duft. Topnoter: [&hellip;]<\/p>\n","protected":false},"featured_media":136865,"comment_status":"open","ping_status":"closed","template":"","meta":{"_trash_the_other_posts":false},"product_brand":[],"product_cat":[706],"product_tag":[2677],"berocket_brand":[1099],"class_list":{"0":"post-136869","1":"product","2":"type-product","3":"status-publish","4":"has-post-thumbnail","6":"product_cat-eau-de-parfum-dame","7":"product_tag-carolina-herrera-good-girl-edp","8":"pa_brand-carolina-herrera","9":"pa_variant-50ml","10":"berocket_brand-carolina-herrera","12":"first","13":"instock","14":"sale","15":"taxable","16":"shipping-taxable","17":"purchasable","18":"product-type-simple"},"_links":{"self":[{"href":"https:\/\/stylingagenten.com\/da\/wp-json\/wp\/v2\/product\/136869","targetHints":{"allow":["GET"]}}],"collection":[{"href":"https:\/\/stylingagenten.com\/da\/wp-json\/wp\/v2\/product"}],"about":[{"href":"https:\/\/stylingagenten.com\/da\/wp-json\/wp\/v2\/types\/product"}],"replies":[{"embeddable":true,"href":"https:\/\/stylingagenten.com\/da\/wp-json\/wp\/v2\/comments?post=136869"}],"version-history":[{"count":0,"href":"https:\/\/stylingagenten.com\/da\/wp-json\/wp\/v2\/product\/136869\/revisions"}],"wp:featuredmedia":[{"embeddable":true,"href":"https:\/\/stylingagenten.com\/da\/wp-json\/wp\/v2\/media\/136865"}],"wp:attachment":[{"href":"https:\/\/stylingagenten.com\/da\/wp-json\/wp\/v2\/media?parent=136869"}],"wp:term":[{"taxonomy":"product_brand","embeddable":true,"href":"https:\/\/stylingagenten.com\/da\/wp-json\/wp\/v2\/product_brand?post=136869"},{"taxonomy":"product_cat","embeddable":true,"href":"https:\/\/stylingagenten.com\/da\/wp-json\/wp\/v2\/product_cat?post=136869"},{"taxonomy":"product_tag","embeddable":true,"href":"https:\/\/stylingagenten.com\/da\/wp-json\/wp\/v2\/product_tag?post=136869"},{"taxonomy":"berocket_brand","embeddable":true,"href":"https:\/\/stylingagenten.com\/da\/wp-json\/wp\/v2\/berocket_brand?post=136869"}],"curies":[{"name":"wp","href":"https:\/\/api.w.org\/{rel}","templated":true}]}}