{"id":136846,"date":"2025-05-18T22:48:34","date_gmt":"2025-05-18T22:48:34","guid":{"rendered":"https:\/\/staging2.stylingagenten.com\/da\/produkt\/cacharel-anais-anais-loriginal-edt-30ml\/"},"modified":"2026-04-06T19:48:44","modified_gmt":"2026-04-06T19:48:44","slug":"cacharel-anais-anais-loriginal-edt-30ml","status":"publish","type":"product","link":"https:\/\/stylingagenten.com\/da\/produkt\/cacharel-anais-anais-loriginal-edt-30ml\/","title":{"rendered":"Cacharel Anais Anais L&#8217;Original Edt 30ml"},"content":{"rendered":"<p>Cacharel Anais Anais L&#039;Original Eau Toilette er en rig, varm, blomsterduft til kvinder.<\/p>\n<p>Topnoter: Hyacint, appelsinblomst, gr\u00f8nne noter<br \/>Hj&auml; Topnoter: jasmin , iris, ylang ylang, rose, hvid lilje, kaprifolier, tuberose og nellike<br \/>Basenoter: sandeltr\u00e6, cedertr\u00e6, vetiverrod, rav og r\u00f8gelse.<\/p>\n","protected":false},"excerpt":{"rendered":"<p>Cacharel Anais Anais L&#039;Original Eau Toilette er en rig, varm, blomsterduft til kvinder. Topnoter: Hyacint, appelsinblomst, gr\u00f8nne noterHj&auml; Topnoter: jasmin , iris, ylang ylang, rose, hvid lilje, kaprifolier, tuberose og nellikeBasenoter: sandeltr\u00e6, cedertr\u00e6, vetiverrod, rav og r\u00f8gelse.<\/p>\n","protected":false},"featured_media":136838,"comment_status":"open","ping_status":"closed","template":"","meta":{"_trash_the_other_posts":false},"product_brand":[],"product_cat":[784,707,735,1006,999],"product_tag":[2624],"berocket_brand":[1098],"class_list":{"0":"post-136846","1":"product","2":"type-product","3":"status-publish","4":"has-post-thumbnail","6":"product_cat-cacharel-anais-anais","7":"product_cat-eau-de-toilette-dame","8":"product_cat-kampagne","9":"product_cat-kampagnepris","10":"product_cat-kampagnetilbud-til-hende","11":"product_tag-cacharel-anais-anais-loriginal-edt","12":"pa_brand-cacharel","13":"pa_variant-30ml","14":"berocket_brand-cacharel","16":"first","17":"instock","18":"sale","19":"taxable","20":"shipping-taxable","21":"purchasable","22":"product-type-simple"},"_links":{"self":[{"href":"https:\/\/stylingagenten.com\/da\/wp-json\/wp\/v2\/product\/136846","targetHints":{"allow":["GET"]}}],"collection":[{"href":"https:\/\/stylingagenten.com\/da\/wp-json\/wp\/v2\/product"}],"about":[{"href":"https:\/\/stylingagenten.com\/da\/wp-json\/wp\/v2\/types\/product"}],"replies":[{"embeddable":true,"href":"https:\/\/stylingagenten.com\/da\/wp-json\/wp\/v2\/comments?post=136846"}],"version-history":[{"count":0,"href":"https:\/\/stylingagenten.com\/da\/wp-json\/wp\/v2\/product\/136846\/revisions"}],"wp:featuredmedia":[{"embeddable":true,"href":"https:\/\/stylingagenten.com\/da\/wp-json\/wp\/v2\/media\/136838"}],"wp:attachment":[{"href":"https:\/\/stylingagenten.com\/da\/wp-json\/wp\/v2\/media?parent=136846"}],"wp:term":[{"taxonomy":"product_brand","embeddable":true,"href":"https:\/\/stylingagenten.com\/da\/wp-json\/wp\/v2\/product_brand?post=136846"},{"taxonomy":"product_cat","embeddable":true,"href":"https:\/\/stylingagenten.com\/da\/wp-json\/wp\/v2\/product_cat?post=136846"},{"taxonomy":"product_tag","embeddable":true,"href":"https:\/\/stylingagenten.com\/da\/wp-json\/wp\/v2\/product_tag?post=136846"},{"taxonomy":"berocket_brand","embeddable":true,"href":"https:\/\/stylingagenten.com\/da\/wp-json\/wp\/v2\/berocket_brand?post=136846"}],"curies":[{"name":"wp","href":"https:\/\/api.w.org\/{rel}","templated":true}]}}