{"id":136743,"date":"2025-05-18T22:48:01","date_gmt":"2025-05-18T22:48:01","guid":{"rendered":"https:\/\/staging2.stylingagenten.com\/da\/produkt\/ariana-grande-ari-edp-100ml\/"},"modified":"2026-04-14T19:28:41","modified_gmt":"2026-04-14T19:28:41","slug":"ariana-grande-ari-edp-100ml","status":"publish","type":"product","link":"https:\/\/stylingagenten.com\/da\/produkt\/ariana-grande-ari-edp-100ml\/","title":{"rendered":"Ariana Grande Ari Edp 100ml"},"content":{"rendered":"<p>Ari af Ariana Grande er en parfume inspireret af sangerens sprudlende og varme personlighed. Denne duft er smuk, sexet og ungdommelig. Ari er Arianas f\u00f8rste parfume og indeholder s\u00f8de, blomsteragtige, friske og tr\u00e6agtige duftnoter.<\/p>\n<p>Topnoter: P\u00e6re, Grapefruit &amp; Hindb\u00e6r<br \/>Hjertenoter: Rosenknopper, Orchid&eacute; &amp; Liljekonval<br \/>Basenoter: Moskus, Marshmallow &amp; Lyst tr\u00e6<\/p>\n","protected":false},"excerpt":{"rendered":"<p>Ari af Ariana Grande er en parfume inspireret af sangerens sprudlende og varme personlighed. Denne duft er smuk, sexet og ungdommelig. Ari er Arianas f\u00f8rste parfume og indeholder s\u00f8de, blomsteragtige, friske og tr\u00e6agtige duftnoter. Topnoter: P\u00e6re, Grapefruit &amp; Hindb\u00e6rHjertenoter: Rosenknopper, Orchid&eacute; &amp; LiljekonvalBasenoter: Moskus, Marshmallow &amp; Lyst tr\u00e6<\/p>\n","protected":false},"featured_media":136740,"comment_status":"open","ping_status":"closed","template":"","meta":{"_trash_the_other_posts":false},"product_brand":[],"product_cat":[1003,706,735,999],"product_tag":[2423],"berocket_brand":[1201],"class_list":{"0":"post-136743","1":"product","2":"type-product","3":"status-publish","4":"has-post-thumbnail","6":"product_cat-bestsellere","7":"product_cat-eau-de-parfum-dame","8":"product_cat-kampagne","9":"product_cat-kampagnetilbud-til-hende","10":"product_tag-ariana-grande-ari-edp","11":"pa_brand-ariana-grande","12":"pa_variant-100ml","13":"berocket_brand-ariana-grande","15":"first","16":"instock","17":"sale","18":"taxable","19":"shipping-taxable","20":"purchasable","21":"product-type-simple"},"_links":{"self":[{"href":"https:\/\/stylingagenten.com\/da\/wp-json\/wp\/v2\/product\/136743","targetHints":{"allow":["GET"]}}],"collection":[{"href":"https:\/\/stylingagenten.com\/da\/wp-json\/wp\/v2\/product"}],"about":[{"href":"https:\/\/stylingagenten.com\/da\/wp-json\/wp\/v2\/types\/product"}],"replies":[{"embeddable":true,"href":"https:\/\/stylingagenten.com\/da\/wp-json\/wp\/v2\/comments?post=136743"}],"version-history":[{"count":0,"href":"https:\/\/stylingagenten.com\/da\/wp-json\/wp\/v2\/product\/136743\/revisions"}],"wp:featuredmedia":[{"embeddable":true,"href":"https:\/\/stylingagenten.com\/da\/wp-json\/wp\/v2\/media\/136740"}],"wp:attachment":[{"href":"https:\/\/stylingagenten.com\/da\/wp-json\/wp\/v2\/media?parent=136743"}],"wp:term":[{"taxonomy":"product_brand","embeddable":true,"href":"https:\/\/stylingagenten.com\/da\/wp-json\/wp\/v2\/product_brand?post=136743"},{"taxonomy":"product_cat","embeddable":true,"href":"https:\/\/stylingagenten.com\/da\/wp-json\/wp\/v2\/product_cat?post=136743"},{"taxonomy":"product_tag","embeddable":true,"href":"https:\/\/stylingagenten.com\/da\/wp-json\/wp\/v2\/product_tag?post=136743"},{"taxonomy":"berocket_brand","embeddable":true,"href":"https:\/\/stylingagenten.com\/da\/wp-json\/wp\/v2\/berocket_brand?post=136743"}],"curies":[{"name":"wp","href":"https:\/\/api.w.org\/{rel}","templated":true}]}}