{"id":136739,"date":"2025-05-18T22:48:00","date_gmt":"2025-05-18T22:48:00","guid":{"rendered":"https:\/\/staging2.stylingagenten.com\/da\/produkt\/ariana-grande-sweet-like-candy-edp-50ml\/"},"modified":"2025-11-19T11:17:14","modified_gmt":"2025-11-19T11:17:14","slug":"ariana-grande-sweet-like-candy-edp-50ml","status":"publish","type":"product","link":"https:\/\/stylingagenten.com\/da\/produkt\/ariana-grande-sweet-like-candy-edp-50ml\/","title":{"rendered":"Ariana Grande Sweet Like Candy Edp 50ml"},"content":{"rendered":"<p>SWEET LIKE CANDY af Ariana Grande viser en ny sexet side af denne popstjernes selvtillid og stil, som er i konstant udvikling. Som en forl\u00e6ngelse af hendes eget personlige udtryk b\u00e6rer hver del af denne dekadente duft Arianas faretruende legende karakter med sukkers\u00f8de, legende indslag gennem hele duftfort\u00e6llingen<\/p>\n<p>En l\u00e6kker eksplosion af kandiserede bromb\u00e6r og saftige italienske bergamot funkler med l\u00e6kker afh\u00e6ngighed , mens cremet kashmirtr\u00e6 i kombination med uds\u00f8gte elementer af lyser\u00f8de blomster vil bringe du vil have mere. Den l\u00e6kre basisnote med en blanding af fl\u00f8jlsbl\u00f8de lag af cr&egrave;e de cassis, fluffy skumfidus og sexet vanilje efterlader et l\u00e6kkert duftspor, der vender hovederne<\/p>\n<p>Topnoter: kandiserede b\u00e6r, bergamot<br \/>hjertenoter: Kashmirtr\u00e6, lyser\u00f8de blomster<br \/>Basenoter: Cr&egrave;me de Cassis, Marshmallow, Vanilje.<\/p>\n","protected":false},"excerpt":{"rendered":"<p>SWEET LIKE CANDY af Ariana Grande viser en ny sexet side af denne popstjernes selvtillid og stil, som er i konstant udvikling. Som en forl\u00e6ngelse af hendes eget personlige udtryk b\u00e6rer hver del af denne dekadente duft Arianas faretruende legende karakter med sukkers\u00f8de, legende indslag gennem hele duftfort\u00e6llingen En l\u00e6kker eksplosion af kandiserede bromb\u00e6r og [&hellip;]<\/p>\n","protected":false},"featured_media":136735,"comment_status":"open","ping_status":"closed","template":"","meta":{"_trash_the_other_posts":false},"product_brand":[],"product_cat":[706,1006],"product_tag":[2428],"berocket_brand":[1201],"class_list":{"0":"post-136739","1":"product","2":"type-product","3":"status-publish","4":"has-post-thumbnail","6":"product_cat-eau-de-parfum-dame","7":"product_cat-kampagnepris","8":"product_tag-ariana-grande-sweet-like-candy-edp","9":"pa_brand-ariana-grande","10":"pa_variant-50ml","11":"berocket_brand-ariana-grande","13":"first","14":"outofstock","15":"sale","16":"taxable","17":"shipping-taxable","18":"purchasable","19":"product-type-simple"},"_links":{"self":[{"href":"https:\/\/stylingagenten.com\/da\/wp-json\/wp\/v2\/product\/136739","targetHints":{"allow":["GET"]}}],"collection":[{"href":"https:\/\/stylingagenten.com\/da\/wp-json\/wp\/v2\/product"}],"about":[{"href":"https:\/\/stylingagenten.com\/da\/wp-json\/wp\/v2\/types\/product"}],"replies":[{"embeddable":true,"href":"https:\/\/stylingagenten.com\/da\/wp-json\/wp\/v2\/comments?post=136739"}],"version-history":[{"count":0,"href":"https:\/\/stylingagenten.com\/da\/wp-json\/wp\/v2\/product\/136739\/revisions"}],"wp:featuredmedia":[{"embeddable":true,"href":"https:\/\/stylingagenten.com\/da\/wp-json\/wp\/v2\/media\/136735"}],"wp:attachment":[{"href":"https:\/\/stylingagenten.com\/da\/wp-json\/wp\/v2\/media?parent=136739"}],"wp:term":[{"taxonomy":"product_brand","embeddable":true,"href":"https:\/\/stylingagenten.com\/da\/wp-json\/wp\/v2\/product_brand?post=136739"},{"taxonomy":"product_cat","embeddable":true,"href":"https:\/\/stylingagenten.com\/da\/wp-json\/wp\/v2\/product_cat?post=136739"},{"taxonomy":"product_tag","embeddable":true,"href":"https:\/\/stylingagenten.com\/da\/wp-json\/wp\/v2\/product_tag?post=136739"},{"taxonomy":"berocket_brand","embeddable":true,"href":"https:\/\/stylingagenten.com\/da\/wp-json\/wp\/v2\/berocket_brand?post=136739"}],"curies":[{"name":"wp","href":"https:\/\/api.w.org\/{rel}","templated":true}]}}